{"id":598,"date":"2024-08-23T10:19:45","date_gmt":"2024-08-23T08:19:45","guid":{"rendered":"https:\/\/axialease.com\/?page_id=598"},"modified":"2024-10-03T10:38:54","modified_gmt":"2024-10-03T08:38:54","slug":"responsabilite-societale-rse","status":"publish","type":"page","link":"https:\/\/axialease.com\/fr\/responsabilite-societale-rse\/","title":{"rendered":"RSE"},"content":{"rendered":"\n<p>Depuis sa cr\u00e9ation, Axialease est engag\u00e9e pour construire un monde plus durable. Cet engagement d\u00e9passe la simple volont\u00e9 de ses dirigeants. Il est inscrit dans l\u2019ADN de l\u2019entreprise et dans sa mission premi\u00e8re de financement des entreprises.&nbsp;<\/p>\n\n\n\n<p><strong>C\u2019est pourquoi chez Axialease :<\/strong><\/p>\n\n\n\n<h2 class=\"wp-block-heading\">La RSE est une affaire d\u2019engagements<\/h2>\n\n\n\n<p>Prendre soin de notre environnement implique d\u2019agir ensemble. La nature des d\u00e9fis comme leur complexit\u00e9 d\u00e9passe les ajustements uniquement personnels. Trouver les solutions n\u00e9cessite la coop\u00e9ration de toutes les parties prenantes. Cela commence par le fait de prendre soin les uns des autres. C\u2019est pour cela que :&nbsp;<\/p>\n\n\n\n<ul class=\"wp-block-list\">\n<li>L\u2019exp\u00e9rience client et sa satisfaction sont des \u00e9l\u00e9ments centraux de notre d\u00e9marche.<\/li>\n\n\n\n<li>En proposant \u00e0 chacun de nos collaborateurs les moyens de s\u2019\u00e9panouir professionnellement et \u00e0 trouver un juste \u00e9quilibre entre vie professionnelle et vie personnelle <a href=\"https:\/\/axialease.com\/fr\/nous-rejoindre\/\">(en savoir plus)<\/a><\/li>\n\n\n\n<li>Nous sommes d\u00e9termin\u00e9s \u00e0 d\u00e9mat\u00e9rialiser tous les processus administratifs.<\/li>\n\n\n\n<li>Nous agissons au quotidien pour r\u00e9duire notre empreinte \u00e9cologique <a href=\"https:\/\/axialease.com\/fr\/responsabilite-societale-rse\/reduire-notre-empreinte\/\">(en savoir plus)<\/a><\/li>\n\n\n\n<li>Nous soumettons \u00e0 l\u2019\u00e9valuation d\u2019un tiers <a href=\"https:\/\/ecovadis.com\/fr\/\">(Ecovadis)<\/a> pour \u00e9valuer nos pratiques afin de nous am\u00e9liorer.<\/li>\n<\/ul>\n\n\n\n<h2 class=\"wp-block-heading\">La RSE est une affaire de moyens<\/h2>\n\n\n\n<p>Si l\u2019action n\u00e9cessite de la d\u00e9termination, elle implique des moyens.&nbsp;<\/p>\n\n\n\n<p>Par sa nature, le leasing est un moyen qui permet d\u2019apporter des r\u00e9ponses concr\u00e8tes aux entreprises pour engager leur transition \u00e9nerg\u00e9tique. La prise en compte du cycle de vie du produit, de sa mise en service, de sa r\u00e9utilisation apr\u00e8s un premier contrat \u00e0 son recyclage en fin de vie sont autant de questions majeures du d\u00e9veloppement durable <a href=\"https:\/\/axialease.com\/fr\/responsabilite-societale-rse\/financer-la-transition-ecologique\/\">(en savoir plus)<\/a><\/p>\n\n\n\n<p>En nouant des partenariats strat\u00e9giques, le leasing est aussi un moyen, un levier pour accompagner des entreprises qui apportent des solutions durables concr\u00e8tes : <a href=\"https:\/\/www.auum.com\/\">Auum<\/a>, <a href=\"https:\/\/www.castalie.com\/\">Castalie<\/a>, <a href=\"https:\/\/welease.fr\/\">Welease <\/a>\u2026<\/p>\n\n\n\n<p>Nous sommes aussi tr\u00e8s attentifs \u00e0 favoriser le d\u00e9veloppement de l\u2019\u00e9conomie circulaire par le r\u00e9emploi des actifs et le recyclage des produits en fin de vie, qui sont valoris\u00e9s dans le cadre de fili\u00e8res de qualit\u00e9 en Europe.<\/p>\n\n\n\n<h2 class=\"wp-block-heading\">La RSE est une affaire d\u2019ambition<\/h2>\n\n\n\n<p>Axialease est porteuse d\u2019une nouvelle ambition en apportant des nouvelles solutions au financement de la transition \u00e9cologique et de la d\u00e9carbonation de notre \u00e9conomie. C\u2019est pour cela qu\u2019en s\u2019appuyant sur son expertise du financement des actifs industriels, nous avons cr\u00e9\u00e9 une nouvelle <a href=\"https:\/\/axialease.com\/fr\/secteurs\/financement-decarbonation\/\">BU \u201cGreentech\u201d<\/a>. Elle est d\u00e9di\u00e9e au financement de la transition \u00e9nerg\u00e9tique pour permettre aux entreprises de faire face et d\u00e9passer leurs nouvelles obligations.<\/p>\n","protected":false},"excerpt":{"rendered":"<p>Depuis sa cr\u00e9ation, Axialease est engag\u00e9e pour construire un monde plus durable. Cet engagement d\u00e9passe la simple volont\u00e9 de ses dirigeants. Il est inscrit dans l\u2019ADN de l\u2019entreprise et dans sa mission premi\u00e8re de financement des entreprises.&nbsp; C\u2019est pourquoi chez Axialease : La RSE est une affaire d\u2019engagements Prendre soin de notre environnement implique d\u2019agir&hellip; <a class=\"more-link\" href=\"https:\/\/axialease.com\/fr\/responsabilite-societale-rse\/\">Poursuivre la lecture <span class=\"screen-reader-text\">RSE<\/span><\/a><\/p>\n","protected":false},"author":2,"featured_media":2534,"parent":0,"menu_order":0,"comment_status":"closed","ping_status":"closed","template":"templates\/category.php","meta":{"footnotes":""},"class_list":["post-598","page","type-page","status-publish","has-post-thumbnail","hentry","entry"],"yoast_head":"<!-- This site is optimized with the Yoast SEO plugin v26.4-RC2 - https:\/\/yoast.com\/wordpress\/plugins\/seo\/ -->\n<title>RSE - Axialease<\/title>\n<meta name=\"description\" content=\"Axialease vous accompagne votre transition \u00e9cologique gr\u00e2ce \u00e0 des solutions de financement innovantes.\" \/>\n<meta name=\"robots\" content=\"index, follow, max-snippet:-1, max-image-preview:large, max-video-preview:-1\" \/>\n<link rel=\"canonical\" href=\"https:\/\/axialease.com\/fr\/responsabilite-societale-rse\/\" \/>\n<meta property=\"og:locale\" content=\"fr_FR\" \/>\n<meta property=\"og:type\" content=\"article\" \/>\n<meta property=\"og:title\" content=\"RSE - Axialease\" \/>\n<meta property=\"og:description\" content=\"Axialease vous accompagne votre transition \u00e9cologique gr\u00e2ce \u00e0 des solutions de financement innovantes.\" \/>\n<meta property=\"og:url\" content=\"https:\/\/axialease.com\/fr\/responsabilite-societale-rse\/\" \/>\n<meta property=\"og:site_name\" content=\"Axialease\" \/>\n<meta property=\"article:modified_time\" content=\"2024-10-03T08:38:54+00:00\" \/>\n<meta property=\"og:image\" content=\"https:\/\/axialease.com\/wp-content\/uploads\/2024\/10\/RSE.png.webp\" \/>\n\t<meta property=\"og:image:width\" content=\"768\" \/>\n\t<meta property=\"og:image:height\" content=\"646\" \/>\n\t<meta property=\"og:image:type\" content=\"image\/webp\" \/>\n<meta name=\"twitter:card\" content=\"summary_large_image\" \/>\n<meta name=\"twitter:label1\" content=\"Dur\u00e9e de lecture estim\u00e9e\" \/>\n\t<meta name=\"twitter:data1\" content=\"2 minutes\" \/>\n<script type=\"application\/ld+json\" class=\"yoast-schema-graph\">{\"@context\":\"https:\/\/schema.org\",\"@graph\":[{\"@type\":\"WebPage\",\"@id\":\"https:\/\/axialease.com\/fr\/responsabilite-societale-rse\/\",\"url\":\"https:\/\/axialease.com\/fr\/responsabilite-societale-rse\/\",\"name\":\"RSE - Axialease\",\"isPartOf\":{\"@id\":\"https:\/\/axialease.com\/fr\/#website\"},\"primaryImageOfPage\":{\"@id\":\"https:\/\/axialease.com\/fr\/responsabilite-societale-rse\/#primaryimage\"},\"image\":{\"@id\":\"https:\/\/axialease.com\/fr\/responsabilite-societale-rse\/#primaryimage\"},\"thumbnailUrl\":\"https:\/\/axialease.com\/wp-content\/uploads\/2024\/10\/RSE.png.webp\",\"datePublished\":\"2024-08-23T08:19:45+00:00\",\"dateModified\":\"2024-10-03T08:38:54+00:00\",\"description\":\"Axialease vous accompagne votre transition \u00e9cologique gr\u00e2ce \u00e0 des solutions de financement innovantes.\",\"breadcrumb\":{\"@id\":\"https:\/\/axialease.com\/fr\/responsabilite-societale-rse\/#breadcrumb\"},\"inLanguage\":\"fr-FR\",\"potentialAction\":[{\"@type\":\"ReadAction\",\"target\":[\"https:\/\/axialease.com\/fr\/responsabilite-societale-rse\/\"]}]},{\"@type\":\"ImageObject\",\"inLanguage\":\"fr-FR\",\"@id\":\"https:\/\/axialease.com\/fr\/responsabilite-societale-rse\/#primaryimage\",\"url\":\"https:\/\/axialease.com\/wp-content\/uploads\/2024\/10\/RSE.png.webp\",\"contentUrl\":\"https:\/\/axialease.com\/wp-content\/uploads\/2024\/10\/RSE.png.webp\",\"width\":768,\"height\":646},{\"@type\":\"BreadcrumbList\",\"@id\":\"https:\/\/axialease.com\/fr\/responsabilite-societale-rse\/#breadcrumb\",\"itemListElement\":[{\"@type\":\"ListItem\",\"position\":1,\"name\":\"Accueil\",\"item\":\"https:\/\/axialease.com\/fr\/\"},{\"@type\":\"ListItem\",\"position\":2,\"name\":\"RSE\"}]},{\"@type\":\"WebSite\",\"@id\":\"https:\/\/axialease.com\/fr\/#website\",\"url\":\"https:\/\/axialease.com\/fr\/\",\"name\":\"Axialease\",\"description\":\"\",\"potentialAction\":[{\"@type\":\"SearchAction\",\"target\":{\"@type\":\"EntryPoint\",\"urlTemplate\":\"https:\/\/axialease.com\/fr\/?s={search_term_string}\"},\"query-input\":{\"@type\":\"PropertyValueSpecification\",\"valueRequired\":true,\"valueName\":\"search_term_string\"}}],\"inLanguage\":\"fr-FR\"}]}<\/script>\n<!-- \/ Yoast SEO plugin. -->","yoast_head_json":{"title":"RSE - Axialease","description":"Axialease vous accompagne votre transition \u00e9cologique gr\u00e2ce \u00e0 des solutions de financement innovantes.","robots":{"index":"index","follow":"follow","max-snippet":"max-snippet:-1","max-image-preview":"max-image-preview:large","max-video-preview":"max-video-preview:-1"},"canonical":"https:\/\/axialease.com\/fr\/responsabilite-societale-rse\/","og_locale":"fr_FR","og_type":"article","og_title":"RSE - Axialease","og_description":"Axialease vous accompagne votre transition \u00e9cologique gr\u00e2ce \u00e0 des solutions de financement innovantes.","og_url":"https:\/\/axialease.com\/fr\/responsabilite-societale-rse\/","og_site_name":"Axialease","article_modified_time":"2024-10-03T08:38:54+00:00","og_image":[{"width":768,"height":646,"url":"https:\/\/axialease.com\/wp-content\/uploads\/2024\/10\/RSE.png.webp","type":"image\/webp"}],"twitter_card":"summary_large_image","twitter_misc":{"Dur\u00e9e de lecture estim\u00e9e":"2 minutes"},"schema":{"@context":"https:\/\/schema.org","@graph":[{"@type":"WebPage","@id":"https:\/\/axialease.com\/fr\/responsabilite-societale-rse\/","url":"https:\/\/axialease.com\/fr\/responsabilite-societale-rse\/","name":"RSE - Axialease","isPartOf":{"@id":"https:\/\/axialease.com\/fr\/#website"},"primaryImageOfPage":{"@id":"https:\/\/axialease.com\/fr\/responsabilite-societale-rse\/#primaryimage"},"image":{"@id":"https:\/\/axialease.com\/fr\/responsabilite-societale-rse\/#primaryimage"},"thumbnailUrl":"https:\/\/axialease.com\/wp-content\/uploads\/2024\/10\/RSE.png.webp","datePublished":"2024-08-23T08:19:45+00:00","dateModified":"2024-10-03T08:38:54+00:00","description":"Axialease vous accompagne votre transition \u00e9cologique gr\u00e2ce \u00e0 des solutions de financement innovantes.","breadcrumb":{"@id":"https:\/\/axialease.com\/fr\/responsabilite-societale-rse\/#breadcrumb"},"inLanguage":"fr-FR","potentialAction":[{"@type":"ReadAction","target":["https:\/\/axialease.com\/fr\/responsabilite-societale-rse\/"]}]},{"@type":"ImageObject","inLanguage":"fr-FR","@id":"https:\/\/axialease.com\/fr\/responsabilite-societale-rse\/#primaryimage","url":"https:\/\/axialease.com\/wp-content\/uploads\/2024\/10\/RSE.png.webp","contentUrl":"https:\/\/axialease.com\/wp-content\/uploads\/2024\/10\/RSE.png.webp","width":768,"height":646},{"@type":"BreadcrumbList","@id":"https:\/\/axialease.com\/fr\/responsabilite-societale-rse\/#breadcrumb","itemListElement":[{"@type":"ListItem","position":1,"name":"Accueil","item":"https:\/\/axialease.com\/fr\/"},{"@type":"ListItem","position":2,"name":"RSE"}]},{"@type":"WebSite","@id":"https:\/\/axialease.com\/fr\/#website","url":"https:\/\/axialease.com\/fr\/","name":"Axialease","description":"","potentialAction":[{"@type":"SearchAction","target":{"@type":"EntryPoint","urlTemplate":"https:\/\/axialease.com\/fr\/?s={search_term_string}"},"query-input":{"@type":"PropertyValueSpecification","valueRequired":true,"valueName":"search_term_string"}}],"inLanguage":"fr-FR"}]}},"_links":{"self":[{"href":"https:\/\/axialease.com\/fr\/wp-json\/wp\/v2\/pages\/598","targetHints":{"allow":["GET"]}}],"collection":[{"href":"https:\/\/axialease.com\/fr\/wp-json\/wp\/v2\/pages"}],"about":[{"href":"https:\/\/axialease.com\/fr\/wp-json\/wp\/v2\/types\/page"}],"author":[{"embeddable":true,"href":"https:\/\/axialease.com\/fr\/wp-json\/wp\/v2\/users\/2"}],"replies":[{"embeddable":true,"href":"https:\/\/axialease.com\/fr\/wp-json\/wp\/v2\/comments?post=598"}],"version-history":[{"count":13,"href":"https:\/\/axialease.com\/fr\/wp-json\/wp\/v2\/pages\/598\/revisions"}],"predecessor-version":[{"id":1959,"href":"https:\/\/axialease.com\/fr\/wp-json\/wp\/v2\/pages\/598\/revisions\/1959"}],"wp:featuredmedia":[{"embeddable":true,"href":"https:\/\/axialease.com\/fr\/wp-json\/wp\/v2\/media\/2534"}],"wp:attachment":[{"href":"https:\/\/axialease.com\/fr\/wp-json\/wp\/v2\/media?parent=598"}],"curies":[{"name":"wp","href":"https:\/\/api.w.org\/{rel}","templated":true}]}}