{"id":576,"date":"2024-08-23T14:32:38","date_gmt":"2024-08-23T12:32:38","guid":{"rendered":"https:\/\/axialease.com\/?page_id=576"},"modified":"2024-10-02T16:04:56","modified_gmt":"2024-10-02T14:04:56","slug":"se-professionnaliser","status":"publish","type":"page","link":"https:\/\/axialease.com\/fr\/nous-rejoindre\/se-professionnaliser\/","title":{"rendered":"Se professionnaliser"},"content":{"rendered":"\n<div class=\"wp-block-columns bloc-page-texte is-layout-flex wp-container-core-columns-is-layout-9d6595d7 wp-block-columns-is-layout-flex\">\n<div class=\"wp-block-column is-layout-flow wp-block-column-is-layout-flow\">\n<h2 class=\"wp-block-heading\">D\u00e9veloppement des comp\u00e9tences<\/h2>\n\n\n\n<p>Axialease a \u00e0 c\u0153ur d\u2019\u00eatre un acteur impliqu\u00e9 dans le d\u00e9veloppement professionnel de ses collaborateurs. La formation constitue un axe prioritaire dans sa politique RH.<\/p>\n\n\n\n<ul class=\"wp-block-list\">\n<li>Plan de formation annuel<\/li>\n\n\n\n<li>Politique de suivi\n<ul class=\"wp-block-list\">\n<li>1) EAP : entretien annuel de performance, avec le manager<\/li>\n\n\n\n<li>2) EPI : entretien annuel professionnel, avec le service RH<\/li>\n\n\n\n<li>3) EPB : entretien professionnel de bilan, tous les 6 ans, avec le service RH<\/li>\n<\/ul>\n<\/li>\n\n\n\n<li>Formation hors plan : intra\/inter<\/li>\n<\/ul>\n\n\n\n<p>En 2025, Axialease souhaite d\u00e9velopper ses offres de formations professionnelles dans tout domaine confondu. L\u2019objectif est de s\u2019appuyer sur des dispositifs tels que les actions collectives, sur la mise en place d\u2019une Gestion des Emplois et des Parcours Professionnels (GEPP) qui mettra en exergue les postes n\u00e9cessitant un accompagnement sp\u00e9cifique et les trajectoires inh\u00e9rentes aux \u00e9volutions de carri\u00e8re.<\/p>\n\n\n\n<h2 class=\"wp-block-heading\">Se professionnaliser : alternance et stage<\/h2>\n\n\n\n<p>Chez Axialease, nous sommes convaincus qu\u2019une tr\u00e8s grande partie des comp\u00e9tences s\u2019acquiert par l\u2019exp\u00e9rience concr\u00e8te du travail. Depuis notre cr\u00e9ation, nous avons aussi pu exp\u00e9rimenter le fait que donner sa chance \u00e0 chacun peut devenir une opportunit\u00e9 pour l\u2019entreprise.<\/p>\n\n\n\n<p>C\u2019est pour cette raison que nous nous engageons \u00e0 promouvoir la professionnalisation en accueillant des stagiaires et des alternants (contrat de professionnalisation, d\u2019apprentissage ou de stage). Ainsi, nous contribuons \u00e0 l\u2019insertion professionnelle des jeunes.<\/p>\n\n\n\n<p>Un processus de recrutement sp\u00e9cifique ainsi qu\u2019un suivi adapt\u00e9 ont \u00e9t\u00e9 mis en place afin d\u2019assurer une mont\u00e9e en comp\u00e9tence des stagiaires et\/ou alternants.<\/p>\n\n\n\n<ul class=\"wp-block-list\">\n<li>D\u00e9finition de la fiche de poste et des missions<\/li>\n\n\n\n<li>Attribution d\u2019un tuteur<\/li>\n\n\n\n<li>Formation du tuteur<\/li>\n\n\n\n<li>Prise de contact avec les \u00e9coles et mise en ligne d\u2019une annonce<\/li>\n\n\n\n<li>S\u00e9lection des candidats en favorisant l\u2019\u00e9galit\u00e9 des chances<\/li>\n\n\n\n<li>Suivi hebdomadaire par le tuteur<\/li>\n<\/ul>\n\n\n\n<p>Si l\u2019exp\u00e9rience de professionnalisation est r\u00e9ussie et que le contexte organisationnel permet la transformation d\u2019un contrat en CDI, une proposition d\u2019embauche sera faite.<\/p>\n<\/div>\n<\/div>\n","protected":false},"excerpt":{"rendered":"<p>D\u00e9veloppement des comp\u00e9tences Axialease a \u00e0 c\u0153ur d\u2019\u00eatre un acteur impliqu\u00e9 dans le d\u00e9veloppement professionnel de ses collaborateurs. La formation constitue un axe prioritaire dans sa politique RH. En 2025, Axialease souhaite d\u00e9velopper ses offres de formations professionnelles dans tout domaine confondu. L\u2019objectif est de s\u2019appuyer sur des dispositifs tels que les actions collectives, sur&hellip; <a class=\"more-link\" href=\"https:\/\/axialease.com\/fr\/nous-rejoindre\/se-professionnaliser\/\">Poursuivre la lecture <span class=\"screen-reader-text\">Se professionnaliser<\/span><\/a><\/p>\n","protected":false},"author":2,"featured_media":2256,"parent":600,"menu_order":0,"comment_status":"closed","ping_status":"closed","template":"templates\/page-modele.php","meta":{"footnotes":""},"class_list":["post-576","page","type-page","status-publish","has-post-thumbnail","hentry","entry"],"yoast_head":"<!-- This site is optimized with the Yoast SEO plugin v26.4-RC2 - https:\/\/yoast.com\/wordpress\/plugins\/seo\/ -->\n<title>Se professionnaliser - Axialease<\/title>\n<meta name=\"description\" content=\"D\u00e9couvrez l&#039;engagement d&#039;Axialease pour permettre \u00e0 chacun d&#039;acqu\u00e9rir de se professionaliser.\" \/>\n<meta name=\"robots\" content=\"index, follow, max-snippet:-1, max-image-preview:large, max-video-preview:-1\" \/>\n<link rel=\"canonical\" href=\"https:\/\/axialease.com\/fr\/nous-rejoindre\/se-professionnaliser\/\" \/>\n<meta property=\"og:locale\" content=\"fr_FR\" \/>\n<meta property=\"og:type\" content=\"article\" \/>\n<meta property=\"og:title\" content=\"Se professionnaliser - Axialease\" \/>\n<meta property=\"og:description\" content=\"D\u00e9couvrez l&#039;engagement d&#039;Axialease pour permettre \u00e0 chacun d&#039;acqu\u00e9rir de se professionaliser.\" \/>\n<meta property=\"og:url\" content=\"https:\/\/axialease.com\/fr\/nous-rejoindre\/se-professionnaliser\/\" \/>\n<meta property=\"og:site_name\" content=\"Axialease\" \/>\n<meta property=\"article:modified_time\" content=\"2024-10-02T14:04:56+00:00\" \/>\n<meta property=\"og:image\" content=\"https:\/\/axialease.com\/wp-content\/uploads\/2024\/10\/Se-professionnaliser-scaled.jpeg\" \/>\n\t<meta property=\"og:image:width\" content=\"2560\" \/>\n\t<meta property=\"og:image:height\" content=\"1700\" \/>\n\t<meta property=\"og:image:type\" content=\"image\/jpeg\" \/>\n<meta name=\"twitter:card\" content=\"summary_large_image\" \/>\n<meta name=\"twitter:label1\" content=\"Dur\u00e9e de lecture estim\u00e9e\" \/>\n\t<meta name=\"twitter:data1\" content=\"2 minutes\" \/>\n<script type=\"application\/ld+json\" class=\"yoast-schema-graph\">{\"@context\":\"https:\/\/schema.org\",\"@graph\":[{\"@type\":\"WebPage\",\"@id\":\"https:\/\/axialease.com\/fr\/nous-rejoindre\/se-professionnaliser\/\",\"url\":\"https:\/\/axialease.com\/fr\/nous-rejoindre\/se-professionnaliser\/\",\"name\":\"Se professionnaliser - Axialease\",\"isPartOf\":{\"@id\":\"https:\/\/axialease.com\/fr\/#website\"},\"primaryImageOfPage\":{\"@id\":\"https:\/\/axialease.com\/fr\/nous-rejoindre\/se-professionnaliser\/#primaryimage\"},\"image\":{\"@id\":\"https:\/\/axialease.com\/fr\/nous-rejoindre\/se-professionnaliser\/#primaryimage\"},\"thumbnailUrl\":\"https:\/\/axialease.com\/wp-content\/uploads\/2024\/10\/Se-professionnaliser-scaled.jpeg\",\"datePublished\":\"2024-08-23T12:32:38+00:00\",\"dateModified\":\"2024-10-02T14:04:56+00:00\",\"description\":\"D\u00e9couvrez l'engagement d'Axialease pour permettre \u00e0 chacun d'acqu\u00e9rir de se professionaliser.\",\"breadcrumb\":{\"@id\":\"https:\/\/axialease.com\/fr\/nous-rejoindre\/se-professionnaliser\/#breadcrumb\"},\"inLanguage\":\"fr-FR\",\"potentialAction\":[{\"@type\":\"ReadAction\",\"target\":[\"https:\/\/axialease.com\/fr\/nous-rejoindre\/se-professionnaliser\/\"]}]},{\"@type\":\"ImageObject\",\"inLanguage\":\"fr-FR\",\"@id\":\"https:\/\/axialease.com\/fr\/nous-rejoindre\/se-professionnaliser\/#primaryimage\",\"url\":\"https:\/\/axialease.com\/wp-content\/uploads\/2024\/10\/Se-professionnaliser-scaled.jpeg\",\"contentUrl\":\"https:\/\/axialease.com\/wp-content\/uploads\/2024\/10\/Se-professionnaliser-scaled.jpeg\",\"width\":2560,\"height\":1700},{\"@type\":\"BreadcrumbList\",\"@id\":\"https:\/\/axialease.com\/fr\/nous-rejoindre\/se-professionnaliser\/#breadcrumb\",\"itemListElement\":[{\"@type\":\"ListItem\",\"position\":1,\"name\":\"Accueil\",\"item\":\"https:\/\/axialease.com\/fr\/\"},{\"@type\":\"ListItem\",\"position\":2,\"name\":\"Nous rejoindre\",\"item\":\"https:\/\/axialease.com\/fr\/nous-rejoindre\/\"},{\"@type\":\"ListItem\",\"position\":3,\"name\":\"Se professionnaliser\"}]},{\"@type\":\"WebSite\",\"@id\":\"https:\/\/axialease.com\/fr\/#website\",\"url\":\"https:\/\/axialease.com\/fr\/\",\"name\":\"Axialease\",\"description\":\"\",\"potentialAction\":[{\"@type\":\"SearchAction\",\"target\":{\"@type\":\"EntryPoint\",\"urlTemplate\":\"https:\/\/axialease.com\/fr\/?s={search_term_string}\"},\"query-input\":{\"@type\":\"PropertyValueSpecification\",\"valueRequired\":true,\"valueName\":\"search_term_string\"}}],\"inLanguage\":\"fr-FR\"}]}<\/script>\n<!-- \/ Yoast SEO plugin. -->","yoast_head_json":{"title":"Se professionnaliser - Axialease","description":"D\u00e9couvrez l'engagement d'Axialease pour permettre \u00e0 chacun d'acqu\u00e9rir de se professionaliser.","robots":{"index":"index","follow":"follow","max-snippet":"max-snippet:-1","max-image-preview":"max-image-preview:large","max-video-preview":"max-video-preview:-1"},"canonical":"https:\/\/axialease.com\/fr\/nous-rejoindre\/se-professionnaliser\/","og_locale":"fr_FR","og_type":"article","og_title":"Se professionnaliser - Axialease","og_description":"D\u00e9couvrez l'engagement d'Axialease pour permettre \u00e0 chacun d'acqu\u00e9rir de se professionaliser.","og_url":"https:\/\/axialease.com\/fr\/nous-rejoindre\/se-professionnaliser\/","og_site_name":"Axialease","article_modified_time":"2024-10-02T14:04:56+00:00","og_image":[{"width":2560,"height":1700,"url":"https:\/\/axialease.com\/wp-content\/uploads\/2024\/10\/Se-professionnaliser-scaled.jpeg","type":"image\/jpeg"}],"twitter_card":"summary_large_image","twitter_misc":{"Dur\u00e9e de lecture estim\u00e9e":"2 minutes"},"schema":{"@context":"https:\/\/schema.org","@graph":[{"@type":"WebPage","@id":"https:\/\/axialease.com\/fr\/nous-rejoindre\/se-professionnaliser\/","url":"https:\/\/axialease.com\/fr\/nous-rejoindre\/se-professionnaliser\/","name":"Se professionnaliser - Axialease","isPartOf":{"@id":"https:\/\/axialease.com\/fr\/#website"},"primaryImageOfPage":{"@id":"https:\/\/axialease.com\/fr\/nous-rejoindre\/se-professionnaliser\/#primaryimage"},"image":{"@id":"https:\/\/axialease.com\/fr\/nous-rejoindre\/se-professionnaliser\/#primaryimage"},"thumbnailUrl":"https:\/\/axialease.com\/wp-content\/uploads\/2024\/10\/Se-professionnaliser-scaled.jpeg","datePublished":"2024-08-23T12:32:38+00:00","dateModified":"2024-10-02T14:04:56+00:00","description":"D\u00e9couvrez l'engagement d'Axialease pour permettre \u00e0 chacun d'acqu\u00e9rir de se professionaliser.","breadcrumb":{"@id":"https:\/\/axialease.com\/fr\/nous-rejoindre\/se-professionnaliser\/#breadcrumb"},"inLanguage":"fr-FR","potentialAction":[{"@type":"ReadAction","target":["https:\/\/axialease.com\/fr\/nous-rejoindre\/se-professionnaliser\/"]}]},{"@type":"ImageObject","inLanguage":"fr-FR","@id":"https:\/\/axialease.com\/fr\/nous-rejoindre\/se-professionnaliser\/#primaryimage","url":"https:\/\/axialease.com\/wp-content\/uploads\/2024\/10\/Se-professionnaliser-scaled.jpeg","contentUrl":"https:\/\/axialease.com\/wp-content\/uploads\/2024\/10\/Se-professionnaliser-scaled.jpeg","width":2560,"height":1700},{"@type":"BreadcrumbList","@id":"https:\/\/axialease.com\/fr\/nous-rejoindre\/se-professionnaliser\/#breadcrumb","itemListElement":[{"@type":"ListItem","position":1,"name":"Accueil","item":"https:\/\/axialease.com\/fr\/"},{"@type":"ListItem","position":2,"name":"Nous rejoindre","item":"https:\/\/axialease.com\/fr\/nous-rejoindre\/"},{"@type":"ListItem","position":3,"name":"Se professionnaliser"}]},{"@type":"WebSite","@id":"https:\/\/axialease.com\/fr\/#website","url":"https:\/\/axialease.com\/fr\/","name":"Axialease","description":"","potentialAction":[{"@type":"SearchAction","target":{"@type":"EntryPoint","urlTemplate":"https:\/\/axialease.com\/fr\/?s={search_term_string}"},"query-input":{"@type":"PropertyValueSpecification","valueRequired":true,"valueName":"search_term_string"}}],"inLanguage":"fr-FR"}]}},"_links":{"self":[{"href":"https:\/\/axialease.com\/fr\/wp-json\/wp\/v2\/pages\/576","targetHints":{"allow":["GET"]}}],"collection":[{"href":"https:\/\/axialease.com\/fr\/wp-json\/wp\/v2\/pages"}],"about":[{"href":"https:\/\/axialease.com\/fr\/wp-json\/wp\/v2\/types\/page"}],"author":[{"embeddable":true,"href":"https:\/\/axialease.com\/fr\/wp-json\/wp\/v2\/users\/2"}],"replies":[{"embeddable":true,"href":"https:\/\/axialease.com\/fr\/wp-json\/wp\/v2\/comments?post=576"}],"version-history":[{"count":6,"href":"https:\/\/axialease.com\/fr\/wp-json\/wp\/v2\/pages\/576\/revisions"}],"predecessor-version":[{"id":2505,"href":"https:\/\/axialease.com\/fr\/wp-json\/wp\/v2\/pages\/576\/revisions\/2505"}],"up":[{"embeddable":true,"href":"https:\/\/axialease.com\/fr\/wp-json\/wp\/v2\/pages\/600"}],"wp:featuredmedia":[{"embeddable":true,"href":"https:\/\/axialease.com\/fr\/wp-json\/wp\/v2\/media\/2256"}],"wp:attachment":[{"href":"https:\/\/axialease.com\/fr\/wp-json\/wp\/v2\/media?parent=576"}],"curies":[{"name":"wp","href":"https:\/\/api.w.org\/{rel}","templated":true}]}}