{"id":574,"date":"2024-08-23T14:48:40","date_gmt":"2024-08-23T12:48:40","guid":{"rendered":"https:\/\/axialease.com\/?page_id=574"},"modified":"2024-10-01T02:31:22","modified_gmt":"2024-10-01T00:31:22","slug":"processus-de-recrutement-et-dintegration","status":"publish","type":"page","link":"https:\/\/axialease.com\/fr\/nous-rejoindre\/processus-de-recrutement-et-dintegration\/","title":{"rendered":"Recrutement et int\u00e9gration"},"content":{"rendered":"\n<div class=\"wp-block-columns bloc-page-texte is-layout-flex wp-container-core-columns-is-layout-9d6595d7 wp-block-columns-is-layout-flex\">\n<div class=\"wp-block-column is-layout-flow wp-block-column-is-layout-flow\">\n<p>Le recrutement est un moment cl\u00e9 de la vie de l\u2019entreprise et des futurs salari\u00e9s. Par des \u00e9changes et \u00e9valuations r\u00e9ciproques, il s\u2019agit de s\u2019assurer :<\/p>\n\n\n\n<ul class=\"wp-block-list\">\n<li>pour le ou la salari\u00e9(e), de trouver le poste qui lui permettra de s\u2019\u00e9panouir personnellement et professionnellement,<\/li>\n\n\n\n<li>pour l\u2019entreprise, de recruter le candidat qui l\u2019aidera \u00e0 grandir.<\/li>\n<\/ul>\n\n\n\n<p>Recruter, c\u2019est choisir.<\/p>\n\n\n\n<p>Mais, il est primordial pour nous de pr\u00e9venir toute forme de discrimination.<\/p>\n\n\n\n<p>C\u2019est le moyen de s\u2019assurer une diversit\u00e9 des profils de l\u2019entreprise, condition sine qua non pour permettre \u00e0 Axialease de disposer de l\u2019agilit\u00e9 n\u00e9cessaire pour innover et offrir le meilleur service possible \u00e0 nos clients.<\/p>\n\n\n\n<p>C\u2019est pour cela que tout recrutement suit un processus rigoureux et fait appel \u00e0 des regards crois\u00e9s.<\/p>\n\n\n\n<h2 class=\"wp-block-heading\">Le processus de recrutement<\/h2>\n\n\n\n<ol class=\"wp-block-list\">\n<li>Analyse des candidatures re\u00e7ues<\/li>\n\n\n\n<li>Prise de contact t\u00e9l\u00e9phonique avec le charg\u00e9 RH<\/li>\n\n\n\n<li>Un premier entretien (par Teams) a lieu avec le charg\u00e9 RH ou la RRH<\/li>\n\n\n\n<li>Un second entretien (sur site, en pr\u00e9sentiel) a lieu avec le manager<\/li>\n\n\n\n<li>Un dernier entretien peut \u00e9ventuellement \u00eatre propos\u00e9 avec la direction<\/li>\n<\/ol>\n\n\n\n<p>\u00c0 chaque \u00e9tape, le candidat est inform\u00e9 de la d\u00e9cision prise :<\/p>\n\n\n\n<ul class=\"wp-block-list\">\n<li>soit que sa candidature n\u2019est pas retenue,<\/li>\n\n\n\n<li>soit que nous souhaitons convenir d\u2019un entretien suivant,<\/li>\n\n\n\n<li>soit que nous souhaitons qu\u2019il rejoigne nos \u00e9quipes. Une proposition d\u2019embauche est alors r\u00e9alis\u00e9e par t\u00e9l\u00e9phone, puis une promesse d\u2019embauche envoy\u00e9e par mail, par le service RH.<\/li>\n<\/ul>\n\n\n\n<p>La cooptation est un levier de recrutement important chez Axialease.<br><\/p>\n\n\n\n<h2 class=\"wp-block-heading\">Le processus d\u2019int\u00e9gration<\/h2>\n\n\n\n<p>Une fois le recrutement finalis\u00e9, l\u2019aventure Axialease commence !<\/p>\n\n\n\n<p>Pour permettre une prise de fonctions la plus rapide et efficace possible, nous avons mis en place un processus d\u2019int\u00e9gration.<\/p>\n\n\n\n<p><strong>Par le service RH<\/strong><\/p>\n\n\n\n<ul class=\"wp-block-list\">\n<li>accueil du candidat le 1<sup>er<\/sup> jour,<\/li>\n\n\n\n<li>remise du welcome pack et de la pochette d\u2019int\u00e9gration,<\/li>\n\n\n\n<li>pr\u00e9sentation et remise du livret d\u2019accueil digitalis\u00e9,<\/li>\n\n\n\n<li>suivi d\u2019int\u00e9gration les trois premiers mois.<\/li>\n<\/ul>\n\n\n\n<p><strong>Par le manager<\/strong><\/p>\n\n\n\n<ul class=\"wp-block-list\">\n<li>pr\u00e9sentation de l\u2019\u00e9quipe et de chaque service cl\u00e9 de l\u2019entreprise,<\/li>\n\n\n\n<li>organisation du planning de la semaine d\u2019int\u00e9gration et d\u00e9finition des premiers objectifs pour permettre une mont\u00e9e en comp\u00e9tence rapide,<\/li>\n\n\n\n<li>organisation d\u2019un d\u00e9jeuner d\u2019\u00e9quipe.<\/li>\n<\/ul>\n<\/div>\n<\/div>\n","protected":false},"excerpt":{"rendered":"<p>Le recrutement est un moment cl\u00e9 de la vie de l\u2019entreprise et des futurs salari\u00e9s. Par des \u00e9changes et \u00e9valuations r\u00e9ciproques, il s\u2019agit de s\u2019assurer : Recruter, c\u2019est choisir. Mais, il est primordial pour nous de pr\u00e9venir toute forme de discrimination. C\u2019est le moyen de s\u2019assurer une diversit\u00e9 des profils de l\u2019entreprise, condition sine qua&hellip; <a class=\"more-link\" href=\"https:\/\/axialease.com\/fr\/nous-rejoindre\/processus-de-recrutement-et-dintegration\/\">Poursuivre la lecture <span class=\"screen-reader-text\">Recrutement et int\u00e9gration<\/span><\/a><\/p>\n","protected":false},"author":2,"featured_media":2254,"parent":600,"menu_order":0,"comment_status":"closed","ping_status":"closed","template":"templates\/page-modele.php","meta":{"footnotes":""},"class_list":["post-574","page","type-page","status-publish","has-post-thumbnail","hentry","entry"],"yoast_head":"<!-- This site is optimized with the Yoast SEO plugin v26.4-RC2 - https:\/\/yoast.com\/wordpress\/plugins\/seo\/ -->\n<title>Recrutement et int\u00e9gration - Axialease<\/title>\n<meta name=\"description\" content=\"Axialease : D\u00e9couvrez les processus de recrutement et d&#039;int\u00e9gration pour vous rejoindre une entreprise qui change la donne.\" \/>\n<meta name=\"robots\" content=\"index, follow, max-snippet:-1, max-image-preview:large, max-video-preview:-1\" \/>\n<link rel=\"canonical\" href=\"https:\/\/axialease.com\/fr\/nous-rejoindre\/processus-de-recrutement-et-dintegration\/\" \/>\n<meta property=\"og:locale\" content=\"fr_FR\" \/>\n<meta property=\"og:type\" content=\"article\" \/>\n<meta property=\"og:title\" content=\"Recrutement et int\u00e9gration - Axialease\" \/>\n<meta property=\"og:description\" content=\"Axialease : D\u00e9couvrez les processus de recrutement et d&#039;int\u00e9gration pour vous rejoindre une entreprise qui change la donne.\" \/>\n<meta property=\"og:url\" content=\"https:\/\/axialease.com\/fr\/nous-rejoindre\/processus-de-recrutement-et-dintegration\/\" \/>\n<meta property=\"og:site_name\" content=\"Axialease\" \/>\n<meta property=\"article:modified_time\" content=\"2024-10-01T00:31:22+00:00\" \/>\n<meta property=\"og:image\" content=\"https:\/\/axialease.com\/wp-content\/uploads\/2024\/10\/Recrutement-integration-scaled.jpeg\" \/>\n\t<meta property=\"og:image:width\" content=\"2560\" \/>\n\t<meta property=\"og:image:height\" content=\"1706\" \/>\n\t<meta property=\"og:image:type\" content=\"image\/jpeg\" \/>\n<meta name=\"twitter:card\" content=\"summary_large_image\" \/>\n<meta name=\"twitter:label1\" content=\"Dur\u00e9e de lecture estim\u00e9e\" \/>\n\t<meta name=\"twitter:data1\" content=\"2 minutes\" \/>\n<script type=\"application\/ld+json\" class=\"yoast-schema-graph\">{\"@context\":\"https:\/\/schema.org\",\"@graph\":[{\"@type\":\"WebPage\",\"@id\":\"https:\/\/axialease.com\/fr\/nous-rejoindre\/processus-de-recrutement-et-dintegration\/\",\"url\":\"https:\/\/axialease.com\/fr\/nous-rejoindre\/processus-de-recrutement-et-dintegration\/\",\"name\":\"Recrutement et int\u00e9gration - Axialease\",\"isPartOf\":{\"@id\":\"https:\/\/axialease.com\/fr\/#website\"},\"primaryImageOfPage\":{\"@id\":\"https:\/\/axialease.com\/fr\/nous-rejoindre\/processus-de-recrutement-et-dintegration\/#primaryimage\"},\"image\":{\"@id\":\"https:\/\/axialease.com\/fr\/nous-rejoindre\/processus-de-recrutement-et-dintegration\/#primaryimage\"},\"thumbnailUrl\":\"https:\/\/axialease.com\/wp-content\/uploads\/2024\/10\/Recrutement-integration-scaled.jpeg\",\"datePublished\":\"2024-08-23T12:48:40+00:00\",\"dateModified\":\"2024-10-01T00:31:22+00:00\",\"description\":\"Axialease : D\u00e9couvrez les processus de recrutement et d'int\u00e9gration pour vous rejoindre une entreprise qui change la donne.\",\"breadcrumb\":{\"@id\":\"https:\/\/axialease.com\/fr\/nous-rejoindre\/processus-de-recrutement-et-dintegration\/#breadcrumb\"},\"inLanguage\":\"fr-FR\",\"potentialAction\":[{\"@type\":\"ReadAction\",\"target\":[\"https:\/\/axialease.com\/fr\/nous-rejoindre\/processus-de-recrutement-et-dintegration\/\"]}]},{\"@type\":\"ImageObject\",\"inLanguage\":\"fr-FR\",\"@id\":\"https:\/\/axialease.com\/fr\/nous-rejoindre\/processus-de-recrutement-et-dintegration\/#primaryimage\",\"url\":\"https:\/\/axialease.com\/wp-content\/uploads\/2024\/10\/Recrutement-integration-scaled.jpeg\",\"contentUrl\":\"https:\/\/axialease.com\/wp-content\/uploads\/2024\/10\/Recrutement-integration-scaled.jpeg\",\"width\":2560,\"height\":1706},{\"@type\":\"BreadcrumbList\",\"@id\":\"https:\/\/axialease.com\/fr\/nous-rejoindre\/processus-de-recrutement-et-dintegration\/#breadcrumb\",\"itemListElement\":[{\"@type\":\"ListItem\",\"position\":1,\"name\":\"Accueil\",\"item\":\"https:\/\/axialease.com\/fr\/\"},{\"@type\":\"ListItem\",\"position\":2,\"name\":\"Nous rejoindre\",\"item\":\"https:\/\/axialease.com\/fr\/nous-rejoindre\/\"},{\"@type\":\"ListItem\",\"position\":3,\"name\":\"Recrutement et int\u00e9gration\"}]},{\"@type\":\"WebSite\",\"@id\":\"https:\/\/axialease.com\/fr\/#website\",\"url\":\"https:\/\/axialease.com\/fr\/\",\"name\":\"Axialease\",\"description\":\"\",\"potentialAction\":[{\"@type\":\"SearchAction\",\"target\":{\"@type\":\"EntryPoint\",\"urlTemplate\":\"https:\/\/axialease.com\/fr\/?s={search_term_string}\"},\"query-input\":{\"@type\":\"PropertyValueSpecification\",\"valueRequired\":true,\"valueName\":\"search_term_string\"}}],\"inLanguage\":\"fr-FR\"}]}<\/script>\n<!-- \/ Yoast SEO plugin. -->","yoast_head_json":{"title":"Recrutement et int\u00e9gration - Axialease","description":"Axialease : D\u00e9couvrez les processus de recrutement et d'int\u00e9gration pour vous rejoindre une entreprise qui change la donne.","robots":{"index":"index","follow":"follow","max-snippet":"max-snippet:-1","max-image-preview":"max-image-preview:large","max-video-preview":"max-video-preview:-1"},"canonical":"https:\/\/axialease.com\/fr\/nous-rejoindre\/processus-de-recrutement-et-dintegration\/","og_locale":"fr_FR","og_type":"article","og_title":"Recrutement et int\u00e9gration - Axialease","og_description":"Axialease : D\u00e9couvrez les processus de recrutement et d'int\u00e9gration pour vous rejoindre une entreprise qui change la donne.","og_url":"https:\/\/axialease.com\/fr\/nous-rejoindre\/processus-de-recrutement-et-dintegration\/","og_site_name":"Axialease","article_modified_time":"2024-10-01T00:31:22+00:00","og_image":[{"width":2560,"height":1706,"url":"https:\/\/axialease.com\/wp-content\/uploads\/2024\/10\/Recrutement-integration-scaled.jpeg","type":"image\/jpeg"}],"twitter_card":"summary_large_image","twitter_misc":{"Dur\u00e9e de lecture estim\u00e9e":"2 minutes"},"schema":{"@context":"https:\/\/schema.org","@graph":[{"@type":"WebPage","@id":"https:\/\/axialease.com\/fr\/nous-rejoindre\/processus-de-recrutement-et-dintegration\/","url":"https:\/\/axialease.com\/fr\/nous-rejoindre\/processus-de-recrutement-et-dintegration\/","name":"Recrutement et int\u00e9gration - Axialease","isPartOf":{"@id":"https:\/\/axialease.com\/fr\/#website"},"primaryImageOfPage":{"@id":"https:\/\/axialease.com\/fr\/nous-rejoindre\/processus-de-recrutement-et-dintegration\/#primaryimage"},"image":{"@id":"https:\/\/axialease.com\/fr\/nous-rejoindre\/processus-de-recrutement-et-dintegration\/#primaryimage"},"thumbnailUrl":"https:\/\/axialease.com\/wp-content\/uploads\/2024\/10\/Recrutement-integration-scaled.jpeg","datePublished":"2024-08-23T12:48:40+00:00","dateModified":"2024-10-01T00:31:22+00:00","description":"Axialease : D\u00e9couvrez les processus de recrutement et d'int\u00e9gration pour vous rejoindre une entreprise qui change la donne.","breadcrumb":{"@id":"https:\/\/axialease.com\/fr\/nous-rejoindre\/processus-de-recrutement-et-dintegration\/#breadcrumb"},"inLanguage":"fr-FR","potentialAction":[{"@type":"ReadAction","target":["https:\/\/axialease.com\/fr\/nous-rejoindre\/processus-de-recrutement-et-dintegration\/"]}]},{"@type":"ImageObject","inLanguage":"fr-FR","@id":"https:\/\/axialease.com\/fr\/nous-rejoindre\/processus-de-recrutement-et-dintegration\/#primaryimage","url":"https:\/\/axialease.com\/wp-content\/uploads\/2024\/10\/Recrutement-integration-scaled.jpeg","contentUrl":"https:\/\/axialease.com\/wp-content\/uploads\/2024\/10\/Recrutement-integration-scaled.jpeg","width":2560,"height":1706},{"@type":"BreadcrumbList","@id":"https:\/\/axialease.com\/fr\/nous-rejoindre\/processus-de-recrutement-et-dintegration\/#breadcrumb","itemListElement":[{"@type":"ListItem","position":1,"name":"Accueil","item":"https:\/\/axialease.com\/fr\/"},{"@type":"ListItem","position":2,"name":"Nous rejoindre","item":"https:\/\/axialease.com\/fr\/nous-rejoindre\/"},{"@type":"ListItem","position":3,"name":"Recrutement et int\u00e9gration"}]},{"@type":"WebSite","@id":"https:\/\/axialease.com\/fr\/#website","url":"https:\/\/axialease.com\/fr\/","name":"Axialease","description":"","potentialAction":[{"@type":"SearchAction","target":{"@type":"EntryPoint","urlTemplate":"https:\/\/axialease.com\/fr\/?s={search_term_string}"},"query-input":{"@type":"PropertyValueSpecification","valueRequired":true,"valueName":"search_term_string"}}],"inLanguage":"fr-FR"}]}},"_links":{"self":[{"href":"https:\/\/axialease.com\/fr\/wp-json\/wp\/v2\/pages\/574","targetHints":{"allow":["GET"]}}],"collection":[{"href":"https:\/\/axialease.com\/fr\/wp-json\/wp\/v2\/pages"}],"about":[{"href":"https:\/\/axialease.com\/fr\/wp-json\/wp\/v2\/types\/page"}],"author":[{"embeddable":true,"href":"https:\/\/axialease.com\/fr\/wp-json\/wp\/v2\/users\/2"}],"replies":[{"embeddable":true,"href":"https:\/\/axialease.com\/fr\/wp-json\/wp\/v2\/comments?post=574"}],"version-history":[{"count":8,"href":"https:\/\/axialease.com\/fr\/wp-json\/wp\/v2\/pages\/574\/revisions"}],"predecessor-version":[{"id":1953,"href":"https:\/\/axialease.com\/fr\/wp-json\/wp\/v2\/pages\/574\/revisions\/1953"}],"up":[{"embeddable":true,"href":"https:\/\/axialease.com\/fr\/wp-json\/wp\/v2\/pages\/600"}],"wp:featuredmedia":[{"embeddable":true,"href":"https:\/\/axialease.com\/fr\/wp-json\/wp\/v2\/media\/2254"}],"wp:attachment":[{"href":"https:\/\/axialease.com\/fr\/wp-json\/wp\/v2\/media?parent=574"}],"curies":[{"name":"wp","href":"https:\/\/api.w.org\/{rel}","templated":true}]}}