{"id":572,"date":"2024-08-23T14:51:40","date_gmt":"2024-08-23T12:51:40","guid":{"rendered":"https:\/\/axialease.com\/?page_id=572"},"modified":"2024-10-01T02:26:49","modified_gmt":"2024-10-01T00:26:49","slug":"nos-offres-demploi","status":"publish","type":"page","link":"https:\/\/axialease.com\/fr\/nous-rejoindre\/nos-offres-demploi\/","title":{"rendered":"Nos offres d&#8217;emploi"},"content":{"rendered":"\n<div class=\"wp-block-columns bloc-page-texte is-layout-flex wp-container-core-columns-is-layout-9d6595d7 wp-block-columns-is-layout-flex\">\n<div class=\"wp-block-column is-layout-flow wp-block-column-is-layout-flow\">\n<p>Vous \u00eates pr\u00eat(e) \u00e0 relever de nouveaux d\u00e9fis ? \u00c0 int\u00e9grer une \u00e9quipe soud\u00e9e ?&nbsp;<\/p>\n\n\n\n<p>Postulez d\u00e8s maintenant !<\/p>\n<\/div>\n<\/div>\n","protected":false},"excerpt":{"rendered":"<p>Vous \u00eates pr\u00eat(e) \u00e0 relever de nouveaux d\u00e9fis ? \u00c0 int\u00e9grer une \u00e9quipe soud\u00e9e ?&nbsp; Postulez d\u00e8s maintenant !<\/p>\n","protected":false},"author":2,"featured_media":2252,"parent":600,"menu_order":0,"comment_status":"closed","ping_status":"closed","template":"templates\/our-jobs.php","meta":{"footnotes":""},"class_list":["post-572","page","type-page","status-publish","has-post-thumbnail","hentry","entry"],"yoast_head":"<!-- This site is optimized with the Yoast SEO plugin v26.4-RC2 - https:\/\/yoast.com\/wordpress\/plugins\/seo\/ -->\n<title>Nos offres d&#039;emploi - Axialease<\/title>\n<meta name=\"robots\" content=\"index, follow, max-snippet:-1, max-image-preview:large, max-video-preview:-1\" \/>\n<link rel=\"canonical\" href=\"https:\/\/axialease.com\/fr\/nous-rejoindre\/nos-offres-demploi\/\" \/>\n<meta property=\"og:locale\" content=\"fr_FR\" \/>\n<meta property=\"og:type\" content=\"article\" \/>\n<meta property=\"og:title\" content=\"Nos offres d&#039;emploi - Axialease\" \/>\n<meta property=\"og:description\" content=\"Vous \u00eates pr\u00eat(e) \u00e0 relever de nouveaux d\u00e9fis ? \u00c0 int\u00e9grer une \u00e9quipe soud\u00e9e ?&nbsp; Postulez d\u00e8s maintenant !\" \/>\n<meta property=\"og:url\" content=\"https:\/\/axialease.com\/fr\/nous-rejoindre\/nos-offres-demploi\/\" \/>\n<meta property=\"og:site_name\" content=\"Axialease\" \/>\n<meta property=\"article:modified_time\" content=\"2024-10-01T00:26:49+00:00\" \/>\n<meta property=\"og:image\" content=\"https:\/\/axialease.com\/wp-content\/uploads\/2024\/10\/Offres-emploi-Axialease-scaled.jpeg\" \/>\n\t<meta property=\"og:image:width\" content=\"2560\" \/>\n\t<meta property=\"og:image:height\" content=\"1474\" \/>\n\t<meta property=\"og:image:type\" content=\"image\/jpeg\" \/>\n<meta name=\"twitter:card\" content=\"summary_large_image\" \/>\n<meta name=\"twitter:label1\" content=\"Dur\u00e9e de lecture estim\u00e9e\" \/>\n\t<meta name=\"twitter:data1\" content=\"1 minute\" \/>\n<script type=\"application\/ld+json\" class=\"yoast-schema-graph\">{\"@context\":\"https:\/\/schema.org\",\"@graph\":[{\"@type\":\"WebPage\",\"@id\":\"https:\/\/axialease.com\/fr\/nous-rejoindre\/nos-offres-demploi\/\",\"url\":\"https:\/\/axialease.com\/fr\/nous-rejoindre\/nos-offres-demploi\/\",\"name\":\"Nos offres d'emploi - Axialease\",\"isPartOf\":{\"@id\":\"https:\/\/axialease.com\/fr\/#website\"},\"primaryImageOfPage\":{\"@id\":\"https:\/\/axialease.com\/fr\/nous-rejoindre\/nos-offres-demploi\/#primaryimage\"},\"image\":{\"@id\":\"https:\/\/axialease.com\/fr\/nous-rejoindre\/nos-offres-demploi\/#primaryimage\"},\"thumbnailUrl\":\"https:\/\/axialease.com\/wp-content\/uploads\/2024\/10\/Offres-emploi-Axialease-scaled.jpeg\",\"datePublished\":\"2024-08-23T12:51:40+00:00\",\"dateModified\":\"2024-10-01T00:26:49+00:00\",\"breadcrumb\":{\"@id\":\"https:\/\/axialease.com\/fr\/nous-rejoindre\/nos-offres-demploi\/#breadcrumb\"},\"inLanguage\":\"fr-FR\",\"potentialAction\":[{\"@type\":\"ReadAction\",\"target\":[\"https:\/\/axialease.com\/fr\/nous-rejoindre\/nos-offres-demploi\/\"]}]},{\"@type\":\"ImageObject\",\"inLanguage\":\"fr-FR\",\"@id\":\"https:\/\/axialease.com\/fr\/nous-rejoindre\/nos-offres-demploi\/#primaryimage\",\"url\":\"https:\/\/axialease.com\/wp-content\/uploads\/2024\/10\/Offres-emploi-Axialease-scaled.jpeg\",\"contentUrl\":\"https:\/\/axialease.com\/wp-content\/uploads\/2024\/10\/Offres-emploi-Axialease-scaled.jpeg\",\"width\":2560,\"height\":1474},{\"@type\":\"BreadcrumbList\",\"@id\":\"https:\/\/axialease.com\/fr\/nous-rejoindre\/nos-offres-demploi\/#breadcrumb\",\"itemListElement\":[{\"@type\":\"ListItem\",\"position\":1,\"name\":\"Accueil\",\"item\":\"https:\/\/axialease.com\/fr\/\"},{\"@type\":\"ListItem\",\"position\":2,\"name\":\"Nous rejoindre\",\"item\":\"https:\/\/axialease.com\/fr\/nous-rejoindre\/\"},{\"@type\":\"ListItem\",\"position\":3,\"name\":\"Nos offres d&#8217;emploi\"}]},{\"@type\":\"WebSite\",\"@id\":\"https:\/\/axialease.com\/fr\/#website\",\"url\":\"https:\/\/axialease.com\/fr\/\",\"name\":\"Axialease\",\"description\":\"\",\"potentialAction\":[{\"@type\":\"SearchAction\",\"target\":{\"@type\":\"EntryPoint\",\"urlTemplate\":\"https:\/\/axialease.com\/fr\/?s={search_term_string}\"},\"query-input\":{\"@type\":\"PropertyValueSpecification\",\"valueRequired\":true,\"valueName\":\"search_term_string\"}}],\"inLanguage\":\"fr-FR\"}]}<\/script>\n<!-- \/ Yoast SEO plugin. -->","yoast_head_json":{"title":"Nos offres d'emploi - Axialease","robots":{"index":"index","follow":"follow","max-snippet":"max-snippet:-1","max-image-preview":"max-image-preview:large","max-video-preview":"max-video-preview:-1"},"canonical":"https:\/\/axialease.com\/fr\/nous-rejoindre\/nos-offres-demploi\/","og_locale":"fr_FR","og_type":"article","og_title":"Nos offres d'emploi - Axialease","og_description":"Vous \u00eates pr\u00eat(e) \u00e0 relever de nouveaux d\u00e9fis ? \u00c0 int\u00e9grer une \u00e9quipe soud\u00e9e ?&nbsp; Postulez d\u00e8s maintenant !","og_url":"https:\/\/axialease.com\/fr\/nous-rejoindre\/nos-offres-demploi\/","og_site_name":"Axialease","article_modified_time":"2024-10-01T00:26:49+00:00","og_image":[{"width":2560,"height":1474,"url":"https:\/\/axialease.com\/wp-content\/uploads\/2024\/10\/Offres-emploi-Axialease-scaled.jpeg","type":"image\/jpeg"}],"twitter_card":"summary_large_image","twitter_misc":{"Dur\u00e9e de lecture estim\u00e9e":"1 minute"},"schema":{"@context":"https:\/\/schema.org","@graph":[{"@type":"WebPage","@id":"https:\/\/axialease.com\/fr\/nous-rejoindre\/nos-offres-demploi\/","url":"https:\/\/axialease.com\/fr\/nous-rejoindre\/nos-offres-demploi\/","name":"Nos offres d'emploi - Axialease","isPartOf":{"@id":"https:\/\/axialease.com\/fr\/#website"},"primaryImageOfPage":{"@id":"https:\/\/axialease.com\/fr\/nous-rejoindre\/nos-offres-demploi\/#primaryimage"},"image":{"@id":"https:\/\/axialease.com\/fr\/nous-rejoindre\/nos-offres-demploi\/#primaryimage"},"thumbnailUrl":"https:\/\/axialease.com\/wp-content\/uploads\/2024\/10\/Offres-emploi-Axialease-scaled.jpeg","datePublished":"2024-08-23T12:51:40+00:00","dateModified":"2024-10-01T00:26:49+00:00","breadcrumb":{"@id":"https:\/\/axialease.com\/fr\/nous-rejoindre\/nos-offres-demploi\/#breadcrumb"},"inLanguage":"fr-FR","potentialAction":[{"@type":"ReadAction","target":["https:\/\/axialease.com\/fr\/nous-rejoindre\/nos-offres-demploi\/"]}]},{"@type":"ImageObject","inLanguage":"fr-FR","@id":"https:\/\/axialease.com\/fr\/nous-rejoindre\/nos-offres-demploi\/#primaryimage","url":"https:\/\/axialease.com\/wp-content\/uploads\/2024\/10\/Offres-emploi-Axialease-scaled.jpeg","contentUrl":"https:\/\/axialease.com\/wp-content\/uploads\/2024\/10\/Offres-emploi-Axialease-scaled.jpeg","width":2560,"height":1474},{"@type":"BreadcrumbList","@id":"https:\/\/axialease.com\/fr\/nous-rejoindre\/nos-offres-demploi\/#breadcrumb","itemListElement":[{"@type":"ListItem","position":1,"name":"Accueil","item":"https:\/\/axialease.com\/fr\/"},{"@type":"ListItem","position":2,"name":"Nous rejoindre","item":"https:\/\/axialease.com\/fr\/nous-rejoindre\/"},{"@type":"ListItem","position":3,"name":"Nos offres d&#8217;emploi"}]},{"@type":"WebSite","@id":"https:\/\/axialease.com\/fr\/#website","url":"https:\/\/axialease.com\/fr\/","name":"Axialease","description":"","potentialAction":[{"@type":"SearchAction","target":{"@type":"EntryPoint","urlTemplate":"https:\/\/axialease.com\/fr\/?s={search_term_string}"},"query-input":{"@type":"PropertyValueSpecification","valueRequired":true,"valueName":"search_term_string"}}],"inLanguage":"fr-FR"}]}},"_links":{"self":[{"href":"https:\/\/axialease.com\/fr\/wp-json\/wp\/v2\/pages\/572","targetHints":{"allow":["GET"]}}],"collection":[{"href":"https:\/\/axialease.com\/fr\/wp-json\/wp\/v2\/pages"}],"about":[{"href":"https:\/\/axialease.com\/fr\/wp-json\/wp\/v2\/types\/page"}],"author":[{"embeddable":true,"href":"https:\/\/axialease.com\/fr\/wp-json\/wp\/v2\/users\/2"}],"replies":[{"embeddable":true,"href":"https:\/\/axialease.com\/fr\/wp-json\/wp\/v2\/comments?post=572"}],"version-history":[{"count":2,"href":"https:\/\/axialease.com\/fr\/wp-json\/wp\/v2\/pages\/572\/revisions"}],"predecessor-version":[{"id":641,"href":"https:\/\/axialease.com\/fr\/wp-json\/wp\/v2\/pages\/572\/revisions\/641"}],"up":[{"embeddable":true,"href":"https:\/\/axialease.com\/fr\/wp-json\/wp\/v2\/pages\/600"}],"wp:featuredmedia":[{"embeddable":true,"href":"https:\/\/axialease.com\/fr\/wp-json\/wp\/v2\/media\/2252"}],"wp:attachment":[{"href":"https:\/\/axialease.com\/fr\/wp-json\/wp\/v2\/media?parent=572"}],"curies":[{"name":"wp","href":"https:\/\/api.w.org\/{rel}","templated":true}]}}