{"id":568,"date":"2024-08-23T15:16:30","date_gmt":"2024-08-23T13:16:30","guid":{"rendered":"https:\/\/axialease.com\/?page_id=568"},"modified":"2024-10-01T16:21:06","modified_gmt":"2024-10-01T14:21:06","slug":"financer-la-transition-ecologique","status":"publish","type":"page","link":"https:\/\/axialease.com\/fr\/responsabilite-societale-rse\/financer-la-transition-ecologique\/","title":{"rendered":"Financer la transition \u00e9cologique"},"content":{"rendered":"\n<div class=\"wp-block-columns bloc-page-texte is-layout-flex wp-container-core-columns-is-layout-9d6595d7 wp-block-columns-is-layout-flex\">\n<div class=\"wp-block-column is-layout-flow wp-block-column-is-layout-flow\">\n<p>Depuis sa cr\u00e9ation, Axialease accompagne, par le biais du leasing, le d\u00e9veloppement et la transformation des entreprises. Or, nous sommes tous confront\u00e9s aux d\u00e9fis collectifs de pr\u00e9servation de notre environnement et de lutte contre les changements climatiques, en pr\u00e9servant la biodiversit\u00e9, en limitant la consommation des mati\u00e8res non renouvelables, etc.<\/p>\n\n\n\n<p>Pour inventer des solutions, pour r\u00e9pondre \u00e0 ces d\u00e9fis, les entreprises sont appel\u00e9es \u00e0 prendre leurs responsabilit\u00e9s dans le cadre des d\u00e9marches RSE. Elles doivent aussi r\u00e9pondre de plus en plus aux injonctions d\u2019agir des pouvoirs publics et de la soci\u00e9t\u00e9.<\/p>\n\n\n\n<h2 class=\"wp-block-heading\">Les entreprises doivent amorcer leur transition \u00e9nerg\u00e9tique<\/h2>\n\n\n\n<p>Les prochaines \u00e9tapes de celle-ci sont les suivantes :<\/p>\n\n\n\n<ul class=\"wp-block-list\">\n<li>la r\u00e9duction des \u00e9missions de gaz \u00e0 effet de serre d&rsquo;au moins 40% d&rsquo;ici 2030 et atteindre la neutralit\u00e9 carbone d&rsquo;ici 2050,<\/li>\n\n\n\n<li>la n\u00e9cessit\u00e9 de d\u00e9velopper des fili\u00e8res industrielles d\u00e9carbon\u00e9es, notamment pour les secteurs les plus \u00e9metteurs (sid\u00e9rurgie, cimenterie \u2026),<\/li>\n\n\n\n<li>le renforcement d\u2019une \u00e9conomie circulaire en luttant contre l\u2019obsolescence des actifs, par le recyclage, la r\u00e9utilisation ou le partage des produits, etc.,<\/li>\n\n\n\n<li>la pr\u00e9servation de la biodiversit\u00e9 en r\u00e9duisant l\u2019impact de leur activit\u00e9 sur les \u00e9cosyst\u00e8mes et en favorisant la protection des espaces naturels.<\/li>\n<\/ul>\n\n\n\n<p>Pour concr\u00e9tiser toutes ces actions, il est indispensable de mobiliser toutes les parties prenantes. Il est aussi n\u00e9cessaire d\u2019innover \u00e0 tous les niveaux.<\/p>\n\n\n\n<h2 class=\"wp-block-heading\">Le cycle de vie des produits au c\u0153ur du leasing<\/h2>\n\n\n\n<p>Or, le leasing appara\u00eet comme un levier de financement efficace. Peut-\u00eatre plus encore que pour la digitalisation de l\u2019\u00e9conomie, il constitue un des leviers les plus importants pour financer la transformation des entreprises.<\/p>\n\n\n\n<h3 class=\"wp-block-heading\">L\u2019\u00e9conomie d\u2019usage permet d\u2019agir efficacement<\/h3>\n\n\n\n<p>En louant plut\u00f4t qu\u2019en devenant propri\u00e9taire, l\u2019entreprise est oblig\u00e9e de calibrer au mieux son investissement \u00e0 ses besoins. Toute la r\u00e9flexion en amont sur l\u2019utilit\u00e9 ou l\u2019usage du bien est un travail permettant de trouver la juste r\u00e9ponse au besoin.&nbsp;<\/p>\n\n\n\n<p>En favorisant le r\u00e9emploi, le leasing devient un levier puissant pour lutter contre l\u2019obsolescence \u00e9conomique ou programm\u00e9e. L\u2019int\u00e9r\u00eat du bailleur, qui r\u00e9cup\u00e8re le bien en fin de contrat, est souvent, apr\u00e8s une remise en \u00e9tat, de valoriser \u00e0 nouveau son produit par le biais d\u2019une nouvelle p\u00e9riode de location. Ce \u201cretour au producteur\u201d devient aussi une forte incitation pour mettre \u00e0 niveau le produit et donc lutter contre l\u2019obsolescence technique ou \u00e9conomique de celui-ci.<\/p>\n\n\n\n<p>Il est aussi plus ais\u00e9 de construire de v\u00e9ritables fili\u00e8res de recyclage, marqu\u00e9es par la tra\u00e7abilit\u00e9 des processus. En transf\u00e9rant la responsabilit\u00e9 du locataire au bailleur\/propri\u00e9taire, il devient possible de simplifier la collecte et le transfert des produits en fin de vie.<\/p>\n\n\n\n<h3 class=\"wp-block-heading\">Financer le ROI de la transition<\/h3>\n\n\n\n<p>Dans un monde hyper-comp\u00e9titif, le financement de la transition \u00e9cologique peut vite devenir un frein. Sacrifier sa tr\u00e9sorerie ou ses capacit\u00e9s d\u2019endettement sur des investissements qui ne sont pas forc\u00e9ment g\u00e9n\u00e9rateurs de rentabilit\u00e9 imm\u00e9diate et suffisante, peut p\u00e9naliser le d\u00e9veloppement des entreprises.&nbsp;<\/p>\n\n\n\n<p>Cela peut constituer un frein majeur \u00e0 la prise de d\u00e9cision d\u2019entreprise soumis \u00e0 une concurrence tr\u00e8s forte, m\u00eame si leur dirigeant est convaincu de la n\u00e9cessit\u00e9 de changer. D\u00e9brancher la prise du r\u00e9seau \u00e9lectrique pour s\u2019alimenter par le biais de panneaux solaires repr\u00e9sente un co\u00fbt non n\u00e9gligeable (m\u00eame si cela permet d\u2019avoir une meilleure ma\u00eetrise du co\u00fbt de l\u2019\u00e9nergie).<\/p>\n\n\n\n<p>Le leasing apporte la r\u00e9ponse \u00e0 ce probl\u00e8me par sa flexibilit\u00e9 et le fait qu\u2019il aide \u00e0 pr\u00e9server la tr\u00e9sorerie. En effet, il va \u00eatre possible d\u2019ajuster la dur\u00e9e du contrat au \u201cROI\u201d de l\u2019op\u00e9ration. Les loyers se substituent aux charges d\u2019exploitation.<\/p>\n\n\n\n<p>C\u2019est en cela que nous pouvons affirmer que le leasing doit devenir un acc\u00e9l\u00e9rateur de la transition \u00e9nerg\u00e9tique.<\/p>\n\n\n\n<h2 class=\"wp-block-heading\">Le leasing est un levier de croissance et d\u2019innovation \u00e9cologique<\/h2>\n\n\n\n<p>L\u2019exp\u00e9rience d\u2019Axialease dans le financement des ventes, notamment \u00e0 travers la mise en place de Joint-Ventures, a permis de mettre en \u00e9vidence que l\u2019adossement d\u2019une offre de financement \u00e0 la distribution de nouveaux produits constitue un levier fort de croissance.&nbsp;<\/p>\n\n\n\n<p>La transition \u00e9cologique implique d\u2019innover et de lancer de nouveaux produits et services. Les premiers prospects sont parfois r\u00e9ticents \u00e0 acqu\u00e9rir ces nouveaux produits. Les incertitudes sur leur fiabilit\u00e9 peuvent aussi constituer un frein. La location financi\u00e8re ou op\u00e9rationnelle apporte des r\u00e9ponses \u00e0 ces freins et joue souvent comme un acc\u00e9l\u00e9rateur de l\u2019innovation.<\/p>\n\n\n\n<h2 class=\"wp-block-heading\">Axialease, partenaire de r\u00e9f\u00e9rence du financement de la transition \u00e9cologique<\/h2>\n\n\n\n<p>Axialease est le mieux \u00e0 m\u00eame de vous accompagner, car :<\/p>\n\n\n\n<ul class=\"wp-block-list\">\n<li>gr\u00e2ce \u00e0 notre ind\u00e9pendance et au fait de pouvoir nous appuyer sur plusieurs partenaires financiers, nous construisons des r\u00e9ponses sur-mesure,<\/li>\n\n\n\n<li>notre connaissance intime des enjeux financiers des entreprises nous permet de placer les enjeux au bon niveau (exploitation, investissement, \u2026) pour construire la bonne solution afin d\u2019aider les entreprises \u00e0 se transformer,<\/li>\n\n\n\n<li>nos mod\u00e8les de financement partenariaux et notre exp\u00e9rience de construction de joint-ventures d\u00e9montrent l\u2019efficience de l\u2019apport du leasing pour favoriser le lancement d\u2019offres de rupture ou la structuration d\u2019un secteur.<\/li>\n<\/ul>\n\n\n\n<p><strong>Faire confiance \u00e0 Axialease, c\u2019est faire le choix d\u2019un partenaire qui a d\u00e9j\u00e0 fait ses preuves et a des engagements RSE forts.<\/strong><\/p>\n<\/div>\n<\/div>\n","protected":false},"excerpt":{"rendered":"<p>Depuis sa cr\u00e9ation, Axialease accompagne, par le biais du leasing, le d\u00e9veloppement et la transformation des entreprises. Or, nous sommes tous confront\u00e9s aux d\u00e9fis collectifs de pr\u00e9servation de notre environnement et de lutte contre les changements climatiques, en pr\u00e9servant la biodiversit\u00e9, en limitant la consommation des mati\u00e8res non renouvelables, etc. Pour inventer des solutions, pour&hellip; <a class=\"more-link\" href=\"https:\/\/axialease.com\/fr\/responsabilite-societale-rse\/financer-la-transition-ecologique\/\">Poursuivre la lecture <span class=\"screen-reader-text\">Financer la transition \u00e9cologique<\/span><\/a><\/p>\n","protected":false},"author":2,"featured_media":2423,"parent":598,"menu_order":0,"comment_status":"closed","ping_status":"closed","template":"templates\/page-modele.php","meta":{"footnotes":""},"class_list":["post-568","page","type-page","status-publish","has-post-thumbnail","hentry","entry"],"yoast_head":"<!-- This site is optimized with the Yoast SEO plugin v26.4-RC2 - https:\/\/yoast.com\/wordpress\/plugins\/seo\/ -->\n<title>Financer la transition \u00e9cologique - Axialease<\/title>\n<meta name=\"description\" content=\"Avec Axialease, Le leasing devient un levier cl\u00e9 pour financer la transition \u00e9cologique et la d\u00e9carbonation des entreprises pour atteindre vos objectifs RSE.\" \/>\n<meta name=\"robots\" content=\"index, follow, max-snippet:-1, max-image-preview:large, max-video-preview:-1\" \/>\n<link rel=\"canonical\" href=\"https:\/\/axialease.com\/fr\/responsabilite-societale-rse\/financer-la-transition-ecologique\/\" \/>\n<meta property=\"og:locale\" content=\"fr_FR\" \/>\n<meta property=\"og:type\" content=\"article\" \/>\n<meta property=\"og:title\" content=\"Financer la transition \u00e9cologique - Axialease\" \/>\n<meta property=\"og:description\" content=\"Avec Axialease, Le leasing devient un levier cl\u00e9 pour financer la transition \u00e9cologique et la d\u00e9carbonation des entreprises pour atteindre vos objectifs RSE.\" \/>\n<meta property=\"og:url\" content=\"https:\/\/axialease.com\/fr\/responsabilite-societale-rse\/financer-la-transition-ecologique\/\" \/>\n<meta property=\"og:site_name\" content=\"Axialease\" \/>\n<meta property=\"article:modified_time\" content=\"2024-10-01T14:21:06+00:00\" \/>\n<meta property=\"og:image\" content=\"https:\/\/axialease.com\/wp-content\/uploads\/2024\/10\/Transition-ecologique-scaled-1.webp\" \/>\n\t<meta property=\"og:image:width\" content=\"2560\" \/>\n\t<meta property=\"og:image:height\" content=\"769\" \/>\n\t<meta property=\"og:image:type\" content=\"image\/webp\" \/>\n<meta name=\"twitter:card\" content=\"summary_large_image\" \/>\n<meta name=\"twitter:label1\" content=\"Dur\u00e9e de lecture estim\u00e9e\" \/>\n\t<meta name=\"twitter:data1\" content=\"5 minutes\" \/>\n<script type=\"application\/ld+json\" class=\"yoast-schema-graph\">{\"@context\":\"https:\/\/schema.org\",\"@graph\":[{\"@type\":\"WebPage\",\"@id\":\"https:\/\/axialease.com\/fr\/responsabilite-societale-rse\/financer-la-transition-ecologique\/\",\"url\":\"https:\/\/axialease.com\/fr\/responsabilite-societale-rse\/financer-la-transition-ecologique\/\",\"name\":\"Financer la transition \u00e9cologique - Axialease\",\"isPartOf\":{\"@id\":\"https:\/\/axialease.com\/fr\/#website\"},\"primaryImageOfPage\":{\"@id\":\"https:\/\/axialease.com\/fr\/responsabilite-societale-rse\/financer-la-transition-ecologique\/#primaryimage\"},\"image\":{\"@id\":\"https:\/\/axialease.com\/fr\/responsabilite-societale-rse\/financer-la-transition-ecologique\/#primaryimage\"},\"thumbnailUrl\":\"https:\/\/axialease.com\/wp-content\/uploads\/2024\/10\/Transition-ecologique-scaled-1.webp\",\"datePublished\":\"2024-08-23T13:16:30+00:00\",\"dateModified\":\"2024-10-01T14:21:06+00:00\",\"description\":\"Avec Axialease, Le leasing devient un levier cl\u00e9 pour financer la transition \u00e9cologique et la d\u00e9carbonation des entreprises pour atteindre vos objectifs RSE.\",\"breadcrumb\":{\"@id\":\"https:\/\/axialease.com\/fr\/responsabilite-societale-rse\/financer-la-transition-ecologique\/#breadcrumb\"},\"inLanguage\":\"fr-FR\",\"potentialAction\":[{\"@type\":\"ReadAction\",\"target\":[\"https:\/\/axialease.com\/fr\/responsabilite-societale-rse\/financer-la-transition-ecologique\/\"]}]},{\"@type\":\"ImageObject\",\"inLanguage\":\"fr-FR\",\"@id\":\"https:\/\/axialease.com\/fr\/responsabilite-societale-rse\/financer-la-transition-ecologique\/#primaryimage\",\"url\":\"https:\/\/axialease.com\/wp-content\/uploads\/2024\/10\/Transition-ecologique-scaled-1.webp\",\"contentUrl\":\"https:\/\/axialease.com\/wp-content\/uploads\/2024\/10\/Transition-ecologique-scaled-1.webp\",\"width\":2560,\"height\":769},{\"@type\":\"BreadcrumbList\",\"@id\":\"https:\/\/axialease.com\/fr\/responsabilite-societale-rse\/financer-la-transition-ecologique\/#breadcrumb\",\"itemListElement\":[{\"@type\":\"ListItem\",\"position\":1,\"name\":\"Accueil\",\"item\":\"https:\/\/axialease.com\/fr\/\"},{\"@type\":\"ListItem\",\"position\":2,\"name\":\"RSE\",\"item\":\"https:\/\/axialease.com\/fr\/responsabilite-societale-rse\/\"},{\"@type\":\"ListItem\",\"position\":3,\"name\":\"Financer la transition \u00e9cologique\"}]},{\"@type\":\"WebSite\",\"@id\":\"https:\/\/axialease.com\/fr\/#website\",\"url\":\"https:\/\/axialease.com\/fr\/\",\"name\":\"Axialease\",\"description\":\"\",\"potentialAction\":[{\"@type\":\"SearchAction\",\"target\":{\"@type\":\"EntryPoint\",\"urlTemplate\":\"https:\/\/axialease.com\/fr\/?s={search_term_string}\"},\"query-input\":{\"@type\":\"PropertyValueSpecification\",\"valueRequired\":true,\"valueName\":\"search_term_string\"}}],\"inLanguage\":\"fr-FR\"}]}<\/script>\n<!-- \/ Yoast SEO plugin. -->","yoast_head_json":{"title":"Financer la transition \u00e9cologique - Axialease","description":"Avec Axialease, Le leasing devient un levier cl\u00e9 pour financer la transition \u00e9cologique et la d\u00e9carbonation des entreprises pour atteindre vos objectifs RSE.","robots":{"index":"index","follow":"follow","max-snippet":"max-snippet:-1","max-image-preview":"max-image-preview:large","max-video-preview":"max-video-preview:-1"},"canonical":"https:\/\/axialease.com\/fr\/responsabilite-societale-rse\/financer-la-transition-ecologique\/","og_locale":"fr_FR","og_type":"article","og_title":"Financer la transition \u00e9cologique - Axialease","og_description":"Avec Axialease, Le leasing devient un levier cl\u00e9 pour financer la transition \u00e9cologique et la d\u00e9carbonation des entreprises pour atteindre vos objectifs RSE.","og_url":"https:\/\/axialease.com\/fr\/responsabilite-societale-rse\/financer-la-transition-ecologique\/","og_site_name":"Axialease","article_modified_time":"2024-10-01T14:21:06+00:00","og_image":[{"width":2560,"height":769,"url":"https:\/\/axialease.com\/wp-content\/uploads\/2024\/10\/Transition-ecologique-scaled-1.webp","type":"image\/webp"}],"twitter_card":"summary_large_image","twitter_misc":{"Dur\u00e9e de lecture estim\u00e9e":"5 minutes"},"schema":{"@context":"https:\/\/schema.org","@graph":[{"@type":"WebPage","@id":"https:\/\/axialease.com\/fr\/responsabilite-societale-rse\/financer-la-transition-ecologique\/","url":"https:\/\/axialease.com\/fr\/responsabilite-societale-rse\/financer-la-transition-ecologique\/","name":"Financer la transition \u00e9cologique - Axialease","isPartOf":{"@id":"https:\/\/axialease.com\/fr\/#website"},"primaryImageOfPage":{"@id":"https:\/\/axialease.com\/fr\/responsabilite-societale-rse\/financer-la-transition-ecologique\/#primaryimage"},"image":{"@id":"https:\/\/axialease.com\/fr\/responsabilite-societale-rse\/financer-la-transition-ecologique\/#primaryimage"},"thumbnailUrl":"https:\/\/axialease.com\/wp-content\/uploads\/2024\/10\/Transition-ecologique-scaled-1.webp","datePublished":"2024-08-23T13:16:30+00:00","dateModified":"2024-10-01T14:21:06+00:00","description":"Avec Axialease, Le leasing devient un levier cl\u00e9 pour financer la transition \u00e9cologique et la d\u00e9carbonation des entreprises pour atteindre vos objectifs RSE.","breadcrumb":{"@id":"https:\/\/axialease.com\/fr\/responsabilite-societale-rse\/financer-la-transition-ecologique\/#breadcrumb"},"inLanguage":"fr-FR","potentialAction":[{"@type":"ReadAction","target":["https:\/\/axialease.com\/fr\/responsabilite-societale-rse\/financer-la-transition-ecologique\/"]}]},{"@type":"ImageObject","inLanguage":"fr-FR","@id":"https:\/\/axialease.com\/fr\/responsabilite-societale-rse\/financer-la-transition-ecologique\/#primaryimage","url":"https:\/\/axialease.com\/wp-content\/uploads\/2024\/10\/Transition-ecologique-scaled-1.webp","contentUrl":"https:\/\/axialease.com\/wp-content\/uploads\/2024\/10\/Transition-ecologique-scaled-1.webp","width":2560,"height":769},{"@type":"BreadcrumbList","@id":"https:\/\/axialease.com\/fr\/responsabilite-societale-rse\/financer-la-transition-ecologique\/#breadcrumb","itemListElement":[{"@type":"ListItem","position":1,"name":"Accueil","item":"https:\/\/axialease.com\/fr\/"},{"@type":"ListItem","position":2,"name":"RSE","item":"https:\/\/axialease.com\/fr\/responsabilite-societale-rse\/"},{"@type":"ListItem","position":3,"name":"Financer la transition \u00e9cologique"}]},{"@type":"WebSite","@id":"https:\/\/axialease.com\/fr\/#website","url":"https:\/\/axialease.com\/fr\/","name":"Axialease","description":"","potentialAction":[{"@type":"SearchAction","target":{"@type":"EntryPoint","urlTemplate":"https:\/\/axialease.com\/fr\/?s={search_term_string}"},"query-input":{"@type":"PropertyValueSpecification","valueRequired":true,"valueName":"search_term_string"}}],"inLanguage":"fr-FR"}]}},"_links":{"self":[{"href":"https:\/\/axialease.com\/fr\/wp-json\/wp\/v2\/pages\/568","targetHints":{"allow":["GET"]}}],"collection":[{"href":"https:\/\/axialease.com\/fr\/wp-json\/wp\/v2\/pages"}],"about":[{"href":"https:\/\/axialease.com\/fr\/wp-json\/wp\/v2\/types\/page"}],"author":[{"embeddable":true,"href":"https:\/\/axialease.com\/fr\/wp-json\/wp\/v2\/users\/2"}],"replies":[{"embeddable":true,"href":"https:\/\/axialease.com\/fr\/wp-json\/wp\/v2\/comments?post=568"}],"version-history":[{"count":12,"href":"https:\/\/axialease.com\/fr\/wp-json\/wp\/v2\/pages\/568\/revisions"}],"predecessor-version":[{"id":1876,"href":"https:\/\/axialease.com\/fr\/wp-json\/wp\/v2\/pages\/568\/revisions\/1876"}],"up":[{"embeddable":true,"href":"https:\/\/axialease.com\/fr\/wp-json\/wp\/v2\/pages\/598"}],"wp:featuredmedia":[{"embeddable":true,"href":"https:\/\/axialease.com\/fr\/wp-json\/wp\/v2\/media\/2423"}],"wp:attachment":[{"href":"https:\/\/axialease.com\/fr\/wp-json\/wp\/v2\/media?parent=568"}],"curies":[{"name":"wp","href":"https:\/\/api.w.org\/{rel}","templated":true}]}}