{"id":559,"date":"2024-08-26T00:43:59","date_gmt":"2024-08-25T22:43:59","guid":{"rendered":"https:\/\/axialease.com\/?page_id=559"},"modified":"2024-10-01T00:22:18","modified_gmt":"2024-09-30T22:22:18","slug":"presentation","status":"publish","type":"page","link":"https:\/\/axialease.com\/fr\/a-propos\/presentation\/","title":{"rendered":"Pr\u00e9sentation"},"content":{"rendered":"\n<div class=\"wp-block-columns bloc-page-texte is-layout-flex wp-container-core-columns-is-layout-9d6595d7 wp-block-columns-is-layout-flex\">\n<div class=\"wp-block-column is-layout-flow wp-block-column-is-layout-flow\">\n<p>Axialease est le leader des soci\u00e9t\u00e9s de leasing ind\u00e9pendantes du secteur bancaire.<\/p>\n\n\n\n<p>Nous sommes la branche sp\u00e9cialis\u00e9e dans la location financi\u00e8re du groupe industriel Manuloc qui repr\u00e9sente :<\/p>\n<\/div>\n<\/div>\n\n\n\n<div class=\"wp-block-columns is-layout-flex wp-container-core-columns-is-layout-9d6595d7 wp-block-columns-is-layout-flex\">\n<div class=\"wp-block-column is-layout-flow wp-block-column-is-layout-flow\">\n<figure class=\"wp-block-image size-full\"><img loading=\"lazy\" decoding=\"async\" width=\"646\" height=\"440\" src=\"http:\/\/axialease.com\/wp-content\/uploads\/2024\/09\/Plan-de-travail-\u2013-15.png\" alt=\"\" class=\"wp-image-1843\" srcset=\"https:\/\/axialease.com\/wp-content\/uploads\/2024\/09\/Plan-de-travail-\u2013-15.png 646w, https:\/\/axialease.com\/wp-content\/uploads\/2024\/09\/Plan-de-travail-\u2013-15-300x204.png 300w\" sizes=\"auto, (max-width: 646px) 100vw, 646px\" \/><\/figure>\n<\/div>\n\n\n\n<div class=\"wp-block-column is-layout-flow wp-block-column-is-layout-flow\">\n<figure class=\"wp-block-image size-full\"><img loading=\"lazy\" decoding=\"async\" width=\"646\" height=\"440\" src=\"http:\/\/axialease.com\/wp-content\/uploads\/2024\/09\/Plan-de-travail-\u2013-16.png\" alt=\"\" class=\"wp-image-1845\" srcset=\"https:\/\/axialease.com\/wp-content\/uploads\/2024\/09\/Plan-de-travail-\u2013-16.png 646w, https:\/\/axialease.com\/wp-content\/uploads\/2024\/09\/Plan-de-travail-\u2013-16-300x204.png 300w\" sizes=\"auto, (max-width: 646px) 100vw, 646px\" \/><\/figure>\n<\/div>\n\n\n\n<div class=\"wp-block-column is-layout-flow wp-block-column-is-layout-flow\">\n<figure class=\"wp-block-image size-full\"><img loading=\"lazy\" decoding=\"async\" width=\"646\" height=\"440\" src=\"http:\/\/axialease.com\/wp-content\/uploads\/2024\/09\/Plan-de-travail-\u2013-18.png\" alt=\"\" class=\"wp-image-1847\" srcset=\"https:\/\/axialease.com\/wp-content\/uploads\/2024\/09\/Plan-de-travail-\u2013-18.png 646w, https:\/\/axialease.com\/wp-content\/uploads\/2024\/09\/Plan-de-travail-\u2013-18-300x204.png 300w\" sizes=\"auto, (max-width: 646px) 100vw, 646px\" \/><\/figure>\n<\/div>\n<\/div>\n\n\n\n<div class=\"wp-block-columns bloc-page-texte is-layout-flex wp-container-core-columns-is-layout-9d6595d7 wp-block-columns-is-layout-flex\">\n<div class=\"wp-block-column is-layout-flow wp-block-column-is-layout-flow\">\n<p>Expert du financement locatif d\u2019\u00e9quipements professionnels, nous accompagnons les entreprises pour faciliter leur transition num\u00e9rique et \u00e9cologique (<a href=\"https:\/\/axialease.com\/fr\/secteurs\/\">voir nos secteurs d\u2019intervention<\/a>).<\/p>\n\n\n\n<p>Nous avons d\u00e9velopp\u00e9 <a href=\"https:\/\/axialease.com\/fr\/partenaires\/services-partenaires\/\">des programmes<\/a> \u00e0 destination de nos Partenaires des ventes, qui nous ont conduit \u00e0 la cr\u00e9ation de <a href=\"https:\/\/axialease.com\/fr\/partenaires\/joint-ventures\/\">joint-ventures<\/a> avec les meilleurs sp\u00e9cialistes de leur m\u00e9tier.<\/p>\n\n\n\n<p>Depuis notre cr\u00e9ation en 2008, nous proposons aux entreprises et aux entrepreneurs des solutions de leasing qui permettent une meilleure gestion de leurs actifs, contribuant ainsi au d\u00e9veloppement d\u2019une \u00e9conomie circulaire et de fili\u00e8res de recyclage.<\/p>\n\n\n\n<p>Nous prot\u00e9geons la tr\u00e9sorerie des entreprises et les aidons \u00e0 conserver leur capacit\u00e9 d\u2019investissement.<\/p>\n\n\n\n<p>Nous sommes une entreprise consciente de nos responsabilit\u00e9s vis-\u00e0-vis de la soci\u00e9t\u00e9 et de l\u2019environnement. C\u2019est pourquoi nous \u0153uvrons au quotidien pour rendre concrets nos engagements au service d\u2019un d\u00e9veloppement durable.<\/p>\n\n\n\n<p>Axialease est pr\u00e9sente sur toute la France (nous disposons de 9 agences) et en Belgique.<\/p>\n\n\n\n<p>Notre succ\u00e8s, sign\u00e9 par une croissance \u00e0 2 chiffres tout au long de notre histoire, est celui de nos clients, nos partenaires et nos \u00e9quipes. Il est le r\u00e9sultat de la clart\u00e9, celle de <a href=\"https:\/\/axialease.com\/fr\/a-propos\/nos-valeurs\/\">nos valeurs<\/a> et de <a href=\"https:\/\/axialease.com\/fr\/a-propos\/notre-vision\/\">notre vision<\/a> de notre m\u00e9tier, et d\u2019une \u00e9volution de l\u2019\u00e9conomie qui laisse de plus en plus place \u00e0 l\u2019usage et non \u00e0 la propri\u00e9t\u00e9.<\/p>\n<\/div>\n<\/div>\n","protected":false},"excerpt":{"rendered":"<p>Axialease est le leader des soci\u00e9t\u00e9s de leasing ind\u00e9pendantes du secteur bancaire. Nous sommes la branche sp\u00e9cialis\u00e9e dans la location financi\u00e8re du groupe industriel Manuloc qui repr\u00e9sente : Expert du financement locatif d\u2019\u00e9quipements professionnels, nous accompagnons les entreprises pour faciliter leur transition num\u00e9rique et \u00e9cologique (voir nos secteurs d\u2019intervention). Nous avons d\u00e9velopp\u00e9 des programmes \u00e0&hellip; <a class=\"more-link\" href=\"https:\/\/axialease.com\/fr\/a-propos\/presentation\/\">Poursuivre la lecture <span class=\"screen-reader-text\">Pr\u00e9sentation<\/span><\/a><\/p>\n","protected":false},"author":2,"featured_media":2168,"parent":274,"menu_order":0,"comment_status":"closed","ping_status":"closed","template":"templates\/page-modele.php","meta":{"footnotes":""},"class_list":["post-559","page","type-page","status-publish","has-post-thumbnail","hentry","entry"],"yoast_head":"<!-- This site is optimized with the Yoast SEO plugin v26.4-RC2 - https:\/\/yoast.com\/wordpress\/plugins\/seo\/ -->\n<title>Pr\u00e9sentation - Axialease<\/title>\n<meta name=\"description\" content=\"Axialease, leader du leasing ind\u00e9pendant, accompagne les entreprises dans leur croissance durable.\" \/>\n<meta name=\"robots\" content=\"index, follow, max-snippet:-1, max-image-preview:large, max-video-preview:-1\" \/>\n<link rel=\"canonical\" href=\"https:\/\/axialease.com\/fr\/a-propos\/presentation\/\" \/>\n<meta property=\"og:locale\" content=\"fr_FR\" \/>\n<meta property=\"og:type\" content=\"article\" \/>\n<meta property=\"og:title\" content=\"Pr\u00e9sentation - Axialease\" \/>\n<meta property=\"og:description\" content=\"Axialease, leader du leasing ind\u00e9pendant, accompagne les entreprises dans leur croissance durable.\" \/>\n<meta property=\"og:url\" content=\"https:\/\/axialease.com\/fr\/a-propos\/presentation\/\" \/>\n<meta property=\"og:site_name\" content=\"Axialease\" \/>\n<meta property=\"article:modified_time\" content=\"2024-09-30T22:22:18+00:00\" \/>\n<meta property=\"og:image\" content=\"https:\/\/axialease.com\/wp-content\/uploads\/2024\/10\/Leasing-par-Axialease-scaled.jpeg\" \/>\n\t<meta property=\"og:image:width\" content=\"2560\" \/>\n\t<meta property=\"og:image:height\" content=\"1088\" \/>\n\t<meta property=\"og:image:type\" content=\"image\/jpeg\" \/>\n<meta name=\"twitter:card\" content=\"summary_large_image\" \/>\n<meta name=\"twitter:label1\" content=\"Dur\u00e9e de lecture estim\u00e9e\" \/>\n\t<meta name=\"twitter:data1\" content=\"2 minutes\" \/>\n<script type=\"application\/ld+json\" class=\"yoast-schema-graph\">{\"@context\":\"https:\/\/schema.org\",\"@graph\":[{\"@type\":\"WebPage\",\"@id\":\"https:\/\/axialease.com\/fr\/a-propos\/presentation\/\",\"url\":\"https:\/\/axialease.com\/fr\/a-propos\/presentation\/\",\"name\":\"Pr\u00e9sentation - Axialease\",\"isPartOf\":{\"@id\":\"https:\/\/axialease.com\/fr\/#website\"},\"primaryImageOfPage\":{\"@id\":\"https:\/\/axialease.com\/fr\/a-propos\/presentation\/#primaryimage\"},\"image\":{\"@id\":\"https:\/\/axialease.com\/fr\/a-propos\/presentation\/#primaryimage\"},\"thumbnailUrl\":\"https:\/\/axialease.com\/wp-content\/uploads\/2024\/10\/Leasing-par-Axialease-scaled.jpeg\",\"datePublished\":\"2024-08-25T22:43:59+00:00\",\"dateModified\":\"2024-09-30T22:22:18+00:00\",\"description\":\"Axialease, leader du leasing ind\u00e9pendant, accompagne les entreprises dans leur croissance durable.\",\"breadcrumb\":{\"@id\":\"https:\/\/axialease.com\/fr\/a-propos\/presentation\/#breadcrumb\"},\"inLanguage\":\"fr-FR\",\"potentialAction\":[{\"@type\":\"ReadAction\",\"target\":[\"https:\/\/axialease.com\/fr\/a-propos\/presentation\/\"]}]},{\"@type\":\"ImageObject\",\"inLanguage\":\"fr-FR\",\"@id\":\"https:\/\/axialease.com\/fr\/a-propos\/presentation\/#primaryimage\",\"url\":\"https:\/\/axialease.com\/wp-content\/uploads\/2024\/10\/Leasing-par-Axialease-scaled.jpeg\",\"contentUrl\":\"https:\/\/axialease.com\/wp-content\/uploads\/2024\/10\/Leasing-par-Axialease-scaled.jpeg\",\"width\":2560,\"height\":1088},{\"@type\":\"BreadcrumbList\",\"@id\":\"https:\/\/axialease.com\/fr\/a-propos\/presentation\/#breadcrumb\",\"itemListElement\":[{\"@type\":\"ListItem\",\"position\":1,\"name\":\"Accueil\",\"item\":\"https:\/\/axialease.com\/fr\/\"},{\"@type\":\"ListItem\",\"position\":2,\"name\":\"A propos\",\"item\":\"https:\/\/axialease.com\/fr\/a-propos\/\"},{\"@type\":\"ListItem\",\"position\":3,\"name\":\"Pr\u00e9sentation\"}]},{\"@type\":\"WebSite\",\"@id\":\"https:\/\/axialease.com\/fr\/#website\",\"url\":\"https:\/\/axialease.com\/fr\/\",\"name\":\"Axialease\",\"description\":\"\",\"potentialAction\":[{\"@type\":\"SearchAction\",\"target\":{\"@type\":\"EntryPoint\",\"urlTemplate\":\"https:\/\/axialease.com\/fr\/?s={search_term_string}\"},\"query-input\":{\"@type\":\"PropertyValueSpecification\",\"valueRequired\":true,\"valueName\":\"search_term_string\"}}],\"inLanguage\":\"fr-FR\"}]}<\/script>\n<!-- \/ Yoast SEO plugin. -->","yoast_head_json":{"title":"Pr\u00e9sentation - Axialease","description":"Axialease, leader du leasing ind\u00e9pendant, accompagne les entreprises dans leur croissance durable.","robots":{"index":"index","follow":"follow","max-snippet":"max-snippet:-1","max-image-preview":"max-image-preview:large","max-video-preview":"max-video-preview:-1"},"canonical":"https:\/\/axialease.com\/fr\/a-propos\/presentation\/","og_locale":"fr_FR","og_type":"article","og_title":"Pr\u00e9sentation - Axialease","og_description":"Axialease, leader du leasing ind\u00e9pendant, accompagne les entreprises dans leur croissance durable.","og_url":"https:\/\/axialease.com\/fr\/a-propos\/presentation\/","og_site_name":"Axialease","article_modified_time":"2024-09-30T22:22:18+00:00","og_image":[{"width":2560,"height":1088,"url":"https:\/\/axialease.com\/wp-content\/uploads\/2024\/10\/Leasing-par-Axialease-scaled.jpeg","type":"image\/jpeg"}],"twitter_card":"summary_large_image","twitter_misc":{"Dur\u00e9e de lecture estim\u00e9e":"2 minutes"},"schema":{"@context":"https:\/\/schema.org","@graph":[{"@type":"WebPage","@id":"https:\/\/axialease.com\/fr\/a-propos\/presentation\/","url":"https:\/\/axialease.com\/fr\/a-propos\/presentation\/","name":"Pr\u00e9sentation - Axialease","isPartOf":{"@id":"https:\/\/axialease.com\/fr\/#website"},"primaryImageOfPage":{"@id":"https:\/\/axialease.com\/fr\/a-propos\/presentation\/#primaryimage"},"image":{"@id":"https:\/\/axialease.com\/fr\/a-propos\/presentation\/#primaryimage"},"thumbnailUrl":"https:\/\/axialease.com\/wp-content\/uploads\/2024\/10\/Leasing-par-Axialease-scaled.jpeg","datePublished":"2024-08-25T22:43:59+00:00","dateModified":"2024-09-30T22:22:18+00:00","description":"Axialease, leader du leasing ind\u00e9pendant, accompagne les entreprises dans leur croissance durable.","breadcrumb":{"@id":"https:\/\/axialease.com\/fr\/a-propos\/presentation\/#breadcrumb"},"inLanguage":"fr-FR","potentialAction":[{"@type":"ReadAction","target":["https:\/\/axialease.com\/fr\/a-propos\/presentation\/"]}]},{"@type":"ImageObject","inLanguage":"fr-FR","@id":"https:\/\/axialease.com\/fr\/a-propos\/presentation\/#primaryimage","url":"https:\/\/axialease.com\/wp-content\/uploads\/2024\/10\/Leasing-par-Axialease-scaled.jpeg","contentUrl":"https:\/\/axialease.com\/wp-content\/uploads\/2024\/10\/Leasing-par-Axialease-scaled.jpeg","width":2560,"height":1088},{"@type":"BreadcrumbList","@id":"https:\/\/axialease.com\/fr\/a-propos\/presentation\/#breadcrumb","itemListElement":[{"@type":"ListItem","position":1,"name":"Accueil","item":"https:\/\/axialease.com\/fr\/"},{"@type":"ListItem","position":2,"name":"A propos","item":"https:\/\/axialease.com\/fr\/a-propos\/"},{"@type":"ListItem","position":3,"name":"Pr\u00e9sentation"}]},{"@type":"WebSite","@id":"https:\/\/axialease.com\/fr\/#website","url":"https:\/\/axialease.com\/fr\/","name":"Axialease","description":"","potentialAction":[{"@type":"SearchAction","target":{"@type":"EntryPoint","urlTemplate":"https:\/\/axialease.com\/fr\/?s={search_term_string}"},"query-input":{"@type":"PropertyValueSpecification","valueRequired":true,"valueName":"search_term_string"}}],"inLanguage":"fr-FR"}]}},"_links":{"self":[{"href":"https:\/\/axialease.com\/fr\/wp-json\/wp\/v2\/pages\/559","targetHints":{"allow":["GET"]}}],"collection":[{"href":"https:\/\/axialease.com\/fr\/wp-json\/wp\/v2\/pages"}],"about":[{"href":"https:\/\/axialease.com\/fr\/wp-json\/wp\/v2\/types\/page"}],"author":[{"embeddable":true,"href":"https:\/\/axialease.com\/fr\/wp-json\/wp\/v2\/users\/2"}],"replies":[{"embeddable":true,"href":"https:\/\/axialease.com\/fr\/wp-json\/wp\/v2\/comments?post=559"}],"version-history":[{"count":16,"href":"https:\/\/axialease.com\/fr\/wp-json\/wp\/v2\/pages\/559\/revisions"}],"predecessor-version":[{"id":1869,"href":"https:\/\/axialease.com\/fr\/wp-json\/wp\/v2\/pages\/559\/revisions\/1869"}],"up":[{"embeddable":true,"href":"https:\/\/axialease.com\/fr\/wp-json\/wp\/v2\/pages\/274"}],"wp:featuredmedia":[{"embeddable":true,"href":"https:\/\/axialease.com\/fr\/wp-json\/wp\/v2\/media\/2168"}],"wp:attachment":[{"href":"https:\/\/axialease.com\/fr\/wp-json\/wp\/v2\/media?parent=559"}],"curies":[{"name":"wp","href":"https:\/\/api.w.org\/{rel}","templated":true}]}}