{"id":553,"date":"2024-08-26T00:14:18","date_gmt":"2024-08-25T22:14:18","guid":{"rendered":"https:\/\/axialease.com\/?page_id=553"},"modified":"2024-10-01T16:11:33","modified_gmt":"2024-10-01T14:11:33","slug":"biens-dequipement","status":"publish","type":"page","link":"https:\/\/axialease.com\/fr\/secteurs\/biens-dequipement\/","title":{"rendered":"Biens d&rsquo;\u00e9quipement"},"content":{"rendered":"\n<div class=\"wp-block-columns bloc-page-texte is-layout-flex wp-container-core-columns-is-layout-9d6595d7 wp-block-columns-is-layout-flex\">\n<div class=\"wp-block-column is-layout-flow wp-block-column-is-layout-flow\">\n<p>Axialease propose \u00e0 ses clients, entreprises et industriels, le financement (au moyen de la location financi\u00e8re) ainsi que la gestion de leurs biens d\u2019\u00e9quipement. Tout en ma\u00eetrisant leur budget, ils b\u00e9n\u00e9ficient ainsi de la capacit\u00e9 de renouveler les mat\u00e9riels indispensables \u00e0 leur comp\u00e9titivit\u00e9.<\/p>\n<\/div>\n<\/div>\n\n\n\n<div class=\"wp-block-columns bloc-page-image is-layout-flex wp-container-core-columns-is-layout-9d6595d7 wp-block-columns-is-layout-flex\">\n<div class=\"wp-block-column is-layout-flow wp-block-column-is-layout-flow\">\n<figure class=\"wp-block-image size-full\"><img loading=\"lazy\" decoding=\"async\" width=\"1080\" height=\"500\" src=\"http:\/\/axialease.com\/wp-content\/uploads\/2024\/09\/ax_ept_desktop.webp\" alt=\"\" class=\"wp-image-1259\" srcset=\"https:\/\/axialease.com\/wp-content\/uploads\/2024\/09\/ax_ept_desktop.webp 1080w, https:\/\/axialease.com\/wp-content\/uploads\/2024\/09\/ax_ept_desktop-300x139.webp 300w, https:\/\/axialease.com\/wp-content\/uploads\/2024\/09\/ax_ept_desktop-1024x474.webp 1024w, https:\/\/axialease.com\/wp-content\/uploads\/2024\/09\/ax_ept_desktop-768x356.webp 768w\" sizes=\"auto, (max-width: 1080px) 100vw, 1080px\" \/><\/figure>\n<\/div>\n<\/div>\n\n\n\n<div class=\"wp-block-columns bloc-page-image-mobile is-layout-flex wp-container-core-columns-is-layout-9d6595d7 wp-block-columns-is-layout-flex\">\n<div class=\"wp-block-column is-layout-flow wp-block-column-is-layout-flow\">\n<figure class=\"wp-block-image size-full\"><img loading=\"lazy\" decoding=\"async\" width=\"768\" height=\"768\" src=\"http:\/\/axialease.com\/wp-content\/uploads\/2024\/09\/Eqpt_Mobile.webp\" alt=\"\" class=\"wp-image-1215\" srcset=\"https:\/\/axialease.com\/wp-content\/uploads\/2024\/09\/Eqpt_Mobile.webp 768w, https:\/\/axialease.com\/wp-content\/uploads\/2024\/09\/Eqpt_Mobile-300x300.webp 300w, https:\/\/axialease.com\/wp-content\/uploads\/2024\/09\/Eqpt_Mobile-150x150.webp 150w\" sizes=\"auto, (max-width: 768px) 100vw, 768px\" \/><\/figure>\n<\/div>\n<\/div>\n\n\n\n<div class=\"wp-block-columns bloc-page-texte is-layout-flex wp-container-core-columns-is-layout-9d6595d7 wp-block-columns-is-layout-flex\">\n<div class=\"wp-block-column is-layout-flow wp-block-column-is-layout-flow\">\n<p>Cela concerne notamment le financement :<\/p>\n\n\n\n<ul class=\"wp-block-list\">\n<li>des \u00e9quipements de transports (v\u00e9hicules industriels, utilitaires l\u00e9gers, \u2026),<\/li>\n\n\n\n<li>les principaux \u00e9l\u00e9ments constitutifs de la cha\u00eene logistique (transpalette, ligne de conditionnement, chariot \u00e9l\u00e9vateur, rayonnages \u2026),<\/li>\n\n\n\n<li>les engins propres au secteur agricole ou du BTP,<\/li>\n\n\n\n<li>les am\u00e9nagements des locaux professionnels (g\u00e9nie climatique, \u00e9clairage, contr\u00f4le des acc\u00e8s\u2026) et les \u00e9quipements professionnels,<\/li>\n\n\n\n<li>etc.<\/li>\n<\/ul>\n\n\n\n<p>Quelle que soit la nature du besoin et des biens \u00e0 financer, Axialease dispose d\u2019une offre de location \u00e9volutive pouvant aller jusqu\u2019\u00e0 12 ans et qui s\u2019adapte \u00e0 la dur\u00e9e d\u2019usage de l\u2019\u00e9quipement. Afin de s\u2019adapter \u00e0 tous les types de projet, notamment impliquant des p\u00e9riodes longues de d\u00e9ploiement, nous pouvons mettre en place une <a href=\"https:\/\/axialease.com\/fr\/nos-solutions\/enveloppe-cadre\/\">enveloppe cadre<\/a>.<\/p>\n\n\n\n<p>Pour faciliter la vie de nos clients, Axialease a \u00e9t\u00e9 parmi les premiers \u00e0 proposer, en compl\u00e9ment du financement, des services associ\u00e9s : <\/p>\n\n\n\n<ul class=\"wp-block-list\">\n<li>portail de gestion,<\/li>\n\n\n\n<li>assurances,<\/li>\n\n\n\n<li>recyclage et fin de vie des mat\u00e9riels.<\/li>\n<\/ul>\n\n\n\n<h2 class=\"wp-block-heading\">Financer la transition \u00e9nerg\u00e9tique de l\u2019industrie et des entreprises<\/h2>\n\n\n\n<p>Notre expertise sur le financement des biens industriels a permis \u00e0 Axialease d\u2019\u00eatre le premier acteur \u00e0 proposer des solutions de financement de la transition \u00e9nerg\u00e9tique et \u00e9cologique. Nous sommes les premiers \u00e0 obtenir les agr\u00e9ments n\u00e9cessaires des partenaires bancaires pour le financement d\u2019installations photovolta\u00efques.\u00a0<br>Consid\u00e9rant l\u2019ampleur des enjeux et des nouvelles contraintes r\u00e9glementaires, nous avons tout naturellement cr\u00e9\u00e9 une <a href=\"https:\/\/axialease.com\/fr\/secteurs\/financement-decarbonation\/\">business unit d\u00e9di\u00e9e aux financements des actifs Greentech<\/a>.<\/p>\n<\/div>\n<\/div>\n","protected":false},"excerpt":{"rendered":"<p>Axialease propose \u00e0 ses clients, entreprises et industriels, le financement (au moyen de la location financi\u00e8re) ainsi que la gestion de leurs biens d\u2019\u00e9quipement. Tout en ma\u00eetrisant leur budget, ils b\u00e9n\u00e9ficient ainsi de la capacit\u00e9 de renouveler les mat\u00e9riels indispensables \u00e0 leur comp\u00e9titivit\u00e9. Cela concerne notamment le financement : Quelle que soit la nature du&hellip; <a class=\"more-link\" href=\"https:\/\/axialease.com\/fr\/secteurs\/biens-dequipement\/\">Poursuivre la lecture <span class=\"screen-reader-text\">Biens d&rsquo;\u00e9quipement<\/span><\/a><\/p>\n","protected":false},"author":2,"featured_media":2415,"parent":596,"menu_order":0,"comment_status":"closed","ping_status":"closed","template":"templates\/page-modele.php","meta":{"footnotes":""},"class_list":["post-553","page","type-page","status-publish","has-post-thumbnail","hentry","entry"],"yoast_head":"<!-- This site is optimized with the Yoast SEO plugin v26.4-RC2 - https:\/\/yoast.com\/wordpress\/plugins\/seo\/ -->\n<title>Biens d&#039;\u00e9quipement - Axialease<\/title>\n<meta name=\"description\" content=\"Financer ses \u00e9quipements industriels avec Axialease. LLD, leasing, flexibilit\u00e9, services associ\u00e9s... Simplifiez votre gestion et optimisez votre budget.\" \/>\n<meta name=\"robots\" content=\"index, follow, max-snippet:-1, max-image-preview:large, max-video-preview:-1\" \/>\n<link rel=\"canonical\" href=\"https:\/\/axialease.com\/fr\/secteurs\/biens-dequipement\/\" \/>\n<meta property=\"og:locale\" content=\"fr_FR\" \/>\n<meta property=\"og:type\" content=\"article\" \/>\n<meta property=\"og:title\" content=\"Biens d&#039;\u00e9quipement - Axialease\" \/>\n<meta property=\"og:description\" content=\"Financer ses \u00e9quipements industriels avec Axialease. LLD, leasing, flexibilit\u00e9, services associ\u00e9s... Simplifiez votre gestion et optimisez votre budget.\" \/>\n<meta property=\"og:url\" content=\"https:\/\/axialease.com\/fr\/secteurs\/biens-dequipement\/\" \/>\n<meta property=\"og:site_name\" content=\"Axialease\" \/>\n<meta property=\"article:modified_time\" content=\"2024-10-01T14:11:33+00:00\" \/>\n<meta property=\"og:image\" content=\"https:\/\/axialease.com\/wp-content\/uploads\/2024\/10\/Biens-d-equipement-industriels-scaled-1.webp\" \/>\n\t<meta property=\"og:image:width\" content=\"2560\" \/>\n\t<meta property=\"og:image:height\" content=\"1709\" \/>\n\t<meta property=\"og:image:type\" content=\"image\/webp\" \/>\n<meta name=\"twitter:card\" content=\"summary_large_image\" \/>\n<meta name=\"twitter:label1\" content=\"Dur\u00e9e de lecture estim\u00e9e\" \/>\n\t<meta name=\"twitter:data1\" content=\"2 minutes\" \/>\n<script type=\"application\/ld+json\" class=\"yoast-schema-graph\">{\"@context\":\"https:\/\/schema.org\",\"@graph\":[{\"@type\":\"WebPage\",\"@id\":\"https:\/\/axialease.com\/fr\/secteurs\/biens-dequipement\/\",\"url\":\"https:\/\/axialease.com\/fr\/secteurs\/biens-dequipement\/\",\"name\":\"Biens d'\u00e9quipement - Axialease\",\"isPartOf\":{\"@id\":\"https:\/\/axialease.com\/fr\/#website\"},\"primaryImageOfPage\":{\"@id\":\"https:\/\/axialease.com\/fr\/secteurs\/biens-dequipement\/#primaryimage\"},\"image\":{\"@id\":\"https:\/\/axialease.com\/fr\/secteurs\/biens-dequipement\/#primaryimage\"},\"thumbnailUrl\":\"https:\/\/axialease.com\/wp-content\/uploads\/2024\/10\/Biens-d-equipement-industriels-scaled-1.webp\",\"datePublished\":\"2024-08-25T22:14:18+00:00\",\"dateModified\":\"2024-10-01T14:11:33+00:00\",\"description\":\"Financer ses \u00e9quipements industriels avec Axialease. LLD, leasing, flexibilit\u00e9, services associ\u00e9s... Simplifiez votre gestion et optimisez votre budget.\",\"breadcrumb\":{\"@id\":\"https:\/\/axialease.com\/fr\/secteurs\/biens-dequipement\/#breadcrumb\"},\"inLanguage\":\"fr-FR\",\"potentialAction\":[{\"@type\":\"ReadAction\",\"target\":[\"https:\/\/axialease.com\/fr\/secteurs\/biens-dequipement\/\"]}]},{\"@type\":\"ImageObject\",\"inLanguage\":\"fr-FR\",\"@id\":\"https:\/\/axialease.com\/fr\/secteurs\/biens-dequipement\/#primaryimage\",\"url\":\"https:\/\/axialease.com\/wp-content\/uploads\/2024\/10\/Biens-d-equipement-industriels-scaled-1.webp\",\"contentUrl\":\"https:\/\/axialease.com\/wp-content\/uploads\/2024\/10\/Biens-d-equipement-industriels-scaled-1.webp\",\"width\":2560,\"height\":1709},{\"@type\":\"BreadcrumbList\",\"@id\":\"https:\/\/axialease.com\/fr\/secteurs\/biens-dequipement\/#breadcrumb\",\"itemListElement\":[{\"@type\":\"ListItem\",\"position\":1,\"name\":\"Accueil\",\"item\":\"https:\/\/axialease.com\/fr\/\"},{\"@type\":\"ListItem\",\"position\":2,\"name\":\"Secteurs\",\"item\":\"https:\/\/axialease.com\/fr\/secteurs\/\"},{\"@type\":\"ListItem\",\"position\":3,\"name\":\"Biens d&rsquo;\u00e9quipement\"}]},{\"@type\":\"WebSite\",\"@id\":\"https:\/\/axialease.com\/fr\/#website\",\"url\":\"https:\/\/axialease.com\/fr\/\",\"name\":\"Axialease\",\"description\":\"\",\"potentialAction\":[{\"@type\":\"SearchAction\",\"target\":{\"@type\":\"EntryPoint\",\"urlTemplate\":\"https:\/\/axialease.com\/fr\/?s={search_term_string}\"},\"query-input\":{\"@type\":\"PropertyValueSpecification\",\"valueRequired\":true,\"valueName\":\"search_term_string\"}}],\"inLanguage\":\"fr-FR\"}]}<\/script>\n<!-- \/ Yoast SEO plugin. -->","yoast_head_json":{"title":"Biens d'\u00e9quipement - Axialease","description":"Financer ses \u00e9quipements industriels avec Axialease. LLD, leasing, flexibilit\u00e9, services associ\u00e9s... Simplifiez votre gestion et optimisez votre budget.","robots":{"index":"index","follow":"follow","max-snippet":"max-snippet:-1","max-image-preview":"max-image-preview:large","max-video-preview":"max-video-preview:-1"},"canonical":"https:\/\/axialease.com\/fr\/secteurs\/biens-dequipement\/","og_locale":"fr_FR","og_type":"article","og_title":"Biens d'\u00e9quipement - Axialease","og_description":"Financer ses \u00e9quipements industriels avec Axialease. LLD, leasing, flexibilit\u00e9, services associ\u00e9s... Simplifiez votre gestion et optimisez votre budget.","og_url":"https:\/\/axialease.com\/fr\/secteurs\/biens-dequipement\/","og_site_name":"Axialease","article_modified_time":"2024-10-01T14:11:33+00:00","og_image":[{"width":2560,"height":1709,"url":"https:\/\/axialease.com\/wp-content\/uploads\/2024\/10\/Biens-d-equipement-industriels-scaled-1.webp","type":"image\/webp"}],"twitter_card":"summary_large_image","twitter_misc":{"Dur\u00e9e de lecture estim\u00e9e":"2 minutes"},"schema":{"@context":"https:\/\/schema.org","@graph":[{"@type":"WebPage","@id":"https:\/\/axialease.com\/fr\/secteurs\/biens-dequipement\/","url":"https:\/\/axialease.com\/fr\/secteurs\/biens-dequipement\/","name":"Biens d'\u00e9quipement - Axialease","isPartOf":{"@id":"https:\/\/axialease.com\/fr\/#website"},"primaryImageOfPage":{"@id":"https:\/\/axialease.com\/fr\/secteurs\/biens-dequipement\/#primaryimage"},"image":{"@id":"https:\/\/axialease.com\/fr\/secteurs\/biens-dequipement\/#primaryimage"},"thumbnailUrl":"https:\/\/axialease.com\/wp-content\/uploads\/2024\/10\/Biens-d-equipement-industriels-scaled-1.webp","datePublished":"2024-08-25T22:14:18+00:00","dateModified":"2024-10-01T14:11:33+00:00","description":"Financer ses \u00e9quipements industriels avec Axialease. LLD, leasing, flexibilit\u00e9, services associ\u00e9s... Simplifiez votre gestion et optimisez votre budget.","breadcrumb":{"@id":"https:\/\/axialease.com\/fr\/secteurs\/biens-dequipement\/#breadcrumb"},"inLanguage":"fr-FR","potentialAction":[{"@type":"ReadAction","target":["https:\/\/axialease.com\/fr\/secteurs\/biens-dequipement\/"]}]},{"@type":"ImageObject","inLanguage":"fr-FR","@id":"https:\/\/axialease.com\/fr\/secteurs\/biens-dequipement\/#primaryimage","url":"https:\/\/axialease.com\/wp-content\/uploads\/2024\/10\/Biens-d-equipement-industriels-scaled-1.webp","contentUrl":"https:\/\/axialease.com\/wp-content\/uploads\/2024\/10\/Biens-d-equipement-industriels-scaled-1.webp","width":2560,"height":1709},{"@type":"BreadcrumbList","@id":"https:\/\/axialease.com\/fr\/secteurs\/biens-dequipement\/#breadcrumb","itemListElement":[{"@type":"ListItem","position":1,"name":"Accueil","item":"https:\/\/axialease.com\/fr\/"},{"@type":"ListItem","position":2,"name":"Secteurs","item":"https:\/\/axialease.com\/fr\/secteurs\/"},{"@type":"ListItem","position":3,"name":"Biens d&rsquo;\u00e9quipement"}]},{"@type":"WebSite","@id":"https:\/\/axialease.com\/fr\/#website","url":"https:\/\/axialease.com\/fr\/","name":"Axialease","description":"","potentialAction":[{"@type":"SearchAction","target":{"@type":"EntryPoint","urlTemplate":"https:\/\/axialease.com\/fr\/?s={search_term_string}"},"query-input":{"@type":"PropertyValueSpecification","valueRequired":true,"valueName":"search_term_string"}}],"inLanguage":"fr-FR"}]}},"_links":{"self":[{"href":"https:\/\/axialease.com\/fr\/wp-json\/wp\/v2\/pages\/553","targetHints":{"allow":["GET"]}}],"collection":[{"href":"https:\/\/axialease.com\/fr\/wp-json\/wp\/v2\/pages"}],"about":[{"href":"https:\/\/axialease.com\/fr\/wp-json\/wp\/v2\/types\/page"}],"author":[{"embeddable":true,"href":"https:\/\/axialease.com\/fr\/wp-json\/wp\/v2\/users\/2"}],"replies":[{"embeddable":true,"href":"https:\/\/axialease.com\/fr\/wp-json\/wp\/v2\/comments?post=553"}],"version-history":[{"count":15,"href":"https:\/\/axialease.com\/fr\/wp-json\/wp\/v2\/pages\/553\/revisions"}],"predecessor-version":[{"id":1727,"href":"https:\/\/axialease.com\/fr\/wp-json\/wp\/v2\/pages\/553\/revisions\/1727"}],"up":[{"embeddable":true,"href":"https:\/\/axialease.com\/fr\/wp-json\/wp\/v2\/pages\/596"}],"wp:featuredmedia":[{"embeddable":true,"href":"https:\/\/axialease.com\/fr\/wp-json\/wp\/v2\/media\/2415"}],"wp:attachment":[{"href":"https:\/\/axialease.com\/fr\/wp-json\/wp\/v2\/media?parent=553"}],"curies":[{"name":"wp","href":"https:\/\/api.w.org\/{rel}","templated":true}]}}