{"id":551,"date":"2024-08-26T00:08:26","date_gmt":"2024-08-25T22:08:26","guid":{"rendered":"https:\/\/axialease.com\/?page_id=551"},"modified":"2024-10-01T16:11:20","modified_gmt":"2024-10-01T14:11:20","slug":"leasing-informatique","status":"publish","type":"page","link":"https:\/\/axialease.com\/fr\/secteurs\/leasing-informatique\/","title":{"rendered":"Actifs digitaux"},"content":{"rendered":"\n<div class=\"wp-block-columns bloc-page-texte is-layout-flex wp-container-core-columns-is-layout-9d6595d7 wp-block-columns-is-layout-flex\">\n<div class=\"wp-block-column is-layout-flow wp-block-column-is-layout-flow\">\n<p>Axialease destine historiquement ses solutions \u00e0 la gestion de parcs informatiques et d\u2019actifs digitaux de tous les types. <\/p>\n<\/div>\n<\/div>\n\n\n\n<div class=\"wp-block-columns bloc-page-image is-layout-flex wp-container-core-columns-is-layout-9d6595d7 wp-block-columns-is-layout-flex\">\n<div class=\"wp-block-column is-layout-flow wp-block-column-is-layout-flow\">\n<figure class=\"wp-block-image size-full\"><img loading=\"lazy\" decoding=\"async\" width=\"1080\" height=\"500\" src=\"http:\/\/axialease.com\/wp-content\/uploads\/2024\/09\/IT-desktop.webp\" alt=\"\" class=\"wp-image-1219\" srcset=\"https:\/\/axialease.com\/wp-content\/uploads\/2024\/09\/IT-desktop.webp 1080w, https:\/\/axialease.com\/wp-content\/uploads\/2024\/09\/IT-desktop-300x139.webp 300w, https:\/\/axialease.com\/wp-content\/uploads\/2024\/09\/IT-desktop-1024x474.webp 1024w, https:\/\/axialease.com\/wp-content\/uploads\/2024\/09\/IT-desktop-768x356.webp 768w\" sizes=\"auto, (max-width: 1080px) 100vw, 1080px\" \/><\/figure>\n<\/div>\n<\/div>\n\n\n\n<div class=\"wp-block-columns bloc-page-image-mobile is-layout-flex wp-container-core-columns-is-layout-9d6595d7 wp-block-columns-is-layout-flex\">\n<div class=\"wp-block-column is-layout-flow wp-block-column-is-layout-flow\">\n<figure class=\"wp-block-image size-full\"><img loading=\"lazy\" decoding=\"async\" width=\"768\" height=\"768\" src=\"http:\/\/axialease.com\/wp-content\/uploads\/2024\/09\/IT_mobile.webp\" alt=\"\" class=\"wp-image-1217\" srcset=\"https:\/\/axialease.com\/wp-content\/uploads\/2024\/09\/IT_mobile.webp 768w, https:\/\/axialease.com\/wp-content\/uploads\/2024\/09\/IT_mobile-300x300.webp 300w, https:\/\/axialease.com\/wp-content\/uploads\/2024\/09\/IT_mobile-150x150.webp 150w\" sizes=\"auto, (max-width: 768px) 100vw, 768px\" \/><\/figure>\n<\/div>\n<\/div>\n\n\n\n<div class=\"wp-block-columns bloc-page-texte is-layout-flex wp-container-core-columns-is-layout-9d6595d7 wp-block-columns-is-layout-flex\">\n<div class=\"wp-block-column is-layout-flow wp-block-column-is-layout-flow\">\n<p>Ses solutions de leasing concernent :<\/p>\n\n\n\n<ul class=\"wp-block-list\">\n<li>les ordinateurs de bureaux (desktop) et portables,<\/li>\n\n\n\n<li>les tablettes et les smartphones,&nbsp;<\/li>\n\n\n\n<li>les solutions t\u00e9l\u00e9com,<\/li>\n\n\n\n<li>les infrastructures serveurs et r\u00e9seaux (wifi), les data centers et les solutions<\/li>\n\n\n\n<li>les imprimantes, logiciels (100%),<\/li>\n\n\n\n<li>les solutions de cybers\u00e9curit\u00e9,<\/li>\n\n\n\n<li>la vid\u00e9o surveillance,<\/li>\n\n\n\n<li>les \u00e9crans, affichages num\u00e9riques, les tableaux blancs digitaux et les dispositifs de mon\u00e9tique,<\/li>\n\n\n\n<li>les outils de production et de post-production des agences.<\/li>\n<\/ul>\n\n\n\n<h2 class=\"wp-block-heading\">La soci\u00e9t\u00e9 a r\u00e9invent\u00e9 la location des actifs digitaux<\/h2>\n\n\n\n<p>D\u00e8s sa cr\u00e9ation Axialease a permis aux entreprises de disposer en toute tranquillit\u00e9 et en permanence du mat\u00e9riel informatique le plus performant. Par la flexibilit\u00e9 de ses offres, les entreprises peuvent adapter leurs \u00e9quipements digitaux en fonction de l&rsquo;\u00e9volution de leur besoin. Dans un monde \u00e9conomique o\u00f9 la performance de son \u00e9cosyst\u00e8me digital d\u00e9termine la comp\u00e9titivit\u00e9, rester \u00e0 la pointe de la technologie sans avoir \u00e0 investir de gros capitaux est essentiel.<\/p>\n\n\n\n<p>Quelle que soit la taille de l\u2019entreprise, Axialease peut proposer des contrats :\u00a0<\/p>\n\n\n\n<ul class=\"wp-block-list\">\n<li>d\u2019une dur\u00e9e de 12 \u00e0 72 mois en fonction des besoins et du type de bien,<\/li>\n\n\n\n<li>d\u2019une <a href=\"https:\/\/axialease.com\/fr\/nos-solutions\/enveloppe-cadre\/\">enveloppe sur-mesure<\/a>.<\/li>\n<\/ul>\n\n\n\n<p>Axialease a \u00e9t\u00e9 parmi les premiers \u00e0 proposer, en compl\u00e9ment du financement, des services associ\u00e9s pour simplifier totalement la vie des entreprises :<\/p>\n\n\n\n<ul class=\"wp-block-list\">\n<li>portail de gestion,<\/li>\n\n\n\n<li>assurances (vols, bris, multirisques, cybers\u00e9curit\u00e9),<\/li>\n\n\n\n<li>recyclage et fin de vie des mat\u00e9riels.<\/li>\n<\/ul>\n\n\n\n<h2 class=\"wp-block-heading\">Le leasing informatique, nos clients en parlent le mieux<\/h2>\n\n\n\n<p><em>\u00ab Axialease remporte le march\u00e9 de location de mat\u00e9riels informatiques du groupe RTE : PC fixes, PC portables, stations de travail, imprimantes, MFP. Total : 24 000 actifs informatiques &amp; impression. \u00bb<\/em><\/p>\n\n\n\n<p><em>\u00ab Axialease accompagne BIC dans la location de son infrastructure : serveurs applicatifs et bases de donn\u00e9es. \u00bb<\/em><\/p>\n\n\n\n<p><em>\u00ab <a href=\"https:\/\/www.lesechos.fr\/thema\/articles\/pierre-fabre-se-tourne-vers-la-location-financiere-pour-ses-tablettes-et-smartphones-130876\">Axialease assure la location de la flotte de 2 000 smartphones et tablettes du groupe Pierre Fabre. <\/a>\u00bb<\/em><\/p>\n\n\n\n<h2 class=\"wp-block-heading\">La location des flottes mobiles avec Axialease<\/h2>\n\n\n\n<p>Alors que 95 % de la population dispose d\u2019un mobile, la mise \u00e0 disposition de smartphones par les entreprises \u00e0 leurs salari\u00e9s (nomades ou non) est devenu un enjeu majeur pour accompagner les enjeux de s\u00e9curit\u00e9, l\u2019explosion du t\u00e9l\u00e9travail et favoriser un bon \u00e9quilibre entre la vie professionnelle et la vie personnelle.<\/p>\n\n\n\n<p>Conscient de ces enjeux, Axialease a construit une solution in\u00e9dite de financement d\u00e9di\u00e9e aux smartphones pour les entreprises dont la flotte est sup\u00e9rieure \u00e0 50 mobiles. Elle met \u00e0 leur disposition, en compl\u00e9ment du financement, un ensemble de services. L\u2019offre renferme la location de smartphones\/tablettes sur une dur\u00e9e de 12 ou 36 mois et d\u00e9sormais la r\u00e9paration illimit\u00e9e des terminaux.<\/p>\n<\/div>\n<\/div>\n","protected":false},"excerpt":{"rendered":"<p>Axialease destine historiquement ses solutions \u00e0 la gestion de parcs informatiques et d\u2019actifs digitaux de tous les types. Ses solutions de leasing concernent : La soci\u00e9t\u00e9 a r\u00e9invent\u00e9 la location des actifs digitaux D\u00e8s sa cr\u00e9ation Axialease a permis aux entreprises de disposer en toute tranquillit\u00e9 et en permanence du mat\u00e9riel informatique le plus performant.&hellip; <a class=\"more-link\" href=\"https:\/\/axialease.com\/fr\/secteurs\/leasing-informatique\/\">Poursuivre la lecture <span class=\"screen-reader-text\">Actifs digitaux<\/span><\/a><\/p>\n","protected":false},"author":2,"featured_media":2413,"parent":596,"menu_order":0,"comment_status":"closed","ping_status":"closed","template":"templates\/page-modele.php","meta":{"footnotes":""},"class_list":["post-551","page","type-page","status-publish","has-post-thumbnail","hentry","entry"],"yoast_head":"<!-- This site is optimized with the Yoast SEO plugin v26.4-RC2 - https:\/\/yoast.com\/wordpress\/plugins\/seo\/ -->\n<title>Actifs digitaux - Axialease<\/title>\n<meta name=\"description\" content=\"Le leasing informatique avec Axialease : Une gestion du parc informatique simplifi\u00e9, un acc\u00e8s aux derni\u00e8res innovations et un recyclage certifi\u00e9.\" \/>\n<meta name=\"robots\" content=\"index, follow, max-snippet:-1, max-image-preview:large, max-video-preview:-1\" \/>\n<link rel=\"canonical\" href=\"https:\/\/axialease.com\/fr\/secteurs\/leasing-informatique\/\" \/>\n<meta property=\"og:locale\" content=\"fr_FR\" \/>\n<meta property=\"og:type\" content=\"article\" \/>\n<meta property=\"og:title\" content=\"Actifs digitaux - Axialease\" \/>\n<meta property=\"og:description\" content=\"Le leasing informatique avec Axialease : Une gestion du parc informatique simplifi\u00e9, un acc\u00e8s aux derni\u00e8res innovations et un recyclage certifi\u00e9.\" \/>\n<meta property=\"og:url\" content=\"https:\/\/axialease.com\/fr\/secteurs\/leasing-informatique\/\" \/>\n<meta property=\"og:site_name\" content=\"Axialease\" \/>\n<meta property=\"article:modified_time\" content=\"2024-10-01T14:11:20+00:00\" \/>\n<meta property=\"og:image\" content=\"https:\/\/axialease.com\/wp-content\/uploads\/2024\/10\/Postes-de-travail-scaled-1.webp\" \/>\n\t<meta property=\"og:image:width\" content=\"1920\" \/>\n\t<meta property=\"og:image:height\" content=\"1191\" \/>\n\t<meta property=\"og:image:type\" content=\"image\/webp\" \/>\n<meta name=\"twitter:card\" content=\"summary_large_image\" \/>\n<meta name=\"twitter:label1\" content=\"Dur\u00e9e de lecture estim\u00e9e\" \/>\n\t<meta name=\"twitter:data1\" content=\"3 minutes\" \/>\n<script type=\"application\/ld+json\" class=\"yoast-schema-graph\">{\"@context\":\"https:\/\/schema.org\",\"@graph\":[{\"@type\":\"WebPage\",\"@id\":\"https:\/\/axialease.com\/fr\/secteurs\/leasing-informatique\/\",\"url\":\"https:\/\/axialease.com\/fr\/secteurs\/leasing-informatique\/\",\"name\":\"Actifs digitaux - Axialease\",\"isPartOf\":{\"@id\":\"https:\/\/axialease.com\/fr\/#website\"},\"primaryImageOfPage\":{\"@id\":\"https:\/\/axialease.com\/fr\/secteurs\/leasing-informatique\/#primaryimage\"},\"image\":{\"@id\":\"https:\/\/axialease.com\/fr\/secteurs\/leasing-informatique\/#primaryimage\"},\"thumbnailUrl\":\"https:\/\/axialease.com\/wp-content\/uploads\/2024\/10\/Postes-de-travail-scaled-1.webp\",\"datePublished\":\"2024-08-25T22:08:26+00:00\",\"dateModified\":\"2024-10-01T14:11:20+00:00\",\"description\":\"Le leasing informatique avec Axialease : Une gestion du parc informatique simplifi\u00e9, un acc\u00e8s aux derni\u00e8res innovations et un recyclage certifi\u00e9.\",\"breadcrumb\":{\"@id\":\"https:\/\/axialease.com\/fr\/secteurs\/leasing-informatique\/#breadcrumb\"},\"inLanguage\":\"fr-FR\",\"potentialAction\":[{\"@type\":\"ReadAction\",\"target\":[\"https:\/\/axialease.com\/fr\/secteurs\/leasing-informatique\/\"]}]},{\"@type\":\"ImageObject\",\"inLanguage\":\"fr-FR\",\"@id\":\"https:\/\/axialease.com\/fr\/secteurs\/leasing-informatique\/#primaryimage\",\"url\":\"https:\/\/axialease.com\/wp-content\/uploads\/2024\/10\/Postes-de-travail-scaled-1.webp\",\"contentUrl\":\"https:\/\/axialease.com\/wp-content\/uploads\/2024\/10\/Postes-de-travail-scaled-1.webp\",\"width\":1920,\"height\":1191},{\"@type\":\"BreadcrumbList\",\"@id\":\"https:\/\/axialease.com\/fr\/secteurs\/leasing-informatique\/#breadcrumb\",\"itemListElement\":[{\"@type\":\"ListItem\",\"position\":1,\"name\":\"Accueil\",\"item\":\"https:\/\/axialease.com\/fr\/\"},{\"@type\":\"ListItem\",\"position\":2,\"name\":\"Secteurs\",\"item\":\"https:\/\/axialease.com\/fr\/secteurs\/\"},{\"@type\":\"ListItem\",\"position\":3,\"name\":\"Actifs digitaux\"}]},{\"@type\":\"WebSite\",\"@id\":\"https:\/\/axialease.com\/fr\/#website\",\"url\":\"https:\/\/axialease.com\/fr\/\",\"name\":\"Axialease\",\"description\":\"\",\"potentialAction\":[{\"@type\":\"SearchAction\",\"target\":{\"@type\":\"EntryPoint\",\"urlTemplate\":\"https:\/\/axialease.com\/fr\/?s={search_term_string}\"},\"query-input\":{\"@type\":\"PropertyValueSpecification\",\"valueRequired\":true,\"valueName\":\"search_term_string\"}}],\"inLanguage\":\"fr-FR\"}]}<\/script>\n<!-- \/ Yoast SEO plugin. -->","yoast_head_json":{"title":"Actifs digitaux - Axialease","description":"Le leasing informatique avec Axialease : Une gestion du parc informatique simplifi\u00e9, un acc\u00e8s aux derni\u00e8res innovations et un recyclage certifi\u00e9.","robots":{"index":"index","follow":"follow","max-snippet":"max-snippet:-1","max-image-preview":"max-image-preview:large","max-video-preview":"max-video-preview:-1"},"canonical":"https:\/\/axialease.com\/fr\/secteurs\/leasing-informatique\/","og_locale":"fr_FR","og_type":"article","og_title":"Actifs digitaux - Axialease","og_description":"Le leasing informatique avec Axialease : Une gestion du parc informatique simplifi\u00e9, un acc\u00e8s aux derni\u00e8res innovations et un recyclage certifi\u00e9.","og_url":"https:\/\/axialease.com\/fr\/secteurs\/leasing-informatique\/","og_site_name":"Axialease","article_modified_time":"2024-10-01T14:11:20+00:00","og_image":[{"width":1920,"height":1191,"url":"https:\/\/axialease.com\/wp-content\/uploads\/2024\/10\/Postes-de-travail-scaled-1.webp","type":"image\/webp"}],"twitter_card":"summary_large_image","twitter_misc":{"Dur\u00e9e de lecture estim\u00e9e":"3 minutes"},"schema":{"@context":"https:\/\/schema.org","@graph":[{"@type":"WebPage","@id":"https:\/\/axialease.com\/fr\/secteurs\/leasing-informatique\/","url":"https:\/\/axialease.com\/fr\/secteurs\/leasing-informatique\/","name":"Actifs digitaux - Axialease","isPartOf":{"@id":"https:\/\/axialease.com\/fr\/#website"},"primaryImageOfPage":{"@id":"https:\/\/axialease.com\/fr\/secteurs\/leasing-informatique\/#primaryimage"},"image":{"@id":"https:\/\/axialease.com\/fr\/secteurs\/leasing-informatique\/#primaryimage"},"thumbnailUrl":"https:\/\/axialease.com\/wp-content\/uploads\/2024\/10\/Postes-de-travail-scaled-1.webp","datePublished":"2024-08-25T22:08:26+00:00","dateModified":"2024-10-01T14:11:20+00:00","description":"Le leasing informatique avec Axialease : Une gestion du parc informatique simplifi\u00e9, un acc\u00e8s aux derni\u00e8res innovations et un recyclage certifi\u00e9.","breadcrumb":{"@id":"https:\/\/axialease.com\/fr\/secteurs\/leasing-informatique\/#breadcrumb"},"inLanguage":"fr-FR","potentialAction":[{"@type":"ReadAction","target":["https:\/\/axialease.com\/fr\/secteurs\/leasing-informatique\/"]}]},{"@type":"ImageObject","inLanguage":"fr-FR","@id":"https:\/\/axialease.com\/fr\/secteurs\/leasing-informatique\/#primaryimage","url":"https:\/\/axialease.com\/wp-content\/uploads\/2024\/10\/Postes-de-travail-scaled-1.webp","contentUrl":"https:\/\/axialease.com\/wp-content\/uploads\/2024\/10\/Postes-de-travail-scaled-1.webp","width":1920,"height":1191},{"@type":"BreadcrumbList","@id":"https:\/\/axialease.com\/fr\/secteurs\/leasing-informatique\/#breadcrumb","itemListElement":[{"@type":"ListItem","position":1,"name":"Accueil","item":"https:\/\/axialease.com\/fr\/"},{"@type":"ListItem","position":2,"name":"Secteurs","item":"https:\/\/axialease.com\/fr\/secteurs\/"},{"@type":"ListItem","position":3,"name":"Actifs digitaux"}]},{"@type":"WebSite","@id":"https:\/\/axialease.com\/fr\/#website","url":"https:\/\/axialease.com\/fr\/","name":"Axialease","description":"","potentialAction":[{"@type":"SearchAction","target":{"@type":"EntryPoint","urlTemplate":"https:\/\/axialease.com\/fr\/?s={search_term_string}"},"query-input":{"@type":"PropertyValueSpecification","valueRequired":true,"valueName":"search_term_string"}}],"inLanguage":"fr-FR"}]}},"_links":{"self":[{"href":"https:\/\/axialease.com\/fr\/wp-json\/wp\/v2\/pages\/551","targetHints":{"allow":["GET"]}}],"collection":[{"href":"https:\/\/axialease.com\/fr\/wp-json\/wp\/v2\/pages"}],"about":[{"href":"https:\/\/axialease.com\/fr\/wp-json\/wp\/v2\/types\/page"}],"author":[{"embeddable":true,"href":"https:\/\/axialease.com\/fr\/wp-json\/wp\/v2\/users\/2"}],"replies":[{"embeddable":true,"href":"https:\/\/axialease.com\/fr\/wp-json\/wp\/v2\/comments?post=551"}],"version-history":[{"count":16,"href":"https:\/\/axialease.com\/fr\/wp-json\/wp\/v2\/pages\/551\/revisions"}],"predecessor-version":[{"id":1866,"href":"https:\/\/axialease.com\/fr\/wp-json\/wp\/v2\/pages\/551\/revisions\/1866"}],"up":[{"embeddable":true,"href":"https:\/\/axialease.com\/fr\/wp-json\/wp\/v2\/pages\/596"}],"wp:featuredmedia":[{"embeddable":true,"href":"https:\/\/axialease.com\/fr\/wp-json\/wp\/v2\/media\/2413"}],"wp:attachment":[{"href":"https:\/\/axialease.com\/fr\/wp-json\/wp\/v2\/media?parent=551"}],"curies":[{"name":"wp","href":"https:\/\/api.w.org\/{rel}","templated":true}]}}