{"id":549,"date":"2024-09-13T10:48:00","date_gmt":"2024-09-13T08:48:00","guid":{"rendered":"https:\/\/axialease.com\/?page_id=549"},"modified":"2024-10-02T15:59:30","modified_gmt":"2024-10-02T13:59:30","slug":"services-partenaires","status":"publish","type":"page","link":"https:\/\/axialease.com\/fr\/partenaires\/services-partenaires\/","title":{"rendered":"Services partenaires"},"content":{"rendered":"\n<div class=\"wp-block-columns bloc-page-texte is-layout-flex wp-container-core-columns-is-layout-9d6595d7 wp-block-columns-is-layout-flex\">\n<div class=\"wp-block-column is-layout-flow wp-block-column-is-layout-flow\">\n<p>Chaque partenariat est une opportunit\u00e9.&nbsp;C\u2019est pour cela qu\u2019Axialease a d\u00e9velopp\u00e9 des services et programmes innovants pour apporter le maximum de performance et d\u2019agilit\u00e9 \u00e0 ses partenaires afin de favoriser leur d\u00e9veloppement commercial commun.<\/p>\n\n\n\n<h2 class=\"wp-block-heading\">Marylease<sup>\u00ae<\/sup>, l\u2019outil de scoring le plus puissant du march\u00e9<\/h2>\n\n\n\n<p>D\u00e9velopp\u00e9 en nous appuyant \u00e0 partir du retour de nos partenaires, Marylease<sup>\u00ae<\/sup> est l\u2019outil qui permet au quotidien :<\/p>\n\n\n\n<ul class=\"wp-block-list\">\n<li>d\u2019obtenir rapidement en ligne les accords de financement 7J\/7 et 24H\/24,<\/li>\n\n\n\n<li>d\u2019accompagner le cycle de vente, de la demande de financement jusqu\u2019\u00e0 l\u2019e-signature du contrat de location,<\/li>\n\n\n\n<li>de suivre les demandes de financement en temps r\u00e9el,<\/li>\n\n\n\n<li>de g\u00e9rer les contrats de location : suivi et \u00e9volution.<\/li>\n<\/ul>\n\n\n\n<p>Avec l\u2019application Marylease<sup>\u00ae<\/sup>, le leasing est entr\u00e9 dans une nouvelle \u00e8re et devient plus accessible et encore plus rapide !<\/p>\n\n\n\n<h2 class=\"wp-block-heading\">L\u2019e-signature des contrats avec Docusign<\/h2>\n\n\n\n<p>Le recours \u00e0 la signature \u00e9lectronique s\u2019inscrit dans notre strat\u00e9gie RSE. Int\u00e9gr\u00e9e \u00e0 l\u2019outil Marylease<sup>\u00ae<\/sup>, elle pr\u00e9sente de nombreux avantages :<br><\/p>\n\n\n\n<ul class=\"wp-block-list\">\n<li>r\u00e9duire les d\u00e9lais de traitement administratif et accro\u00eetre votre productivit\u00e9,<\/li>\n\n\n\n<li>r\u00e9duire le cycle de vente et augmenter votre rentabilit\u00e9,<\/li>\n\n\n\n<li>adopter une position \u00e9co-responsable : plus de papier\/courrier.<\/li>\n<\/ul>\n\n\n\n<h2 class=\"wp-block-heading\">Des programmes partenaires sur-mesure<\/h2>\n\n\n\n<p>Nos programmes partenaires sont au service de la croissance partag\u00e9e du chiffre d\u2019affaires.<\/p>\n\n\n\n<p><br><\/p>\n<\/div>\n<\/div>\n\n\n\n<div class=\"wp-block-columns is-layout-flex wp-container-core-columns-is-layout-9d6595d7 wp-block-columns-is-layout-flex\">\n<div class=\"wp-block-column is-layout-flow wp-block-column-is-layout-flow\"><div class=\"wp-block-image\">\n<figure class=\"aligncenter size-full\"><img loading=\"lazy\" decoding=\"async\" width=\"281\" height=\"309\" src=\"http:\/\/axialease.com\/wp-content\/uploads\/2024\/10\/Partenaire-Axialease.png\" alt=\"\" class=\"wp-image-2492\" srcset=\"https:\/\/axialease.com\/wp-content\/uploads\/2024\/10\/Partenaire-Axialease.png 281w, https:\/\/axialease.com\/wp-content\/uploads\/2024\/10\/Partenaire-Axialease-273x300.png 273w\" sizes=\"auto, (max-width: 281px) 100vw, 281px\" \/><\/figure>\n<\/div><\/div>\n\n\n\n<div class=\"wp-block-column is-layout-flow wp-block-column-is-layout-flow\"><div class=\"wp-block-image\">\n<figure class=\"aligncenter size-full\"><img loading=\"lazy\" decoding=\"async\" width=\"281\" height=\"353\" src=\"http:\/\/axialease.com\/wp-content\/uploads\/2024\/09\/Plan-de-travail-\u2013-13-1.png\" alt=\"\" class=\"wp-image-1825\" srcset=\"https:\/\/axialease.com\/wp-content\/uploads\/2024\/09\/Plan-de-travail-\u2013-13-1.png 281w, https:\/\/axialease.com\/wp-content\/uploads\/2024\/09\/Plan-de-travail-\u2013-13-1-239x300.png 239w\" sizes=\"auto, (max-width: 281px) 100vw, 281px\" \/><\/figure>\n<\/div><\/div>\n\n\n\n<div class=\"wp-block-column is-layout-flow wp-block-column-is-layout-flow\"><div class=\"wp-block-image\">\n<figure class=\"aligncenter size-full\"><img loading=\"lazy\" decoding=\"async\" width=\"281\" height=\"492\" src=\"http:\/\/axialease.com\/wp-content\/uploads\/2024\/09\/Plan-de-travail-\u2013-14-2.png\" alt=\"\" class=\"wp-image-1833\" srcset=\"https:\/\/axialease.com\/wp-content\/uploads\/2024\/09\/Plan-de-travail-\u2013-14-2.png 281w, https:\/\/axialease.com\/wp-content\/uploads\/2024\/09\/Plan-de-travail-\u2013-14-2-171x300.png 171w\" sizes=\"auto, (max-width: 281px) 100vw, 281px\" \/><\/figure>\n<\/div><\/div>\n<\/div>\n","protected":false},"excerpt":{"rendered":"<p>Chaque partenariat est une opportunit\u00e9.&nbsp;C\u2019est pour cela qu\u2019Axialease a d\u00e9velopp\u00e9 des services et programmes innovants pour apporter le maximum de performance et d\u2019agilit\u00e9 \u00e0 ses partenaires afin de favoriser leur d\u00e9veloppement commercial commun. Marylease\u00ae, l\u2019outil de scoring le plus puissant du march\u00e9 D\u00e9velopp\u00e9 en nous appuyant \u00e0 partir du retour de nos partenaires, Marylease\u00ae est&hellip; <a class=\"more-link\" href=\"https:\/\/axialease.com\/fr\/partenaires\/services-partenaires\/\">Poursuivre la lecture <span class=\"screen-reader-text\">Services partenaires<\/span><\/a><\/p>\n","protected":false},"author":2,"featured_media":2401,"parent":276,"menu_order":0,"comment_status":"closed","ping_status":"closed","template":"templates\/page-modele.php","meta":{"footnotes":""},"class_list":["post-549","page","type-page","status-publish","has-post-thumbnail","hentry","entry"],"yoast_head":"<!-- This site is optimized with the Yoast SEO plugin v26.4-RC2 - https:\/\/yoast.com\/wordpress\/plugins\/seo\/ -->\n<title>Services partenaires - Axialease<\/title>\n<meta name=\"description\" content=\"D\u00e9veloppez votre activit\u00e9 avec Axialease ! B\u00e9n\u00e9ficiez de services innovants sur-mesure (Marylease\u00ae 2.0, e-signature ...).\" \/>\n<meta name=\"robots\" content=\"index, follow, max-snippet:-1, max-image-preview:large, max-video-preview:-1\" \/>\n<link rel=\"canonical\" href=\"https:\/\/axialease.com\/fr\/partenaires\/services-partenaires\/\" \/>\n<meta property=\"og:locale\" content=\"fr_FR\" \/>\n<meta property=\"og:type\" content=\"article\" \/>\n<meta property=\"og:title\" content=\"Services partenaires - Axialease\" \/>\n<meta property=\"og:description\" content=\"D\u00e9veloppez votre activit\u00e9 avec Axialease ! B\u00e9n\u00e9ficiez de services innovants sur-mesure (Marylease\u00ae 2.0, e-signature ...).\" \/>\n<meta property=\"og:url\" content=\"https:\/\/axialease.com\/fr\/partenaires\/services-partenaires\/\" \/>\n<meta property=\"og:site_name\" content=\"Axialease\" \/>\n<meta property=\"article:modified_time\" content=\"2024-10-02T13:59:30+00:00\" \/>\n<meta property=\"og:image\" content=\"https:\/\/axialease.com\/wp-content\/uploads\/2024\/10\/Programmes-partenaires-sur-mesure-scaled-1.webp\" \/>\n\t<meta property=\"og:image:width\" content=\"1920\" \/>\n\t<meta property=\"og:image:height\" content=\"962\" \/>\n\t<meta property=\"og:image:type\" content=\"image\/webp\" \/>\n<meta name=\"twitter:card\" content=\"summary_large_image\" \/>\n<meta name=\"twitter:label1\" content=\"Dur\u00e9e de lecture estim\u00e9e\" \/>\n\t<meta name=\"twitter:data1\" content=\"2 minutes\" \/>\n<script type=\"application\/ld+json\" class=\"yoast-schema-graph\">{\"@context\":\"https:\/\/schema.org\",\"@graph\":[{\"@type\":\"WebPage\",\"@id\":\"https:\/\/axialease.com\/fr\/partenaires\/services-partenaires\/\",\"url\":\"https:\/\/axialease.com\/fr\/partenaires\/services-partenaires\/\",\"name\":\"Services partenaires - Axialease\",\"isPartOf\":{\"@id\":\"https:\/\/axialease.com\/fr\/#website\"},\"primaryImageOfPage\":{\"@id\":\"https:\/\/axialease.com\/fr\/partenaires\/services-partenaires\/#primaryimage\"},\"image\":{\"@id\":\"https:\/\/axialease.com\/fr\/partenaires\/services-partenaires\/#primaryimage\"},\"thumbnailUrl\":\"https:\/\/axialease.com\/wp-content\/uploads\/2024\/10\/Programmes-partenaires-sur-mesure-scaled-1.webp\",\"datePublished\":\"2024-09-13T08:48:00+00:00\",\"dateModified\":\"2024-10-02T13:59:30+00:00\",\"description\":\"D\u00e9veloppez votre activit\u00e9 avec Axialease ! B\u00e9n\u00e9ficiez de services innovants sur-mesure (Marylease\u00ae 2.0, e-signature ...).\",\"breadcrumb\":{\"@id\":\"https:\/\/axialease.com\/fr\/partenaires\/services-partenaires\/#breadcrumb\"},\"inLanguage\":\"fr-FR\",\"potentialAction\":[{\"@type\":\"ReadAction\",\"target\":[\"https:\/\/axialease.com\/fr\/partenaires\/services-partenaires\/\"]}]},{\"@type\":\"ImageObject\",\"inLanguage\":\"fr-FR\",\"@id\":\"https:\/\/axialease.com\/fr\/partenaires\/services-partenaires\/#primaryimage\",\"url\":\"https:\/\/axialease.com\/wp-content\/uploads\/2024\/10\/Programmes-partenaires-sur-mesure-scaled-1.webp\",\"contentUrl\":\"https:\/\/axialease.com\/wp-content\/uploads\/2024\/10\/Programmes-partenaires-sur-mesure-scaled-1.webp\",\"width\":1920,\"height\":962},{\"@type\":\"BreadcrumbList\",\"@id\":\"https:\/\/axialease.com\/fr\/partenaires\/services-partenaires\/#breadcrumb\",\"itemListElement\":[{\"@type\":\"ListItem\",\"position\":1,\"name\":\"Accueil\",\"item\":\"https:\/\/axialease.com\/fr\/\"},{\"@type\":\"ListItem\",\"position\":2,\"name\":\"Partenaires\",\"item\":\"https:\/\/axialease.com\/fr\/partenaires\/\"},{\"@type\":\"ListItem\",\"position\":3,\"name\":\"Services partenaires\"}]},{\"@type\":\"WebSite\",\"@id\":\"https:\/\/axialease.com\/fr\/#website\",\"url\":\"https:\/\/axialease.com\/fr\/\",\"name\":\"Axialease\",\"description\":\"\",\"potentialAction\":[{\"@type\":\"SearchAction\",\"target\":{\"@type\":\"EntryPoint\",\"urlTemplate\":\"https:\/\/axialease.com\/fr\/?s={search_term_string}\"},\"query-input\":{\"@type\":\"PropertyValueSpecification\",\"valueRequired\":true,\"valueName\":\"search_term_string\"}}],\"inLanguage\":\"fr-FR\"}]}<\/script>\n<!-- \/ Yoast SEO plugin. -->","yoast_head_json":{"title":"Services partenaires - Axialease","description":"D\u00e9veloppez votre activit\u00e9 avec Axialease ! B\u00e9n\u00e9ficiez de services innovants sur-mesure (Marylease\u00ae 2.0, e-signature ...).","robots":{"index":"index","follow":"follow","max-snippet":"max-snippet:-1","max-image-preview":"max-image-preview:large","max-video-preview":"max-video-preview:-1"},"canonical":"https:\/\/axialease.com\/fr\/partenaires\/services-partenaires\/","og_locale":"fr_FR","og_type":"article","og_title":"Services partenaires - Axialease","og_description":"D\u00e9veloppez votre activit\u00e9 avec Axialease ! B\u00e9n\u00e9ficiez de services innovants sur-mesure (Marylease\u00ae 2.0, e-signature ...).","og_url":"https:\/\/axialease.com\/fr\/partenaires\/services-partenaires\/","og_site_name":"Axialease","article_modified_time":"2024-10-02T13:59:30+00:00","og_image":[{"width":1920,"height":962,"url":"https:\/\/axialease.com\/wp-content\/uploads\/2024\/10\/Programmes-partenaires-sur-mesure-scaled-1.webp","type":"image\/webp"}],"twitter_card":"summary_large_image","twitter_misc":{"Dur\u00e9e de lecture estim\u00e9e":"2 minutes"},"schema":{"@context":"https:\/\/schema.org","@graph":[{"@type":"WebPage","@id":"https:\/\/axialease.com\/fr\/partenaires\/services-partenaires\/","url":"https:\/\/axialease.com\/fr\/partenaires\/services-partenaires\/","name":"Services partenaires - Axialease","isPartOf":{"@id":"https:\/\/axialease.com\/fr\/#website"},"primaryImageOfPage":{"@id":"https:\/\/axialease.com\/fr\/partenaires\/services-partenaires\/#primaryimage"},"image":{"@id":"https:\/\/axialease.com\/fr\/partenaires\/services-partenaires\/#primaryimage"},"thumbnailUrl":"https:\/\/axialease.com\/wp-content\/uploads\/2024\/10\/Programmes-partenaires-sur-mesure-scaled-1.webp","datePublished":"2024-09-13T08:48:00+00:00","dateModified":"2024-10-02T13:59:30+00:00","description":"D\u00e9veloppez votre activit\u00e9 avec Axialease ! B\u00e9n\u00e9ficiez de services innovants sur-mesure (Marylease\u00ae 2.0, e-signature ...).","breadcrumb":{"@id":"https:\/\/axialease.com\/fr\/partenaires\/services-partenaires\/#breadcrumb"},"inLanguage":"fr-FR","potentialAction":[{"@type":"ReadAction","target":["https:\/\/axialease.com\/fr\/partenaires\/services-partenaires\/"]}]},{"@type":"ImageObject","inLanguage":"fr-FR","@id":"https:\/\/axialease.com\/fr\/partenaires\/services-partenaires\/#primaryimage","url":"https:\/\/axialease.com\/wp-content\/uploads\/2024\/10\/Programmes-partenaires-sur-mesure-scaled-1.webp","contentUrl":"https:\/\/axialease.com\/wp-content\/uploads\/2024\/10\/Programmes-partenaires-sur-mesure-scaled-1.webp","width":1920,"height":962},{"@type":"BreadcrumbList","@id":"https:\/\/axialease.com\/fr\/partenaires\/services-partenaires\/#breadcrumb","itemListElement":[{"@type":"ListItem","position":1,"name":"Accueil","item":"https:\/\/axialease.com\/fr\/"},{"@type":"ListItem","position":2,"name":"Partenaires","item":"https:\/\/axialease.com\/fr\/partenaires\/"},{"@type":"ListItem","position":3,"name":"Services partenaires"}]},{"@type":"WebSite","@id":"https:\/\/axialease.com\/fr\/#website","url":"https:\/\/axialease.com\/fr\/","name":"Axialease","description":"","potentialAction":[{"@type":"SearchAction","target":{"@type":"EntryPoint","urlTemplate":"https:\/\/axialease.com\/fr\/?s={search_term_string}"},"query-input":{"@type":"PropertyValueSpecification","valueRequired":true,"valueName":"search_term_string"}}],"inLanguage":"fr-FR"}]}},"_links":{"self":[{"href":"https:\/\/axialease.com\/fr\/wp-json\/wp\/v2\/pages\/549","targetHints":{"allow":["GET"]}}],"collection":[{"href":"https:\/\/axialease.com\/fr\/wp-json\/wp\/v2\/pages"}],"about":[{"href":"https:\/\/axialease.com\/fr\/wp-json\/wp\/v2\/types\/page"}],"author":[{"embeddable":true,"href":"https:\/\/axialease.com\/fr\/wp-json\/wp\/v2\/users\/2"}],"replies":[{"embeddable":true,"href":"https:\/\/axialease.com\/fr\/wp-json\/wp\/v2\/comments?post=549"}],"version-history":[{"count":18,"href":"https:\/\/axialease.com\/fr\/wp-json\/wp\/v2\/pages\/549\/revisions"}],"predecessor-version":[{"id":2501,"href":"https:\/\/axialease.com\/fr\/wp-json\/wp\/v2\/pages\/549\/revisions\/2501"}],"up":[{"embeddable":true,"href":"https:\/\/axialease.com\/fr\/wp-json\/wp\/v2\/pages\/276"}],"wp:featuredmedia":[{"embeddable":true,"href":"https:\/\/axialease.com\/fr\/wp-json\/wp\/v2\/media\/2401"}],"wp:attachment":[{"href":"https:\/\/axialease.com\/fr\/wp-json\/wp\/v2\/media?parent=549"}],"curies":[{"name":"wp","href":"https:\/\/api.w.org\/{rel}","templated":true}]}}