{"id":505,"date":"2024-08-22T13:16:53","date_gmt":"2024-08-22T11:16:53","guid":{"rendered":"https:\/\/axialease.com\/?page_id=505"},"modified":"2024-10-01T18:33:35","modified_gmt":"2024-10-01T16:33:35","slug":"partenaires-financement-des-ventes","status":"publish","type":"page","link":"https:\/\/axialease.com\/fr\/partenaires\/partenaires-financement-des-ventes\/","title":{"rendered":"Financement des ventes"},"content":{"rendered":"\n<div class=\"wp-block-columns bloc-page-texte is-layout-flex wp-container-core-columns-is-layout-9d6595d7 wp-block-columns-is-layout-flex\">\n<div class=\"wp-block-column is-layout-flow wp-block-column-is-layout-flow\">\n<p>Dans un monde hyper-comp\u00e9titif, faciliter la prise de d\u00e9cision de ses clients est un outil d\u00e9terminant du succ\u00e8s. Pour cela, int\u00e9grer directement la question du financement \u00e0 son offre est devenu un incontournable.<\/p>\n<\/div>\n<\/div>\n\n\n\n<div class=\"wp-block-columns bloc-page-image-texte is-layout-flex wp-container-core-columns-is-layout-9d6595d7 wp-block-columns-is-layout-flex\">\n<div class=\"wp-block-column is-layout-flow wp-block-column-is-layout-flow\">\n<div class=\"wp-block-media-text is-stacked-on-mobile is-image-fill\"><figure class=\"wp-block-media-text__media\" style=\"background-image:url(http:\/\/axialease.com\/wp-content\/uploads\/2024\/09\/solutions-financement-competitives-1024x574.jpeg);background-position:50% 50%\"><img loading=\"lazy\" decoding=\"async\" width=\"1024\" height=\"574\" src=\"http:\/\/axialease.com\/wp-content\/uploads\/2024\/09\/solutions-financement-competitives-1024x574.jpeg\" alt=\"\" class=\"wp-image-2118 size-full\" srcset=\"https:\/\/axialease.com\/wp-content\/uploads\/2024\/09\/solutions-financement-competitives-1024x574.jpeg 1024w, https:\/\/axialease.com\/wp-content\/uploads\/2024\/09\/solutions-financement-competitives-300x168.jpeg 300w, https:\/\/axialease.com\/wp-content\/uploads\/2024\/09\/solutions-financement-competitives-768x430.jpeg 768w, https:\/\/axialease.com\/wp-content\/uploads\/2024\/09\/solutions-financement-competitives-1536x861.jpeg 1536w, https:\/\/axialease.com\/wp-content\/uploads\/2024\/09\/solutions-financement-competitives-2048x1148.jpeg 2048w, https:\/\/axialease.com\/wp-content\/uploads\/2024\/09\/solutions-financement-competitives-1568x879.jpeg 1568w\" sizes=\"auto, (max-width: 1024px) 100vw, 1024px\" \/><\/figure><div class=\"wp-block-media-text__content\">\n<p><strong>C\u2019est pour cela qu\u2019Axialease propose \u00e0 ses partenaires les solutions de financement les plus comp\u00e9titives.<\/strong><\/p>\n\n\n\n<p>Le leasing est devenu l\u2019outil puissant de stimulation des ventes. Il permet d\u2019acqu\u00e9rir son \u00e9quipement ou actif sans avoir \u00e0 d\u00e9bourser imm\u00e9diatement une somme d\u2019argent ou \u00e0 engager des discussions avec ses partenaires bancaires. Le client final pourra ainsi conserver sa tr\u00e9sorerie pour des investissements de croissance.<\/p>\n<\/div><\/div>\n<\/div>\n<\/div>\n\n\n\n<div class=\"wp-block-columns bloc-page-texte is-layout-flex wp-container-core-columns-is-layout-9d6595d7 wp-block-columns-is-layout-flex\">\n<div class=\"wp-block-column is-layout-flow wp-block-column-is-layout-flow\">\n<h2 class=\"wp-block-heading\">Lier vente et usage est devenu un incontournable<\/h2>\n\n\n\n<p>Les entreprises et les professionnels sont habitu\u00e9s \u00e0 la location financi\u00e8re ou op\u00e9rationnelle de nombreux \u00e9quipements. Plus personne n\u2019imagine acqu\u00e9rir un mobile ou un v\u00e9hicule.&nbsp;<\/p>\n\n\n\n<p>\u00catre les premiers sur son march\u00e9 \u00e0 disposer d\u2019une solution de financement des ventes sera vu comme un signe de dynamisme et d\u2019innovation. C\u2019est un levier pour une exp\u00e9rience client r\u00e9ussie.<\/p>\n\n\n\n<h2 class=\"wp-block-heading\">Les avantages du leasing pour favoriser ses ventes<\/h2>\n\n\n\n<p>Sp\u00e9cialiste du financement des ventes, Axialease propose des programmes de partenariats sur mesure. Ces programmes permettent notamment :<\/p>\n\n\n\n<h3 class=\"wp-block-heading\">De favoriser le d\u00e9veloppement des ventes<\/h3>\n\n\n\n<p>Le leasing permet aux entreprises de vendre plus de biens en les rendant plus accessibles aux clients. En proposant un loyer, vous optimisez le cycle de vente, votre marge et le renouvellement du parc.<\/p>\n\n\n\n<h3 class=\"wp-block-heading\">D\u2019am\u00e9liorer la fid\u00e9lisation de la client\u00e8le<\/h3>\n\n\n\n<p>Les clients qui optent pour le leasing sont plus fid\u00e8les \u00e0 l&rsquo;entreprise que les clients qui ach\u00e8tent un bien au comptant. Connaissant la date de fin du contrat, vous pourrez plus facilement anticiper le renouvellement des produits.<\/p>\n\n\n\n<h3 class=\"wp-block-heading\">De pr\u00e9server son cash-flow et d\u2019am\u00e9liorer sa rentabilit\u00e9<\/h3>\n\n\n\n<p>Le premier int\u00e9r\u00eat du recours au leasing est de pr\u00e9server sa tr\u00e9sorerie. Ce qui est vrai pour le client final, l\u2019est aussi pour nos partenaires. De m\u00eame une approche int\u00e9grant vente d\u2019une solution, financement et le cas \u00e9ch\u00e9ant maintenance et assurance, favorise la d\u00e9fense de la marge nette et donc de la rentabilit\u00e9.<\/p>\n\n\n\n<h3 class=\"wp-block-heading\">Une r\u00e9duction des risques<\/h3>\n\n\n\n<p>Le leasing permet aux entreprises partenaires de transf\u00e9rer une partie des risques li\u00e9s au bien, au bailleur, qui va s\u00e9curiser le paiement de l\u2019affaire.<\/p>\n\n\n\n<h3 class=\"wp-block-heading\">Une prise en compte des enjeux de RSE<\/h3>\n\n\n\n<p>La location financi\u00e8re s\u2019accompagne n\u00e9cessairement d\u2019une r\u00e9flexion globale autour du cycle de vie du produit. Il peut permettre de cr\u00e9er une offre autour du r\u00e9emploi des biens \u00e0 la fin du contrat de location et apr\u00e8s leur \u00e9ventuelle remise en \u00e9tat. La nature m\u00eame du contrat optimise le recyclage du produit et assure qu\u2019il sera valoris\u00e9 dans les meilleures conditions possibles pour l\u2019environnement.<\/p>\n<\/div>\n<\/div>\n\n\n\n<div class=\"wp-block-columns bloc-page-image is-layout-flex wp-container-core-columns-is-layout-9d6595d7 wp-block-columns-is-layout-flex\">\n<div class=\"wp-block-column is-layout-flow wp-block-column-is-layout-flow\">\n<figure class=\"wp-block-image size-full\"><img loading=\"lazy\" decoding=\"async\" width=\"1920\" height=\"675\" src=\"http:\/\/axialease.com\/wp-content\/uploads\/2024\/10\/recyclage-materiels-informatiques.jpg\" alt=\"\" class=\"wp-image-2282\" srcset=\"https:\/\/axialease.com\/wp-content\/uploads\/2024\/10\/recyclage-materiels-informatiques.jpg 1920w, https:\/\/axialease.com\/wp-content\/uploads\/2024\/10\/recyclage-materiels-informatiques-300x105.jpg 300w, https:\/\/axialease.com\/wp-content\/uploads\/2024\/10\/recyclage-materiels-informatiques-1024x360.jpg 1024w, https:\/\/axialease.com\/wp-content\/uploads\/2024\/10\/recyclage-materiels-informatiques-768x270.jpg 768w, https:\/\/axialease.com\/wp-content\/uploads\/2024\/10\/recyclage-materiels-informatiques-1536x540.jpg 1536w, https:\/\/axialease.com\/wp-content\/uploads\/2024\/10\/recyclage-materiels-informatiques-1568x551.jpg 1568w\" sizes=\"auto, (max-width: 1920px) 100vw, 1920px\" \/><\/figure>\n<\/div>\n<\/div>\n\n\n\n<div class=\"wp-block-columns bloc-page-texte is-layout-flex wp-container-core-columns-is-layout-9d6595d7 wp-block-columns-is-layout-flex\">\n<div class=\"wp-block-column is-layout-flow wp-block-column-is-layout-flow\">\n<h2 class=\"wp-block-heading\">Les clients de nos partenaires b\u00e9n\u00e9ficient aussi d\u2019avantages<\/h2>\n\n\n\n<p>Le client final profite de tous les avantages offerts par le leasing :&nbsp;<\/p>\n\n\n\n<ul class=\"wp-block-list\">\n<li>une solution indolore pour sa tr\u00e9sorerie,<\/li>\n\n\n\n<li>une capacit\u00e9 d\u2019endettement intacte,<\/li>\n\n\n\n<li>une adaptation des termes du contrat \u00e0 ses besoins,<\/li>\n\n\n\n<li>une meilleure ma\u00eetrise de ses budgets d\u2019exploitation,<\/li>\n\n\n\n<li>un traitement fiscal favorable.\u00a0<\/li>\n<\/ul>\n\n\n\n<h2 class=\"wp-block-heading\">\u00catre partenaire Axialease et de ses solutions performantes<\/h2>\n\n\n\n<p>Axialease propose \u00e0 ses partenaires les solutions de financement les plus comp\u00e9titives. Avec notre financement de vos ventes, vous enrichissez votre offre de services et proposez des solutions de location innovantes et fiables.<\/p>\n\n\n\n<p><strong>Devenir partenaire<\/strong>, c\u2019est b\u00e9n\u00e9ficier d\u2019outils puissants pour accompagner votre activit\u00e9 commerciale, d\u00e9velopper et optimiser le volume d\u2019affaires, satisfaire et fid\u00e9liser vos clients.<\/p>\n\n\n\n<p><strong>Devenir partenaire<\/strong>, c\u2019est proposer des contrats :<\/p>\n\n\n\n<ul class=\"wp-block-list\">\n<li>de location financi\u00e8re ou op\u00e9rationnelle \u00e9volutifs,<\/li>\n\n\n\n<li>avec des dur\u00e9es de financement de 12 \u00e0 72 mois,<\/li>\n\n\n\n<li>qui ont la capacit\u00e9 de financer l\u2019int\u00e9gralit\u00e9 des projets : mat\u00e9riels, logiciels (jusqu\u2019\u00e0 100%), services.<\/li>\n<\/ul>\n\n\n\n<p><strong>Devenir partenaire<\/strong>, c\u2019est b\u00e9n\u00e9ficier de nos outils :&nbsp;<br><\/p>\n\n\n\n<ul class=\"wp-block-list\">\n<li>Marylease\u00ae, l\u2019outil de gestion de vos contrats qui permet de demander et d\u2019obtenir rapidement vos accords de financement,\u00a0<\/li>\n\n\n\n<li>l\u2019e-signature, processus simple qui r\u00e9duit les temps de traitement administratif et r\u00e9duit votre empreinte carbone.<\/li>\n<\/ul>\n\n\n\n<p>Pour aller plus loin, nous avons d\u00e9velopp\u00e9 des programmes pour personnaliser encore davantage nos partenariats et pouvons m\u00eame cr\u00e9er votre marque blanche de financement.<\/p>\n<\/div>\n<\/div>\n","protected":false},"excerpt":{"rendered":"<p>Dans un monde hyper-comp\u00e9titif, faciliter la prise de d\u00e9cision de ses clients est un outil d\u00e9terminant du succ\u00e8s. Pour cela, int\u00e9grer directement la question du financement \u00e0 son offre est devenu un incontournable. C\u2019est pour cela qu\u2019Axialease propose \u00e0 ses partenaires les solutions de financement les plus comp\u00e9titives. Le leasing est devenu l\u2019outil puissant de&hellip; <a class=\"more-link\" href=\"https:\/\/axialease.com\/fr\/partenaires\/partenaires-financement-des-ventes\/\">Poursuivre la lecture <span class=\"screen-reader-text\">Financement des ventes<\/span><\/a><\/p>\n","protected":false},"author":2,"featured_media":2407,"parent":276,"menu_order":0,"comment_status":"closed","ping_status":"closed","template":"templates\/page-modele.php","meta":{"footnotes":""},"class_list":["post-505","page","type-page","status-publish","has-post-thumbnail","hentry","entry"],"yoast_head":"<!-- This site is optimized with the Yoast SEO plugin v26.4-RC2 - https:\/\/yoast.com\/wordpress\/plugins\/seo\/ -->\n<title>Financement des ventes - Axialease<\/title>\n<meta name=\"description\" content=\"Axialease : D\u00e9couvrez nos solutions de financement des ventes pour d\u00e9velopper votre chiffre d&#039;affaires et fid\u00e9liser vos clients.\" \/>\n<meta name=\"robots\" content=\"index, follow, max-snippet:-1, max-image-preview:large, max-video-preview:-1\" \/>\n<link rel=\"canonical\" href=\"https:\/\/axialease.com\/fr\/partenaires\/partenaires-financement-des-ventes\/\" \/>\n<meta property=\"og:locale\" content=\"fr_FR\" \/>\n<meta property=\"og:type\" content=\"article\" \/>\n<meta property=\"og:title\" content=\"Financement des ventes - Axialease\" \/>\n<meta property=\"og:description\" content=\"Axialease : D\u00e9couvrez nos solutions de financement des ventes pour d\u00e9velopper votre chiffre d&#039;affaires et fid\u00e9liser vos clients.\" \/>\n<meta property=\"og:url\" content=\"https:\/\/axialease.com\/fr\/partenaires\/partenaires-financement-des-ventes\/\" \/>\n<meta property=\"og:site_name\" content=\"Axialease\" \/>\n<meta property=\"article:modified_time\" content=\"2024-10-01T16:33:35+00:00\" \/>\n<meta property=\"og:image\" content=\"https:\/\/axialease.com\/wp-content\/uploads\/2024\/10\/Financement-des-ventes-scaled-1.webp\" \/>\n\t<meta property=\"og:image:width\" content=\"1920\" \/>\n\t<meta property=\"og:image:height\" content=\"1076\" \/>\n\t<meta property=\"og:image:type\" content=\"image\/webp\" \/>\n<meta name=\"twitter:card\" content=\"summary_large_image\" \/>\n<meta name=\"twitter:label1\" content=\"Dur\u00e9e de lecture estim\u00e9e\" \/>\n\t<meta name=\"twitter:data1\" content=\"4 minutes\" \/>\n<script type=\"application\/ld+json\" class=\"yoast-schema-graph\">{\"@context\":\"https:\/\/schema.org\",\"@graph\":[{\"@type\":\"WebPage\",\"@id\":\"https:\/\/axialease.com\/fr\/partenaires\/partenaires-financement-des-ventes\/\",\"url\":\"https:\/\/axialease.com\/fr\/partenaires\/partenaires-financement-des-ventes\/\",\"name\":\"Financement des ventes - Axialease\",\"isPartOf\":{\"@id\":\"https:\/\/axialease.com\/fr\/#website\"},\"primaryImageOfPage\":{\"@id\":\"https:\/\/axialease.com\/fr\/partenaires\/partenaires-financement-des-ventes\/#primaryimage\"},\"image\":{\"@id\":\"https:\/\/axialease.com\/fr\/partenaires\/partenaires-financement-des-ventes\/#primaryimage\"},\"thumbnailUrl\":\"https:\/\/axialease.com\/wp-content\/uploads\/2024\/10\/Financement-des-ventes-scaled-1.webp\",\"datePublished\":\"2024-08-22T11:16:53+00:00\",\"dateModified\":\"2024-10-01T16:33:35+00:00\",\"description\":\"Axialease : D\u00e9couvrez nos solutions de financement des ventes pour d\u00e9velopper votre chiffre d'affaires et fid\u00e9liser vos clients.\",\"breadcrumb\":{\"@id\":\"https:\/\/axialease.com\/fr\/partenaires\/partenaires-financement-des-ventes\/#breadcrumb\"},\"inLanguage\":\"fr-FR\",\"potentialAction\":[{\"@type\":\"ReadAction\",\"target\":[\"https:\/\/axialease.com\/fr\/partenaires\/partenaires-financement-des-ventes\/\"]}]},{\"@type\":\"ImageObject\",\"inLanguage\":\"fr-FR\",\"@id\":\"https:\/\/axialease.com\/fr\/partenaires\/partenaires-financement-des-ventes\/#primaryimage\",\"url\":\"https:\/\/axialease.com\/wp-content\/uploads\/2024\/10\/Financement-des-ventes-scaled-1.webp\",\"contentUrl\":\"https:\/\/axialease.com\/wp-content\/uploads\/2024\/10\/Financement-des-ventes-scaled-1.webp\",\"width\":1920,\"height\":1076},{\"@type\":\"BreadcrumbList\",\"@id\":\"https:\/\/axialease.com\/fr\/partenaires\/partenaires-financement-des-ventes\/#breadcrumb\",\"itemListElement\":[{\"@type\":\"ListItem\",\"position\":1,\"name\":\"Accueil\",\"item\":\"https:\/\/axialease.com\/fr\/\"},{\"@type\":\"ListItem\",\"position\":2,\"name\":\"Partenaires\",\"item\":\"https:\/\/axialease.com\/fr\/partenaires\/\"},{\"@type\":\"ListItem\",\"position\":3,\"name\":\"Financement des ventes\"}]},{\"@type\":\"WebSite\",\"@id\":\"https:\/\/axialease.com\/fr\/#website\",\"url\":\"https:\/\/axialease.com\/fr\/\",\"name\":\"Axialease\",\"description\":\"\",\"potentialAction\":[{\"@type\":\"SearchAction\",\"target\":{\"@type\":\"EntryPoint\",\"urlTemplate\":\"https:\/\/axialease.com\/fr\/?s={search_term_string}\"},\"query-input\":{\"@type\":\"PropertyValueSpecification\",\"valueRequired\":true,\"valueName\":\"search_term_string\"}}],\"inLanguage\":\"fr-FR\"}]}<\/script>\n<!-- \/ Yoast SEO plugin. -->","yoast_head_json":{"title":"Financement des ventes - Axialease","description":"Axialease : D\u00e9couvrez nos solutions de financement des ventes pour d\u00e9velopper votre chiffre d'affaires et fid\u00e9liser vos clients.","robots":{"index":"index","follow":"follow","max-snippet":"max-snippet:-1","max-image-preview":"max-image-preview:large","max-video-preview":"max-video-preview:-1"},"canonical":"https:\/\/axialease.com\/fr\/partenaires\/partenaires-financement-des-ventes\/","og_locale":"fr_FR","og_type":"article","og_title":"Financement des ventes - Axialease","og_description":"Axialease : D\u00e9couvrez nos solutions de financement des ventes pour d\u00e9velopper votre chiffre d'affaires et fid\u00e9liser vos clients.","og_url":"https:\/\/axialease.com\/fr\/partenaires\/partenaires-financement-des-ventes\/","og_site_name":"Axialease","article_modified_time":"2024-10-01T16:33:35+00:00","og_image":[{"width":1920,"height":1076,"url":"https:\/\/axialease.com\/wp-content\/uploads\/2024\/10\/Financement-des-ventes-scaled-1.webp","type":"image\/webp"}],"twitter_card":"summary_large_image","twitter_misc":{"Dur\u00e9e de lecture estim\u00e9e":"4 minutes"},"schema":{"@context":"https:\/\/schema.org","@graph":[{"@type":"WebPage","@id":"https:\/\/axialease.com\/fr\/partenaires\/partenaires-financement-des-ventes\/","url":"https:\/\/axialease.com\/fr\/partenaires\/partenaires-financement-des-ventes\/","name":"Financement des ventes - Axialease","isPartOf":{"@id":"https:\/\/axialease.com\/fr\/#website"},"primaryImageOfPage":{"@id":"https:\/\/axialease.com\/fr\/partenaires\/partenaires-financement-des-ventes\/#primaryimage"},"image":{"@id":"https:\/\/axialease.com\/fr\/partenaires\/partenaires-financement-des-ventes\/#primaryimage"},"thumbnailUrl":"https:\/\/axialease.com\/wp-content\/uploads\/2024\/10\/Financement-des-ventes-scaled-1.webp","datePublished":"2024-08-22T11:16:53+00:00","dateModified":"2024-10-01T16:33:35+00:00","description":"Axialease : D\u00e9couvrez nos solutions de financement des ventes pour d\u00e9velopper votre chiffre d'affaires et fid\u00e9liser vos clients.","breadcrumb":{"@id":"https:\/\/axialease.com\/fr\/partenaires\/partenaires-financement-des-ventes\/#breadcrumb"},"inLanguage":"fr-FR","potentialAction":[{"@type":"ReadAction","target":["https:\/\/axialease.com\/fr\/partenaires\/partenaires-financement-des-ventes\/"]}]},{"@type":"ImageObject","inLanguage":"fr-FR","@id":"https:\/\/axialease.com\/fr\/partenaires\/partenaires-financement-des-ventes\/#primaryimage","url":"https:\/\/axialease.com\/wp-content\/uploads\/2024\/10\/Financement-des-ventes-scaled-1.webp","contentUrl":"https:\/\/axialease.com\/wp-content\/uploads\/2024\/10\/Financement-des-ventes-scaled-1.webp","width":1920,"height":1076},{"@type":"BreadcrumbList","@id":"https:\/\/axialease.com\/fr\/partenaires\/partenaires-financement-des-ventes\/#breadcrumb","itemListElement":[{"@type":"ListItem","position":1,"name":"Accueil","item":"https:\/\/axialease.com\/fr\/"},{"@type":"ListItem","position":2,"name":"Partenaires","item":"https:\/\/axialease.com\/fr\/partenaires\/"},{"@type":"ListItem","position":3,"name":"Financement des ventes"}]},{"@type":"WebSite","@id":"https:\/\/axialease.com\/fr\/#website","url":"https:\/\/axialease.com\/fr\/","name":"Axialease","description":"","potentialAction":[{"@type":"SearchAction","target":{"@type":"EntryPoint","urlTemplate":"https:\/\/axialease.com\/fr\/?s={search_term_string}"},"query-input":{"@type":"PropertyValueSpecification","valueRequired":true,"valueName":"search_term_string"}}],"inLanguage":"fr-FR"}]}},"_links":{"self":[{"href":"https:\/\/axialease.com\/fr\/wp-json\/wp\/v2\/pages\/505","targetHints":{"allow":["GET"]}}],"collection":[{"href":"https:\/\/axialease.com\/fr\/wp-json\/wp\/v2\/pages"}],"about":[{"href":"https:\/\/axialease.com\/fr\/wp-json\/wp\/v2\/types\/page"}],"author":[{"embeddable":true,"href":"https:\/\/axialease.com\/fr\/wp-json\/wp\/v2\/users\/2"}],"replies":[{"embeddable":true,"href":"https:\/\/axialease.com\/fr\/wp-json\/wp\/v2\/comments?post=505"}],"version-history":[{"count":34,"href":"https:\/\/axialease.com\/fr\/wp-json\/wp\/v2\/pages\/505\/revisions"}],"predecessor-version":[{"id":2436,"href":"https:\/\/axialease.com\/fr\/wp-json\/wp\/v2\/pages\/505\/revisions\/2436"}],"up":[{"embeddable":true,"href":"https:\/\/axialease.com\/fr\/wp-json\/wp\/v2\/pages\/276"}],"wp:featuredmedia":[{"embeddable":true,"href":"https:\/\/axialease.com\/fr\/wp-json\/wp\/v2\/media\/2407"}],"wp:attachment":[{"href":"https:\/\/axialease.com\/fr\/wp-json\/wp\/v2\/media?parent=505"}],"curies":[{"name":"wp","href":"https:\/\/api.w.org\/{rel}","templated":true}]}}