{"id":486,"date":"2024-08-25T22:25:44","date_gmt":"2024-08-25T20:25:44","guid":{"rendered":"https:\/\/axialease.com\/?page_id=486"},"modified":"2024-10-01T15:50:00","modified_gmt":"2024-10-01T13:50:00","slug":"enveloppe-cadre","status":"publish","type":"page","link":"https:\/\/axialease.com\/fr\/nos-solutions\/enveloppe-cadre\/","title":{"rendered":"Enveloppe cadre"},"content":{"rendered":"\n<div class=\"wp-block-columns bloc-page-texte is-layout-flex wp-container-core-columns-is-layout-9d6595d7 wp-block-columns-is-layout-flex\">\n<div class=\"wp-block-column is-layout-flow wp-block-column-is-layout-flow\">\n<p>Pour vos projets complexes ou ceux n\u00e9cessitant du temps pour leur mise en \u0153uvre, Axialease vous propose la mise en place d\u2019une enveloppe cadre. <\/p>\n\n\n\n<p>Il s\u2019agit d\u2019un outil de financement structur\u00e9 qui, par sa nature m\u00eame, est enti\u00e8rement adapt\u00e9 \u00e0 vos besoins. <\/p>\n\n\n\n<p>Par le biais d\u2019un contrat unique, nous d\u00e9finissons au d\u00e9part une ligne de financement pr\u00e9-approuv\u00e9e ouverte pour une p\u00e9riode d\u00e9termin\u00e9e \u00e0 l\u2019avance. Vous allez pouvoir acqu\u00e9rir les actifs d\u00e9finis sans \u00eatre oblig\u00e9 de remettre en place un nouveau contrat de leasing.<\/p>\n\n\n\n<p>Ce type de contrat est particuli\u00e8rement adapt\u00e9 au d\u00e9ploiement d\u2019un projet d\u2019am\u00e9nagement complexe faisant intervenir plusieurs fournisseurs ou pour le d\u00e9ploiement d\u2019une infrastructure IT ou industrielle par paliers ou \u00e9tapes. Cette solution permet :<\/p>\n\n\n\n<ul class=\"wp-block-list\">\n<li>Une tr\u00e8s grande flexibilit\u00e9 dans la gestion de vos besoins d\u2019\u00e9quipements. Au fur et \u00e0 mesure de leur \u00e9volution, votre contrat va s\u2019adapter ainsi que vos loyers. Il va permettre de prendre en compte sans difficult\u00e9 les retards \u00e9ventuels de livraison ou le r\u00e9ordonnancement de vos projets complexes.<\/li>\n\n\n\n<li>Un gain de temps consid\u00e9rable, car les principales caract\u00e9ristiques de votre contrat sont d\u00e9termin\u00e9es une fois pour toutes (dur\u00e9e, taux de financement\u2026). Cela \u00e9vite des n\u00e9gociations \u00e0 r\u00e9p\u00e9tition et simplifie la gestion administrative du fait de l\u2019unicit\u00e9 du contrat de leasing.<\/li>\n\n\n\n<li>De n\u00e9gocier des conditions financi\u00e8res plus avantageuses par le niveau des montants en jeu.<\/li>\n\n\n\n<li>D\u2019avoir une meilleure visibilit\u00e9 sur les co\u00fbts de vos investissements et donc de faciliter votre planification budg\u00e9taire et strat\u00e9gique.<\/li>\n<\/ul>\n\n\n\n<p>Pour les projets les plus importants, c\u2019est aussi un moyen de r\u00e9partir les risques entre diff\u00e9rents partenaires.<\/p>\n\n\n\n<h4 class=\"wp-block-heading\">Vous avez un projet qui peut n\u00e9cessiter ce type de financement, le plus simple est d\u2019en discuter.<\/h4>\n<\/div>\n<\/div>\n","protected":false},"excerpt":{"rendered":"<p>Pour vos projets complexes ou ceux n\u00e9cessitant du temps pour leur mise en \u0153uvre, Axialease vous propose la mise en place d\u2019une enveloppe cadre. Il s\u2019agit d\u2019un outil de financement structur\u00e9 qui, par sa nature m\u00eame, est enti\u00e8rement adapt\u00e9 \u00e0 vos besoins. Par le biais d\u2019un contrat unique, nous d\u00e9finissons au d\u00e9part une ligne de&hellip; <a class=\"more-link\" href=\"https:\/\/axialease.com\/fr\/nos-solutions\/enveloppe-cadre\/\">Poursuivre la lecture <span class=\"screen-reader-text\">Enveloppe cadre<\/span><\/a><\/p>\n","protected":false},"author":2,"featured_media":2397,"parent":272,"menu_order":0,"comment_status":"closed","ping_status":"closed","template":"templates\/page-modele.php","meta":{"footnotes":""},"class_list":["post-486","page","type-page","status-publish","has-post-thumbnail","hentry","entry"],"yoast_head":"<!-- This site is optimized with the Yoast SEO plugin v26.4-RC2 - https:\/\/yoast.com\/wordpress\/plugins\/seo\/ -->\n<title>Enveloppe cadre - Axialease<\/title>\n<meta name=\"description\" content=\"Axialease : L&#039;enveloppe-cadre, l&#039;outil id\u00e9al pour financer vos projets d&#039;envergure tout en b\u00e9n\u00e9ficiant d&#039;une grande flexibilit\u00e9 pour financer vos \u00e9quipements.\" \/>\n<meta name=\"robots\" content=\"index, follow, max-snippet:-1, max-image-preview:large, max-video-preview:-1\" \/>\n<link rel=\"canonical\" href=\"https:\/\/axialease.com\/fr\/nos-solutions\/enveloppe-cadre\/\" \/>\n<meta property=\"og:locale\" content=\"fr_FR\" \/>\n<meta property=\"og:type\" content=\"article\" \/>\n<meta property=\"og:title\" content=\"Enveloppe cadre - Axialease\" \/>\n<meta property=\"og:description\" content=\"Axialease : L&#039;enveloppe-cadre, l&#039;outil id\u00e9al pour financer vos projets d&#039;envergure tout en b\u00e9n\u00e9ficiant d&#039;une grande flexibilit\u00e9 pour financer vos \u00e9quipements.\" \/>\n<meta property=\"og:url\" content=\"https:\/\/axialease.com\/fr\/nos-solutions\/enveloppe-cadre\/\" \/>\n<meta property=\"og:site_name\" content=\"Axialease\" \/>\n<meta property=\"article:modified_time\" content=\"2024-10-01T13:50:00+00:00\" \/>\n<meta property=\"og:image\" content=\"https:\/\/axialease.com\/wp-content\/uploads\/2024\/10\/Enveloppe-cadre-Axialease-scaled-1.webp\" \/>\n\t<meta property=\"og:image:width\" content=\"1960\" \/>\n\t<meta property=\"og:image:height\" content=\"1120\" \/>\n\t<meta property=\"og:image:type\" content=\"image\/webp\" \/>\n<meta name=\"twitter:card\" content=\"summary_large_image\" \/>\n<meta name=\"twitter:label1\" content=\"Dur\u00e9e de lecture estim\u00e9e\" \/>\n\t<meta name=\"twitter:data1\" content=\"2 minutes\" \/>\n<script type=\"application\/ld+json\" class=\"yoast-schema-graph\">{\"@context\":\"https:\/\/schema.org\",\"@graph\":[{\"@type\":\"WebPage\",\"@id\":\"https:\/\/axialease.com\/fr\/nos-solutions\/enveloppe-cadre\/\",\"url\":\"https:\/\/axialease.com\/fr\/nos-solutions\/enveloppe-cadre\/\",\"name\":\"Enveloppe cadre - Axialease\",\"isPartOf\":{\"@id\":\"https:\/\/axialease.com\/fr\/#website\"},\"primaryImageOfPage\":{\"@id\":\"https:\/\/axialease.com\/fr\/nos-solutions\/enveloppe-cadre\/#primaryimage\"},\"image\":{\"@id\":\"https:\/\/axialease.com\/fr\/nos-solutions\/enveloppe-cadre\/#primaryimage\"},\"thumbnailUrl\":\"https:\/\/axialease.com\/wp-content\/uploads\/2024\/10\/Enveloppe-cadre-Axialease-scaled-1.webp\",\"datePublished\":\"2024-08-25T20:25:44+00:00\",\"dateModified\":\"2024-10-01T13:50:00+00:00\",\"description\":\"Axialease : L'enveloppe-cadre, l'outil id\u00e9al pour financer vos projets d'envergure tout en b\u00e9n\u00e9ficiant d'une grande flexibilit\u00e9 pour financer vos \u00e9quipements.\",\"breadcrumb\":{\"@id\":\"https:\/\/axialease.com\/fr\/nos-solutions\/enveloppe-cadre\/#breadcrumb\"},\"inLanguage\":\"fr-FR\",\"potentialAction\":[{\"@type\":\"ReadAction\",\"target\":[\"https:\/\/axialease.com\/fr\/nos-solutions\/enveloppe-cadre\/\"]}]},{\"@type\":\"ImageObject\",\"inLanguage\":\"fr-FR\",\"@id\":\"https:\/\/axialease.com\/fr\/nos-solutions\/enveloppe-cadre\/#primaryimage\",\"url\":\"https:\/\/axialease.com\/wp-content\/uploads\/2024\/10\/Enveloppe-cadre-Axialease-scaled-1.webp\",\"contentUrl\":\"https:\/\/axialease.com\/wp-content\/uploads\/2024\/10\/Enveloppe-cadre-Axialease-scaled-1.webp\",\"width\":1960,\"height\":1120},{\"@type\":\"BreadcrumbList\",\"@id\":\"https:\/\/axialease.com\/fr\/nos-solutions\/enveloppe-cadre\/#breadcrumb\",\"itemListElement\":[{\"@type\":\"ListItem\",\"position\":1,\"name\":\"Accueil\",\"item\":\"https:\/\/axialease.com\/fr\/\"},{\"@type\":\"ListItem\",\"position\":2,\"name\":\"Nos solutions\",\"item\":\"https:\/\/axialease.com\/fr\/nos-solutions\/\"},{\"@type\":\"ListItem\",\"position\":3,\"name\":\"Enveloppe cadre\"}]},{\"@type\":\"WebSite\",\"@id\":\"https:\/\/axialease.com\/fr\/#website\",\"url\":\"https:\/\/axialease.com\/fr\/\",\"name\":\"Axialease\",\"description\":\"\",\"potentialAction\":[{\"@type\":\"SearchAction\",\"target\":{\"@type\":\"EntryPoint\",\"urlTemplate\":\"https:\/\/axialease.com\/fr\/?s={search_term_string}\"},\"query-input\":{\"@type\":\"PropertyValueSpecification\",\"valueRequired\":true,\"valueName\":\"search_term_string\"}}],\"inLanguage\":\"fr-FR\"}]}<\/script>\n<!-- \/ Yoast SEO plugin. -->","yoast_head_json":{"title":"Enveloppe cadre - Axialease","description":"Axialease : L'enveloppe-cadre, l'outil id\u00e9al pour financer vos projets d'envergure tout en b\u00e9n\u00e9ficiant d'une grande flexibilit\u00e9 pour financer vos \u00e9quipements.","robots":{"index":"index","follow":"follow","max-snippet":"max-snippet:-1","max-image-preview":"max-image-preview:large","max-video-preview":"max-video-preview:-1"},"canonical":"https:\/\/axialease.com\/fr\/nos-solutions\/enveloppe-cadre\/","og_locale":"fr_FR","og_type":"article","og_title":"Enveloppe cadre - Axialease","og_description":"Axialease : L'enveloppe-cadre, l'outil id\u00e9al pour financer vos projets d'envergure tout en b\u00e9n\u00e9ficiant d'une grande flexibilit\u00e9 pour financer vos \u00e9quipements.","og_url":"https:\/\/axialease.com\/fr\/nos-solutions\/enveloppe-cadre\/","og_site_name":"Axialease","article_modified_time":"2024-10-01T13:50:00+00:00","og_image":[{"width":1960,"height":1120,"url":"https:\/\/axialease.com\/wp-content\/uploads\/2024\/10\/Enveloppe-cadre-Axialease-scaled-1.webp","type":"image\/webp"}],"twitter_card":"summary_large_image","twitter_misc":{"Dur\u00e9e de lecture estim\u00e9e":"2 minutes"},"schema":{"@context":"https:\/\/schema.org","@graph":[{"@type":"WebPage","@id":"https:\/\/axialease.com\/fr\/nos-solutions\/enveloppe-cadre\/","url":"https:\/\/axialease.com\/fr\/nos-solutions\/enveloppe-cadre\/","name":"Enveloppe cadre - Axialease","isPartOf":{"@id":"https:\/\/axialease.com\/fr\/#website"},"primaryImageOfPage":{"@id":"https:\/\/axialease.com\/fr\/nos-solutions\/enveloppe-cadre\/#primaryimage"},"image":{"@id":"https:\/\/axialease.com\/fr\/nos-solutions\/enveloppe-cadre\/#primaryimage"},"thumbnailUrl":"https:\/\/axialease.com\/wp-content\/uploads\/2024\/10\/Enveloppe-cadre-Axialease-scaled-1.webp","datePublished":"2024-08-25T20:25:44+00:00","dateModified":"2024-10-01T13:50:00+00:00","description":"Axialease : L'enveloppe-cadre, l'outil id\u00e9al pour financer vos projets d'envergure tout en b\u00e9n\u00e9ficiant d'une grande flexibilit\u00e9 pour financer vos \u00e9quipements.","breadcrumb":{"@id":"https:\/\/axialease.com\/fr\/nos-solutions\/enveloppe-cadre\/#breadcrumb"},"inLanguage":"fr-FR","potentialAction":[{"@type":"ReadAction","target":["https:\/\/axialease.com\/fr\/nos-solutions\/enveloppe-cadre\/"]}]},{"@type":"ImageObject","inLanguage":"fr-FR","@id":"https:\/\/axialease.com\/fr\/nos-solutions\/enveloppe-cadre\/#primaryimage","url":"https:\/\/axialease.com\/wp-content\/uploads\/2024\/10\/Enveloppe-cadre-Axialease-scaled-1.webp","contentUrl":"https:\/\/axialease.com\/wp-content\/uploads\/2024\/10\/Enveloppe-cadre-Axialease-scaled-1.webp","width":1960,"height":1120},{"@type":"BreadcrumbList","@id":"https:\/\/axialease.com\/fr\/nos-solutions\/enveloppe-cadre\/#breadcrumb","itemListElement":[{"@type":"ListItem","position":1,"name":"Accueil","item":"https:\/\/axialease.com\/fr\/"},{"@type":"ListItem","position":2,"name":"Nos solutions","item":"https:\/\/axialease.com\/fr\/nos-solutions\/"},{"@type":"ListItem","position":3,"name":"Enveloppe cadre"}]},{"@type":"WebSite","@id":"https:\/\/axialease.com\/fr\/#website","url":"https:\/\/axialease.com\/fr\/","name":"Axialease","description":"","potentialAction":[{"@type":"SearchAction","target":{"@type":"EntryPoint","urlTemplate":"https:\/\/axialease.com\/fr\/?s={search_term_string}"},"query-input":{"@type":"PropertyValueSpecification","valueRequired":true,"valueName":"search_term_string"}}],"inLanguage":"fr-FR"}]}},"_links":{"self":[{"href":"https:\/\/axialease.com\/fr\/wp-json\/wp\/v2\/pages\/486","targetHints":{"allow":["GET"]}}],"collection":[{"href":"https:\/\/axialease.com\/fr\/wp-json\/wp\/v2\/pages"}],"about":[{"href":"https:\/\/axialease.com\/fr\/wp-json\/wp\/v2\/types\/page"}],"author":[{"embeddable":true,"href":"https:\/\/axialease.com\/fr\/wp-json\/wp\/v2\/users\/2"}],"replies":[{"embeddable":true,"href":"https:\/\/axialease.com\/fr\/wp-json\/wp\/v2\/comments?post=486"}],"version-history":[{"count":15,"href":"https:\/\/axialease.com\/fr\/wp-json\/wp\/v2\/pages\/486\/revisions"}],"predecessor-version":[{"id":2291,"href":"https:\/\/axialease.com\/fr\/wp-json\/wp\/v2\/pages\/486\/revisions\/2291"}],"up":[{"embeddable":true,"href":"https:\/\/axialease.com\/fr\/wp-json\/wp\/v2\/pages\/272"}],"wp:featuredmedia":[{"embeddable":true,"href":"https:\/\/axialease.com\/fr\/wp-json\/wp\/v2\/media\/2397"}],"wp:attachment":[{"href":"https:\/\/axialease.com\/fr\/wp-json\/wp\/v2\/media?parent=486"}],"curies":[{"name":"wp","href":"https:\/\/api.w.org\/{rel}","templated":true}]}}