{"id":274,"date":"2024-07-15T12:43:09","date_gmt":"2024-07-15T10:43:09","guid":{"rendered":"https:\/\/axialease.com\/?page_id=274"},"modified":"2024-10-03T10:34:39","modified_gmt":"2024-10-03T08:34:39","slug":"a-propos","status":"publish","type":"page","link":"https:\/\/axialease.com\/fr\/a-propos\/","title":{"rendered":"A propos"},"content":{"rendered":"\n<p>Au-del\u00e0 de notre expertise en mati\u00e8re de financement des entreprises et des organisations, nous sommes une entreprise riche d\u2019une histoire, de valeurs et d\u2019engagements, qui nous distinguent. Ce sont eux et nos \u00e9quipes qui ont permis de gagner la confiance de nos clients, de nos partenaires et des banques qui nous soutiennent.<\/p>\n\n\n\n<p>Ils d\u00e9terminent nos succ\u00e8s pass\u00e9s, mais surtout ceux \u00e0 venir.&nbsp;<\/p>\n\n\n\n<p>En int\u00e9grant le groupe Manuloc en 2024, nous voulons amplifier notre contribution \u00e0 un monde \u00e9conomique en plein bouleversement et notre concours aux entreprises. Elles doivent plus que jamais trouver la solution pour s\u2019adapter \u00e0 des transitions de plus en plus rapides et complexes. Elles ont l\u2019obligation de r\u00e9ussir leur transition \u00e9cologique pour nous permettre d\u2019avoir un avenir durable.&nbsp;<\/p>\n\n\n\n<p>Nous vous encourageons \u00e0 explorer notre site et \u00e0 nous contacter si vous avez des questions.<\/p>\n","protected":false},"excerpt":{"rendered":"<p>Au-del\u00e0 de notre expertise en mati\u00e8re de financement des entreprises et des organisations, nous sommes une entreprise riche d\u2019une histoire, de valeurs et d\u2019engagements, qui nous distinguent. Ce sont eux et nos \u00e9quipes qui ont permis de gagner la confiance de nos clients, de nos partenaires et des banques qui nous soutiennent. Ils d\u00e9terminent nos&hellip; <a class=\"more-link\" href=\"https:\/\/axialease.com\/fr\/a-propos\/\">Poursuivre la lecture <span class=\"screen-reader-text\">A propos<\/span><\/a><\/p>\n","protected":false},"author":1,"featured_media":2530,"parent":0,"menu_order":0,"comment_status":"closed","ping_status":"closed","template":"templates\/category.php","meta":{"footnotes":""},"class_list":["post-274","page","type-page","status-publish","has-post-thumbnail","hentry","entry"],"yoast_head":"<!-- This site is optimized with the Yoast SEO plugin v26.4-RC2 - https:\/\/yoast.com\/wordpress\/plugins\/seo\/ -->\n<title>A propos - Axialease<\/title>\n<meta name=\"description\" content=\"D\u00e9couvrez Axialease, le partenaire qui fera du leasing l&#039;\u00e9nergie de votre d\u00e9veloppement \u00e0 travers notre histoire, nos valeurs ...\" \/>\n<meta name=\"robots\" content=\"index, follow, max-snippet:-1, max-image-preview:large, max-video-preview:-1\" \/>\n<link rel=\"canonical\" href=\"https:\/\/axialease.com\/fr\/a-propos\/\" \/>\n<meta property=\"og:locale\" content=\"fr_FR\" \/>\n<meta property=\"og:type\" content=\"article\" \/>\n<meta property=\"og:title\" content=\"A propos - Axialease\" \/>\n<meta property=\"og:description\" content=\"D\u00e9couvrez Axialease, le partenaire qui fera du leasing l&#039;\u00e9nergie de votre d\u00e9veloppement \u00e0 travers notre histoire, nos valeurs ...\" \/>\n<meta property=\"og:url\" content=\"https:\/\/axialease.com\/fr\/a-propos\/\" \/>\n<meta property=\"og:site_name\" content=\"Axialease\" \/>\n<meta property=\"article:modified_time\" content=\"2024-10-03T08:34:39+00:00\" \/>\n<meta property=\"og:image\" content=\"https:\/\/axialease.com\/wp-content\/uploads\/2024\/10\/A-propos.png.webp\" \/>\n\t<meta property=\"og:image:width\" content=\"768\" \/>\n\t<meta property=\"og:image:height\" content=\"646\" \/>\n\t<meta property=\"og:image:type\" content=\"image\/webp\" \/>\n<meta name=\"twitter:card\" content=\"summary_large_image\" \/>\n<meta name=\"twitter:label1\" content=\"Dur\u00e9e de lecture estim\u00e9e\" \/>\n\t<meta name=\"twitter:data1\" content=\"1 minute\" \/>\n<script type=\"application\/ld+json\" class=\"yoast-schema-graph\">{\"@context\":\"https:\/\/schema.org\",\"@graph\":[{\"@type\":\"WebPage\",\"@id\":\"https:\/\/axialease.com\/fr\/a-propos\/\",\"url\":\"https:\/\/axialease.com\/fr\/a-propos\/\",\"name\":\"A propos - Axialease\",\"isPartOf\":{\"@id\":\"https:\/\/axialease.com\/fr\/#website\"},\"primaryImageOfPage\":{\"@id\":\"https:\/\/axialease.com\/fr\/a-propos\/#primaryimage\"},\"image\":{\"@id\":\"https:\/\/axialease.com\/fr\/a-propos\/#primaryimage\"},\"thumbnailUrl\":\"https:\/\/axialease.com\/wp-content\/uploads\/2024\/10\/A-propos.png.webp\",\"datePublished\":\"2024-07-15T10:43:09+00:00\",\"dateModified\":\"2024-10-03T08:34:39+00:00\",\"description\":\"D\u00e9couvrez Axialease, le partenaire qui fera du leasing l'\u00e9nergie de votre d\u00e9veloppement \u00e0 travers notre histoire, nos valeurs ...\",\"breadcrumb\":{\"@id\":\"https:\/\/axialease.com\/fr\/a-propos\/#breadcrumb\"},\"inLanguage\":\"fr-FR\",\"potentialAction\":[{\"@type\":\"ReadAction\",\"target\":[\"https:\/\/axialease.com\/fr\/a-propos\/\"]}]},{\"@type\":\"ImageObject\",\"inLanguage\":\"fr-FR\",\"@id\":\"https:\/\/axialease.com\/fr\/a-propos\/#primaryimage\",\"url\":\"https:\/\/axialease.com\/wp-content\/uploads\/2024\/10\/A-propos.png.webp\",\"contentUrl\":\"https:\/\/axialease.com\/wp-content\/uploads\/2024\/10\/A-propos.png.webp\",\"width\":768,\"height\":646},{\"@type\":\"BreadcrumbList\",\"@id\":\"https:\/\/axialease.com\/fr\/a-propos\/#breadcrumb\",\"itemListElement\":[{\"@type\":\"ListItem\",\"position\":1,\"name\":\"Accueil\",\"item\":\"https:\/\/axialease.com\/fr\/\"},{\"@type\":\"ListItem\",\"position\":2,\"name\":\"A propos\"}]},{\"@type\":\"WebSite\",\"@id\":\"https:\/\/axialease.com\/fr\/#website\",\"url\":\"https:\/\/axialease.com\/fr\/\",\"name\":\"Axialease\",\"description\":\"\",\"potentialAction\":[{\"@type\":\"SearchAction\",\"target\":{\"@type\":\"EntryPoint\",\"urlTemplate\":\"https:\/\/axialease.com\/fr\/?s={search_term_string}\"},\"query-input\":{\"@type\":\"PropertyValueSpecification\",\"valueRequired\":true,\"valueName\":\"search_term_string\"}}],\"inLanguage\":\"fr-FR\"}]}<\/script>\n<!-- \/ Yoast SEO plugin. -->","yoast_head_json":{"title":"A propos - Axialease","description":"D\u00e9couvrez Axialease, le partenaire qui fera du leasing l'\u00e9nergie de votre d\u00e9veloppement \u00e0 travers notre histoire, nos valeurs ...","robots":{"index":"index","follow":"follow","max-snippet":"max-snippet:-1","max-image-preview":"max-image-preview:large","max-video-preview":"max-video-preview:-1"},"canonical":"https:\/\/axialease.com\/fr\/a-propos\/","og_locale":"fr_FR","og_type":"article","og_title":"A propos - Axialease","og_description":"D\u00e9couvrez Axialease, le partenaire qui fera du leasing l'\u00e9nergie de votre d\u00e9veloppement \u00e0 travers notre histoire, nos valeurs ...","og_url":"https:\/\/axialease.com\/fr\/a-propos\/","og_site_name":"Axialease","article_modified_time":"2024-10-03T08:34:39+00:00","og_image":[{"width":768,"height":646,"url":"https:\/\/axialease.com\/wp-content\/uploads\/2024\/10\/A-propos.png.webp","type":"image\/webp"}],"twitter_card":"summary_large_image","twitter_misc":{"Dur\u00e9e de lecture estim\u00e9e":"1 minute"},"schema":{"@context":"https:\/\/schema.org","@graph":[{"@type":"WebPage","@id":"https:\/\/axialease.com\/fr\/a-propos\/","url":"https:\/\/axialease.com\/fr\/a-propos\/","name":"A propos - Axialease","isPartOf":{"@id":"https:\/\/axialease.com\/fr\/#website"},"primaryImageOfPage":{"@id":"https:\/\/axialease.com\/fr\/a-propos\/#primaryimage"},"image":{"@id":"https:\/\/axialease.com\/fr\/a-propos\/#primaryimage"},"thumbnailUrl":"https:\/\/axialease.com\/wp-content\/uploads\/2024\/10\/A-propos.png.webp","datePublished":"2024-07-15T10:43:09+00:00","dateModified":"2024-10-03T08:34:39+00:00","description":"D\u00e9couvrez Axialease, le partenaire qui fera du leasing l'\u00e9nergie de votre d\u00e9veloppement \u00e0 travers notre histoire, nos valeurs ...","breadcrumb":{"@id":"https:\/\/axialease.com\/fr\/a-propos\/#breadcrumb"},"inLanguage":"fr-FR","potentialAction":[{"@type":"ReadAction","target":["https:\/\/axialease.com\/fr\/a-propos\/"]}]},{"@type":"ImageObject","inLanguage":"fr-FR","@id":"https:\/\/axialease.com\/fr\/a-propos\/#primaryimage","url":"https:\/\/axialease.com\/wp-content\/uploads\/2024\/10\/A-propos.png.webp","contentUrl":"https:\/\/axialease.com\/wp-content\/uploads\/2024\/10\/A-propos.png.webp","width":768,"height":646},{"@type":"BreadcrumbList","@id":"https:\/\/axialease.com\/fr\/a-propos\/#breadcrumb","itemListElement":[{"@type":"ListItem","position":1,"name":"Accueil","item":"https:\/\/axialease.com\/fr\/"},{"@type":"ListItem","position":2,"name":"A propos"}]},{"@type":"WebSite","@id":"https:\/\/axialease.com\/fr\/#website","url":"https:\/\/axialease.com\/fr\/","name":"Axialease","description":"","potentialAction":[{"@type":"SearchAction","target":{"@type":"EntryPoint","urlTemplate":"https:\/\/axialease.com\/fr\/?s={search_term_string}"},"query-input":{"@type":"PropertyValueSpecification","valueRequired":true,"valueName":"search_term_string"}}],"inLanguage":"fr-FR"}]}},"_links":{"self":[{"href":"https:\/\/axialease.com\/fr\/wp-json\/wp\/v2\/pages\/274","targetHints":{"allow":["GET"]}}],"collection":[{"href":"https:\/\/axialease.com\/fr\/wp-json\/wp\/v2\/pages"}],"about":[{"href":"https:\/\/axialease.com\/fr\/wp-json\/wp\/v2\/types\/page"}],"author":[{"embeddable":true,"href":"https:\/\/axialease.com\/fr\/wp-json\/wp\/v2\/users\/1"}],"replies":[{"embeddable":true,"href":"https:\/\/axialease.com\/fr\/wp-json\/wp\/v2\/comments?post=274"}],"version-history":[{"count":2,"href":"https:\/\/axialease.com\/fr\/wp-json\/wp\/v2\/pages\/274\/revisions"}],"predecessor-version":[{"id":1330,"href":"https:\/\/axialease.com\/fr\/wp-json\/wp\/v2\/pages\/274\/revisions\/1330"}],"wp:featuredmedia":[{"embeddable":true,"href":"https:\/\/axialease.com\/fr\/wp-json\/wp\/v2\/media\/2530"}],"wp:attachment":[{"href":"https:\/\/axialease.com\/fr\/wp-json\/wp\/v2\/media?parent=274"}],"curies":[{"name":"wp","href":"https:\/\/api.w.org\/{rel}","templated":true}]}}