{"id":2618,"date":"2024-11-22T02:59:09","date_gmt":"2024-11-22T01:59:09","guid":{"rendered":"https:\/\/axialease.com\/?page_id=2618"},"modified":"2024-11-22T09:44:18","modified_gmt":"2024-11-22T08:44:18","slug":"ecovadis","status":"publish","type":"page","link":"https:\/\/axialease.com\/fr\/responsabilite-societale-rse\/ecovadis\/","title":{"rendered":"EcoVadis"},"content":{"rendered":"\n<div class=\"wp-block-columns bloc-page-texte is-layout-flex wp-container-core-columns-is-layout-9d6595d7 wp-block-columns-is-layout-flex\">\n<div class=\"wp-block-column is-layout-flow wp-block-column-is-layout-flow\">\n<p>Axialease a r\u00e9cemment obtenu la m\u00e9daille de bronze d\u00e9cern\u00e9e par EcoVadis, une plateforme mondiale d&rsquo;\u00e9valuation des performances RSE (Responsabilit\u00e9 Soci\u00e9tale des Entreprises). Cette reconnaissance place Axialease dans le top 35% des entreprises en mati\u00e8re de pratiques RSE. Cependant, cette distinction ne marque pas une finalit\u00e9 mais bien une \u00e9tape dans notre engagement vers un avenir durable.<\/p>\n<\/div>\n<\/div>\n\n\n\n<div class=\"wp-block-columns bloc-page-image is-layout-flex wp-container-core-columns-is-layout-9d6595d7 wp-block-columns-is-layout-flex\">\n<div class=\"wp-block-column is-layout-flow wp-block-column-is-layout-flow\"><div class=\"wp-block-image\">\n<figure class=\"aligncenter size-large is-resized\"><img loading=\"lazy\" decoding=\"async\" width=\"1024\" height=\"1024\" src=\"http:\/\/axialease.com\/wp-content\/uploads\/2024\/11\/Medaille-ecovadis-1024x1024.png\" alt=\"\" class=\"wp-image-2622\" style=\"width:246px;height:auto\" srcset=\"https:\/\/axialease.com\/wp-content\/uploads\/2024\/11\/Medaille-ecovadis-1024x1024.png 1024w, https:\/\/axialease.com\/wp-content\/uploads\/2024\/11\/Medaille-ecovadis-300x300.png 300w, https:\/\/axialease.com\/wp-content\/uploads\/2024\/11\/Medaille-ecovadis-150x150.png 150w, https:\/\/axialease.com\/wp-content\/uploads\/2024\/11\/Medaille-ecovadis-768x768.png 768w, https:\/\/axialease.com\/wp-content\/uploads\/2024\/11\/Medaille-ecovadis-1536x1536.png 1536w, https:\/\/axialease.com\/wp-content\/uploads\/2024\/11\/Medaille-ecovadis-1568x1568.png 1568w, https:\/\/axialease.com\/wp-content\/uploads\/2024\/11\/Medaille-ecovadis.png 1667w\" sizes=\"auto, (max-width: 1024px) 100vw, 1024px\" \/><\/figure>\n<\/div><\/div>\n<\/div>\n\n\n\n<div class=\"wp-block-columns bloc-page-texte is-layout-flex wp-container-core-columns-is-layout-9d6595d7 wp-block-columns-is-layout-flex\">\n<div class=\"wp-block-column is-layout-flow wp-block-column-is-layout-flow\">\n<h2 class=\"wp-block-heading\">Qu\u2019est-ce qu\u2019EcoVadis ?<\/h2>\n\n\n\n<p>EcoVadis est un organisme de r\u00e9f\u00e9rence dans l\u2019\u00e9valuation de la performance RSE des entreprises, bas\u00e9 sur quatre crit\u00e8res principaux :<\/p>\n\n\n\n<ul class=\"wp-block-list\">\n<li><strong>Environnement<\/strong> : gestion des \u00e9missions, de la consommation d&rsquo;\u00e9nergie et des d\u00e9chets.<\/li>\n\n\n\n<li><strong>Travail et droits humains<\/strong> : politiques en faveur du bien-\u00eatre des collaborateurs et respect des droits humains.<\/li>\n\n\n\n<li><strong>\u00c9thique<\/strong> : lutte contre la corruption et respect des normes \u00e9thiques.<\/li>\n\n\n\n<li><strong>Achats responsables<\/strong> : int\u00e9gration des crit\u00e8res durables dans la cha\u00eene d\u2019approvisionnement.<\/li>\n<\/ul>\n\n\n\n<h2 class=\"wp-block-heading\">L\u2019obtention de la m\u00e9daille de bronze<\/h2>\n\n\n\n<p>Si cette m\u00e9daille repr\u00e9sente une reconnaissance de nos efforts actuels, elle n\u2019est pas encore le reflet d\u2019un engagement pleinement accompli. Elle t\u00e9moigne de notre volont\u00e9 de transparence et de notre capacit\u00e9 \u00e0 nous soumettre \u00e0 un regard ext\u00e9rieur pour \u00e9valuer nos pratiques RSE. Cependant, notre ambition va bien au-del\u00e0.<\/p>\n\n\n\n<h2 class=\"wp-block-heading\">Une reconnaissance motivante<\/h2>\n\n\n\n<p>Axialease, \u00e0 travers son activit\u00e9, pr\u00f4ne un mod\u00e8le bas\u00e9 sur l\u2019\u00e9conomie circulaire \u2014 la location plut\u00f4t que la possession \u2014 et contribue \u00e0 la <a href=\"https:\/\/axialease.com\/fr\/secteurs\/financement-decarbonation\/\">d\u00e9carbonation<\/a> et \u00e0 l\u2019adoption de technologies vertes et d\u2019\u00e9nergies renouvelables pour toutes les entreprises.<\/p>\n\n\n\n<h2 class=\"wp-block-heading\">Nos engagements pour l\u2019avenir<\/h2>\n\n\n\n<p>La m\u00e9daille EcoVadis souligne des points de vigilance qui sont autant de leviers d&rsquo;am\u00e9lioration :<\/p>\n\n\n\n<ul class=\"wp-block-list\">\n<li><strong>Affiner nos politiques<\/strong> en mati\u00e8re de responsabilit\u00e9 soci\u00e9tale, notamment en les rendant plus pr\u00e9cises et en augmentant leur transparence.<\/li>\n\n\n\n<li><strong>Am\u00e9liorer notre suivi environnemental<\/strong> pour rendre compte de mani\u00e8re plus rigoureuse de nos actions, \u00e0 travers un reporting plus d\u00e9taill\u00e9.<\/li>\n\n\n\n<li><strong>Renforcer nos achats responsables<\/strong>, en imposant \u00e0 nos fournisseurs des crit\u00e8res environnementaux plus stricts et mieux encadr\u00e9s.<\/li>\n<\/ul>\n\n\n\n<p>Axialease prend \u00e0 c\u0153ur cette reconnaissance comme une motivation suppl\u00e9mentaire \u00e0 progresser et \u00e0 prouver qu&rsquo;en tant qu&rsquo;entreprise, nous avons un r\u00f4le central \u00e0 jouer dans la transition vers une \u00e9conomie plus verte et plus responsable. Nous ne nous arr\u00eaterons pas ici et continuerons d\u2019\u0153uvrer pour un avenir durable, pour nous, pour nos clients, et pour la plan\u00e8te.<\/p>\n<\/div>\n<\/div>\n","protected":false},"excerpt":{"rendered":"<p>Axialease a r\u00e9cemment obtenu la m\u00e9daille de bronze d\u00e9cern\u00e9e par EcoVadis, une plateforme mondiale d&rsquo;\u00e9valuation des performances RSE (Responsabilit\u00e9 Soci\u00e9tale des Entreprises). Cette reconnaissance place Axialease dans le top 35% des entreprises en mati\u00e8re de pratiques RSE. Cependant, cette distinction ne marque pas une finalit\u00e9 mais bien une \u00e9tape dans notre engagement vers un avenir&hellip; <a class=\"more-link\" href=\"https:\/\/axialease.com\/fr\/responsabilite-societale-rse\/ecovadis\/\">Poursuivre la lecture <span class=\"screen-reader-text\">EcoVadis<\/span><\/a><\/p>\n","protected":false},"author":5,"featured_media":2631,"parent":598,"menu_order":0,"comment_status":"closed","ping_status":"closed","template":"templates\/page-modele.php","meta":{"footnotes":""},"class_list":["post-2618","page","type-page","status-publish","has-post-thumbnail","hentry","entry"],"yoast_head":"<!-- This site is optimized with the Yoast SEO plugin v26.4-RC2 - https:\/\/yoast.com\/wordpress\/plugins\/seo\/ -->\n<title>EcoVadis - Axialease<\/title>\n<meta name=\"robots\" content=\"noindex, follow\" \/>\n<meta property=\"og:locale\" content=\"fr_FR\" \/>\n<meta property=\"og:type\" content=\"article\" \/>\n<meta property=\"og:title\" content=\"EcoVadis - Axialease\" \/>\n<meta property=\"og:description\" content=\"Axialease a r\u00e9cemment obtenu la m\u00e9daille de bronze d\u00e9cern\u00e9e par EcoVadis, une plateforme mondiale d&rsquo;\u00e9valuation des performances RSE (Responsabilit\u00e9 Soci\u00e9tale des Entreprises). Cette reconnaissance place Axialease dans le top 35% des entreprises en mati\u00e8re de pratiques RSE. Cependant, cette distinction ne marque pas une finalit\u00e9 mais bien une \u00e9tape dans notre engagement vers un avenir&hellip; Poursuivre la lecture EcoVadis\" \/>\n<meta property=\"og:url\" content=\"https:\/\/axialease.com\/fr\/responsabilite-societale-rse\/ecovadis\/\" \/>\n<meta property=\"og:site_name\" content=\"Axialease\" \/>\n<meta property=\"article:modified_time\" content=\"2024-11-22T08:44:18+00:00\" \/>\n<meta property=\"og:image\" content=\"https:\/\/axialease.com\/wp-content\/uploads\/2024\/11\/Pratique-responsable.webp\" \/>\n\t<meta property=\"og:image:width\" content=\"1920\" \/>\n\t<meta property=\"og:image:height\" content=\"1076\" \/>\n\t<meta property=\"og:image:type\" content=\"image\/webp\" \/>\n<meta name=\"twitter:card\" content=\"summary_large_image\" \/>\n<meta name=\"twitter:label1\" content=\"Dur\u00e9e de lecture estim\u00e9e\" \/>\n\t<meta name=\"twitter:data1\" content=\"3 minutes\" \/>\n<script type=\"application\/ld+json\" class=\"yoast-schema-graph\">{\"@context\":\"https:\/\/schema.org\",\"@graph\":[{\"@type\":\"WebPage\",\"@id\":\"https:\/\/axialease.com\/fr\/responsabilite-societale-rse\/ecovadis\/\",\"url\":\"https:\/\/axialease.com\/fr\/responsabilite-societale-rse\/ecovadis\/\",\"name\":\"EcoVadis - Axialease\",\"isPartOf\":{\"@id\":\"https:\/\/axialease.com\/fr\/#website\"},\"primaryImageOfPage\":{\"@id\":\"https:\/\/axialease.com\/fr\/responsabilite-societale-rse\/ecovadis\/#primaryimage\"},\"image\":{\"@id\":\"https:\/\/axialease.com\/fr\/responsabilite-societale-rse\/ecovadis\/#primaryimage\"},\"thumbnailUrl\":\"https:\/\/axialease.com\/wp-content\/uploads\/2024\/11\/Pratique-responsable.webp\",\"datePublished\":\"2024-11-22T01:59:09+00:00\",\"dateModified\":\"2024-11-22T08:44:18+00:00\",\"breadcrumb\":{\"@id\":\"https:\/\/axialease.com\/fr\/responsabilite-societale-rse\/ecovadis\/#breadcrumb\"},\"inLanguage\":\"fr-FR\",\"potentialAction\":[{\"@type\":\"ReadAction\",\"target\":[\"https:\/\/axialease.com\/fr\/responsabilite-societale-rse\/ecovadis\/\"]}]},{\"@type\":\"ImageObject\",\"inLanguage\":\"fr-FR\",\"@id\":\"https:\/\/axialease.com\/fr\/responsabilite-societale-rse\/ecovadis\/#primaryimage\",\"url\":\"https:\/\/axialease.com\/wp-content\/uploads\/2024\/11\/Pratique-responsable.webp\",\"contentUrl\":\"https:\/\/axialease.com\/wp-content\/uploads\/2024\/11\/Pratique-responsable.webp\",\"width\":1920,\"height\":1076},{\"@type\":\"BreadcrumbList\",\"@id\":\"https:\/\/axialease.com\/fr\/responsabilite-societale-rse\/ecovadis\/#breadcrumb\",\"itemListElement\":[{\"@type\":\"ListItem\",\"position\":1,\"name\":\"Accueil\",\"item\":\"https:\/\/axialease.com\/fr\/\"},{\"@type\":\"ListItem\",\"position\":2,\"name\":\"RSE\",\"item\":\"https:\/\/axialease.com\/fr\/responsabilite-societale-rse\/\"},{\"@type\":\"ListItem\",\"position\":3,\"name\":\"EcoVadis\"}]},{\"@type\":\"WebSite\",\"@id\":\"https:\/\/axialease.com\/fr\/#website\",\"url\":\"https:\/\/axialease.com\/fr\/\",\"name\":\"Axialease\",\"description\":\"\",\"potentialAction\":[{\"@type\":\"SearchAction\",\"target\":{\"@type\":\"EntryPoint\",\"urlTemplate\":\"https:\/\/axialease.com\/fr\/?s={search_term_string}\"},\"query-input\":{\"@type\":\"PropertyValueSpecification\",\"valueRequired\":true,\"valueName\":\"search_term_string\"}}],\"inLanguage\":\"fr-FR\"}]}<\/script>\n<!-- \/ Yoast SEO plugin. -->","yoast_head_json":{"title":"EcoVadis - Axialease","robots":{"index":"noindex","follow":"follow"},"og_locale":"fr_FR","og_type":"article","og_title":"EcoVadis - Axialease","og_description":"Axialease a r\u00e9cemment obtenu la m\u00e9daille de bronze d\u00e9cern\u00e9e par EcoVadis, une plateforme mondiale d&rsquo;\u00e9valuation des performances RSE (Responsabilit\u00e9 Soci\u00e9tale des Entreprises). Cette reconnaissance place Axialease dans le top 35% des entreprises en mati\u00e8re de pratiques RSE. Cependant, cette distinction ne marque pas une finalit\u00e9 mais bien une \u00e9tape dans notre engagement vers un avenir&hellip; Poursuivre la lecture EcoVadis","og_url":"https:\/\/axialease.com\/fr\/responsabilite-societale-rse\/ecovadis\/","og_site_name":"Axialease","article_modified_time":"2024-11-22T08:44:18+00:00","og_image":[{"width":1920,"height":1076,"url":"https:\/\/axialease.com\/wp-content\/uploads\/2024\/11\/Pratique-responsable.webp","type":"image\/webp"}],"twitter_card":"summary_large_image","twitter_misc":{"Dur\u00e9e de lecture estim\u00e9e":"3 minutes"},"schema":{"@context":"https:\/\/schema.org","@graph":[{"@type":"WebPage","@id":"https:\/\/axialease.com\/fr\/responsabilite-societale-rse\/ecovadis\/","url":"https:\/\/axialease.com\/fr\/responsabilite-societale-rse\/ecovadis\/","name":"EcoVadis - Axialease","isPartOf":{"@id":"https:\/\/axialease.com\/fr\/#website"},"primaryImageOfPage":{"@id":"https:\/\/axialease.com\/fr\/responsabilite-societale-rse\/ecovadis\/#primaryimage"},"image":{"@id":"https:\/\/axialease.com\/fr\/responsabilite-societale-rse\/ecovadis\/#primaryimage"},"thumbnailUrl":"https:\/\/axialease.com\/wp-content\/uploads\/2024\/11\/Pratique-responsable.webp","datePublished":"2024-11-22T01:59:09+00:00","dateModified":"2024-11-22T08:44:18+00:00","breadcrumb":{"@id":"https:\/\/axialease.com\/fr\/responsabilite-societale-rse\/ecovadis\/#breadcrumb"},"inLanguage":"fr-FR","potentialAction":[{"@type":"ReadAction","target":["https:\/\/axialease.com\/fr\/responsabilite-societale-rse\/ecovadis\/"]}]},{"@type":"ImageObject","inLanguage":"fr-FR","@id":"https:\/\/axialease.com\/fr\/responsabilite-societale-rse\/ecovadis\/#primaryimage","url":"https:\/\/axialease.com\/wp-content\/uploads\/2024\/11\/Pratique-responsable.webp","contentUrl":"https:\/\/axialease.com\/wp-content\/uploads\/2024\/11\/Pratique-responsable.webp","width":1920,"height":1076},{"@type":"BreadcrumbList","@id":"https:\/\/axialease.com\/fr\/responsabilite-societale-rse\/ecovadis\/#breadcrumb","itemListElement":[{"@type":"ListItem","position":1,"name":"Accueil","item":"https:\/\/axialease.com\/fr\/"},{"@type":"ListItem","position":2,"name":"RSE","item":"https:\/\/axialease.com\/fr\/responsabilite-societale-rse\/"},{"@type":"ListItem","position":3,"name":"EcoVadis"}]},{"@type":"WebSite","@id":"https:\/\/axialease.com\/fr\/#website","url":"https:\/\/axialease.com\/fr\/","name":"Axialease","description":"","potentialAction":[{"@type":"SearchAction","target":{"@type":"EntryPoint","urlTemplate":"https:\/\/axialease.com\/fr\/?s={search_term_string}"},"query-input":{"@type":"PropertyValueSpecification","valueRequired":true,"valueName":"search_term_string"}}],"inLanguage":"fr-FR"}]}},"_links":{"self":[{"href":"https:\/\/axialease.com\/fr\/wp-json\/wp\/v2\/pages\/2618","targetHints":{"allow":["GET"]}}],"collection":[{"href":"https:\/\/axialease.com\/fr\/wp-json\/wp\/v2\/pages"}],"about":[{"href":"https:\/\/axialease.com\/fr\/wp-json\/wp\/v2\/types\/page"}],"author":[{"embeddable":true,"href":"https:\/\/axialease.com\/fr\/wp-json\/wp\/v2\/users\/5"}],"replies":[{"embeddable":true,"href":"https:\/\/axialease.com\/fr\/wp-json\/wp\/v2\/comments?post=2618"}],"version-history":[{"count":3,"href":"https:\/\/axialease.com\/fr\/wp-json\/wp\/v2\/pages\/2618\/revisions"}],"predecessor-version":[{"id":2626,"href":"https:\/\/axialease.com\/fr\/wp-json\/wp\/v2\/pages\/2618\/revisions\/2626"}],"up":[{"embeddable":true,"href":"https:\/\/axialease.com\/fr\/wp-json\/wp\/v2\/pages\/598"}],"wp:featuredmedia":[{"embeddable":true,"href":"https:\/\/axialease.com\/fr\/wp-json\/wp\/v2\/media\/2631"}],"wp:attachment":[{"href":"https:\/\/axialease.com\/fr\/wp-json\/wp\/v2\/media?parent=2618"}],"curies":[{"name":"wp","href":"https:\/\/api.w.org\/{rel}","templated":true}]}}